{"id":4151,"date":"2017-05-29T22:56:34","date_gmt":"2017-05-29T22:56:34","guid":{"rendered":"http:\/\/testweb.v2s.us\/about-us\/"},"modified":"2025-03-21T15:51:15","modified_gmt":"2025-03-21T15:51:15","slug":"about-us","status":"publish","type":"page","link":"https:\/\/www.v2s.us\/en\/about-us\/","title":{"rendered":"About us"},"content":{"rendered":"<section class=\"wpb-content-wrapper\"><p>[vc_row][vc_column][vc_row_inner 0=&#8221;&#8221; css=&#8221;.vc_custom_1499157632767{margin-top: 50px !important;margin-bottom: 50px !important;}&#8221; el_class=&#8221;container&#8221;][vc_column_inner css=&#8221;.vc_custom_1486561683026{padding-left: 0px !important;}&#8221;][vc_custom_heading text=&#8221;Value to Serve&#8221; font_container=&#8221;tag:h2|text_align:center&#8221; use_theme_fonts=&#8221;yes&#8221;][vc_separator color=&#8221;custom&#8221; border_width=&#8221;2&#8243; el_width=&#8221;10&#8243;][vc_custom_heading text=&#8221;Founded in 2006, V2S Corporation is a multinational which offers Infrastructure and Application services to all sectors. We are experts in Innovative Virtualization Solutions as a response to solve the current challenges in Digital Transformation.<br \/>\nOur personalized solutions and our knowledge about the different sectors are our main differentiators. We&#8217;ve been auditing, designing, deploying and managing the most advanced virtualization solutions for years. Our services are framed within professionalism, precision, innovation and quality. V2S Corporation operates globally developing projects in different countries. We have offices and staff in Europe, Africa and Latin America. Although our operations are widespread, our focus is to operate as a global multinational company, centered in the service quality. We use the same methodology and approach where we offer our services, adapting, at the same time, to local challenges.&#8221; font_container=&#8221;tag:p|font_size:18|text_align:center|line_height:1.4&#8243; use_theme_fonts=&#8221;yes&#8221;][vc_custom_heading text=&#8221;Mission&#8221; font_container=&#8221;tag:h2|text_align:center&#8221; use_theme_fonts=&#8221;yes&#8221;][vc_custom_heading text=&#8221;Add Value to our clients on their Digital Transformation process&#8221; font_container=&#8221;tag:p|font_size:18|text_align:center|line_height:1.4&#8243; use_theme_fonts=&#8221;yes&#8221; css=&#8221;.vc_custom_1522084174530{margin-top: 50px !important;margin-bottom: 50px !important;}&#8221;][vc_custom_heading text=&#8221;Vision&#8221; font_container=&#8221;tag:h2|text_align:center&#8221; use_theme_fonts=&#8221;yes&#8221;][vc_custom_heading text=&#8221;To be recognized worldwide as an Infrastructure and Application services provider, regardless of the hardware and software manufacturer, thanks to our ability to achieve tangible results with quality, innovation and commitment. A great company that attracts the best professionals.&#8221; font_container=&#8221;tag:p|font_size:18|text_align:center|line_height:1.4&#8243; use_theme_fonts=&#8221;yes&#8221; css=&#8221;.vc_custom_1522084211591{margin-top: 50px !important;margin-bottom: 50px !important;}&#8221;][vc_custom_heading text=&#8221;Values&#8221; font_container=&#8221;tag:h2|text_align:center&#8221; use_theme_fonts=&#8221;yes&#8221; css=&#8221;.vc_custom_1522084304510{margin-top: 100px !important;}&#8221;][\/vc_column_inner][\/vc_row_inner][vc_row_inner css=&#8221;.vc_custom_1499157642265{margin-top: 50px !important;}&#8221; el_class=&#8221;container&#8221;][vc_column_inner width=&#8221;1\/4&#8243;]<div class=\"kd_pie_chart  \" data-animation-delay=400><span class=\"kd_chart\" data-bar-color=\"#26a9e0\"  data-line-width=\"2\" data-percent=\"100\"><span class=\"pc_percent_container\"><span class=\"pc_percent\"><\/span>%<\/span><\/span><h4 class=\"kd_pc_title\" >One team<\/h4><\/div>[\/vc_column_inner][vc_column_inner width=&#8221;1\/4&#8243;]<div class=\"kd_pie_chart  \" data-animation-delay=400><span class=\"kd_chart\" data-bar-color=\"#26a9e0\"  data-line-width=\"2\" data-percent=\"100\"><span class=\"pc_percent_container\"><span class=\"pc_percent\"><\/span>%<\/span><\/span><h4 class=\"kd_pc_title\" >Commitment<\/h4><\/div>[\/vc_column_inner][vc_column_inner width=&#8221;1\/4&#8243;]<div class=\"kd_pie_chart  \" data-animation-delay=400><span class=\"kd_chart\" data-bar-color=\"#26a9e0\"  data-line-width=\"2\" data-percent=\"100\"><span class=\"pc_percent_container\"><span class=\"pc_percent\"><\/span>%<\/span><\/span><h4 class=\"kd_pc_title\" >Integrity<\/h4><\/div>[\/vc_column_inner][vc_column_inner width=&#8221;1\/4&#8243;]<div class=\"kd_pie_chart  \" data-animation-delay=400><span class=\"kd_chart\" data-bar-color=\"#26a9e0\"  data-line-width=\"2\" data-percent=\"100\"><span class=\"pc_percent_container\"><span class=\"pc_percent\"><\/span>%<\/span><\/span><h4 class=\"kd_pc_title\" >Innovation<\/h4><\/div>[\/vc_column_inner][\/vc_row_inner][\/vc_column][\/vc_row][vc_row el_class=&#8221;container&#8221;][vc_column][vc_custom_heading text=&#8221;Why V2S?&#8221; font_container=&#8221;tag:h2|text_align:center&#8221; use_theme_fonts=&#8221;yes&#8221; css=&#8221;.vc_custom_1522084315319{margin-top: 100px !important;}&#8221;][\/vc_column][\/vc_row][vc_row css=&#8221;.vc_custom_1488222121121{margin-top: 100px !important;margin-bottom: 100px !important;}&#8221; el_class=&#8221;container&#8221;][vc_column]\r\n            <div class=\"kd-process-steps process_three_elem \">\r\n                <ul>\r\n                <li>\r\n                    <div class=\"pss-container kd-animated fadeInUp \" ><div class=\"pss-img-area\" style=\"background-color: ;\"><div class=\"process-customimg\"><img width=\"68\" height=\"68\" src=\"https:\/\/www.v2s.us\/wp-content\/uploads\/2017\/05\/Nosotros_ROI.png\" class=\"attachment-full\" alt=\"\" loading=\"lazy\" title=\"Nosotros_ROI\" \/><\/div><\/div>\r\n                        <div class=\"pss-text-area\">\r\n                            <h4 >Accelerate your ROI<\/h4>\r\n                            <p >We shorten the time to market solutions thanks to our proven methodologies<\/p><\/div>\r\n                    <\/div>\r\n                <\/li>\r\n                <li>\r\n                    <div class=\"pss-container kd-animated fadeInUp \" data-animation-delay=200><div class=\"pss-img-area\" style=\"background-color: ;\"><div class=\"process-customimg\"><img width=\"84\" height=\"56\" src=\"https:\/\/www.v2s.us\/wp-content\/uploads\/2017\/05\/Nosotros_personas.png\" class=\"attachment-full\" alt=\"\" loading=\"lazy\" title=\"Nosotros_personas\" \/><\/div><\/div>\r\n                        <div class=\"pss-text-area\">\r\n                            <h4 >Expert and Trustworthy People<\/h4>\r\n                            <p >Our DNA training and certified professionals as well as the quality of our projects support us<\/p><\/div>\r\n                    <\/div>\r\n                <\/li>\r\n                <li>\r\n                    <div class=\"pss-container kd-animated fadeInUp \" data-animation-delay=400><div class=\"pss-img-area\" style=\"background-color: ;\"><div class=\"process-customimg\"><img width=\"76\" height=\"76\" src=\"https:\/\/www.v2s.us\/wp-content\/uploads\/2017\/05\/Nosotros_Global.png\" class=\"attachment-full\" alt=\"\" loading=\"lazy\" title=\"Nosotros_Global\" \/><\/div><\/div>\r\n                        <div class=\"pss-text-area\">\r\n                            <h4 >Global Reach, Local Presence<\/h4>\r\n                            <p >We combine the best of both global and local world, to offer a personalized service with wide coverage<\/p><\/div>\r\n                    <\/div>\r\n                <\/li><\/ul>\r\n            <\/div>[\/vc_column][\/vc_row][vc_row css=&#8221;.vc_custom_1496142872441{padding-bottom: 35px !important;background-color: #ffffff !important;}&#8221;][vc_column]<div class=\"kd-calltoaction icon_browser \" style=\"background-color: #26a9e0;\">\n                <div class=\"container\"><div class=\"cta-icon\"><i class=\"iconsmind-Add-File fa\" style=\" \"><\/i> <\/div><div class=\"cta-text\">\n                        <h3 style=\"color: #ffffff;\">Please contact us to learn more about V2S<\/h3>\n                        <p ><\/p>\n                    <\/div>\n                    <div class=\"cta-btncontainer\">\n                        <a href=\"mailto:contact@v2s.us\" target=\"_blank\" title=\"Drop us a line\" class=\"tt_button tt_secondary_button kd-animated zoomIn\" data-animation-delay=\"200\">Drop us a line<\/a>\n                    <\/div>\n                <\/div>\n            <\/div>[\/vc_column][\/vc_row][vc_row css=&#8221;.vc_custom_1505817107374{margin-top: 50px !important;margin-bottom: 50px !important;}&#8221;][vc_column][vc_custom_heading text=&#8221;Management Team&#8221; font_container=&#8221;tag:h2|text_align:center&#8221; use_theme_fonts=&#8221;yes&#8221;][vc_custom_heading text=&#8221;Somos un equipo de profesionales de distintos \u00e1mbitos y pa\u00edses con una pasi\u00f3n com\u00fan por la tecnolog\u00eda y por resolver los retos de nuestros clientes.&#8221; font_container=&#8221;tag:p|font_size:18|text_align:center|line_height:1.4&#8243; use_theme_fonts=&#8221;yes&#8221; css=&#8221;.vc_custom_1508334584155{margin-top: 50px !important;margin-bottom: 50px !important;}&#8221;][vc_row_inner el_class=&#8221;container&#8221; css=&#8221;.vc_custom_1505817265752{margin-top: 50px !important;margin-bottom: 50px !important;}&#8221;][vc_column_inner width=&#8221;1\/3&#8243;]<div class=\"team-member kd-animated fadeInUp \" data-animation-delay=200>\r\n                    <div class=\"team-content\">\r\n                        <div class=\"team-image\"><img width=\"530\" height=\"620\" src=\"https:\/\/www.v2s.us\/wp-content\/uploads\/2017\/05\/gon\u00e7alo-CORES-2.jpg\" class=\"attachment-full\" alt=\"\" loading=\"lazy\" title=\"gon\u00e7alo CORES 2\" srcset=\"https:\/\/www.v2s.us\/wp-content\/uploads\/2017\/05\/gon\u00e7alo-CORES-2.jpg 530w, https:\/\/www.v2s.us\/wp-content\/uploads\/2017\/05\/gon\u00e7alo-CORES-2-256x300.jpg 256w\" sizes=\"(max-width: 530px) 100vw, 530px\" \/>\r\n                        <div class=\"team-content-hover\">\r\n                        <h5 >Gon\u00e7alo Rosa<\/h5><span class=\"team-subtitle\" >CEO V2S Corporation<\/span>\r\n                        <p ><\/p>\r\n                        <div class=\"team-socials\"><a href=\"http:\/\/linkedin.com\/in\/goncalo-rosa-199ba412\" target=\"_blank\" title=\"\"><span class=\"fa fa-linkedin\" ><\/span><\/a><\/div>\r\n                    <\/div><\/div>\r\n                    <\/div>\r\n                <\/div>[\/vc_column_inner][vc_column_inner width=&#8221;1\/3&#8243;]<div class=\"team-member kd-animated fadeInUp \" >\r\n                    <div class=\"team-content\">\r\n                        <div class=\"team-image\"><img width=\"530\" height=\"620\" src=\"https:\/\/www.v2s.us\/wp-content\/uploads\/2017\/02\/Paulo-Asseiceiro.jpeg\" class=\"attachment-full\" alt=\"\" loading=\"lazy\" title=\"Paulo Asseiceiro\" srcset=\"https:\/\/www.v2s.us\/wp-content\/uploads\/2017\/02\/Paulo-Asseiceiro.jpeg 530w, https:\/\/www.v2s.us\/wp-content\/uploads\/2017\/02\/Paulo-Asseiceiro-256x300.jpeg 256w\" sizes=\"(max-width: 530px) 100vw, 530px\" \/>\r\n                        <div class=\"team-content-hover\">\r\n                        <h5 >Paulo Asseiceiro<\/h5><span class=\"team-subtitle\" >VP Sales and V2S Colombia Country Manager<\/span>\r\n                        <p ><\/p>\r\n                        <div class=\"team-socials\"><a href=\"http:\/\/linkedin.com\/in\/paulo-asseiceiro-8b6554\" target=\"_blank\" title=\"\"><span class=\"fa fa-linkedin\" ><\/span><\/a><\/div>\r\n                    <\/div><\/div>\r\n                    <\/div>\r\n                <\/div>[\/vc_column_inner][vc_column_inner width=&#8221;1\/3&#8243;]<div class=\"team-member kd-animated fadeInUp \" data-animation-delay=400>\r\n                    <div class=\"team-content\">\r\n                        <div class=\"team-image\"><img width=\"530\" height=\"620\" src=\"https:\/\/www.v2s.us\/wp-content\/uploads\/2017\/05\/angel-web.jpg\" class=\"attachment-full\" alt=\"\" loading=\"lazy\" title=\"angel-web\" srcset=\"https:\/\/www.v2s.us\/wp-content\/uploads\/2017\/05\/angel-web.jpg 530w, https:\/\/www.v2s.us\/wp-content\/uploads\/2017\/05\/angel-web-256x300.jpg 256w\" sizes=\"(max-width: 530px) 100vw, 530px\" \/>\r\n                        <div class=\"team-content-hover\">\r\n                        <h5 >Angel Gimenez<\/h5><span class=\"team-subtitle\" >V2S Spain Country Manager<\/span>\r\n                        <p ><\/p>\r\n                        <div class=\"team-socials\"><a href=\"http:\/\/linkedin.com\/in\/angelgimenez\" target=\"_blank\" title=\"\"><span class=\"fa fa-linkedin\" ><\/span><\/a><\/div>\r\n                    <\/div><\/div>\r\n                    <\/div>\r\n                <\/div>[\/vc_column_inner][\/vc_row_inner][\/vc_column][\/vc_row][vc_row css=&#8221;.vc_custom_1496142872441{padding-bottom: 35px !important;background-color: #ffffff !important;}&#8221;][vc_column]<div class=\"kd-calltoaction no_icon \" style=\"background-color: #26a9e0;\">\n                <div class=\"container\"><div class=\"cta-text\">\n                        <h3 style=\"color: #ffffff;\">Would you like to join our team?<\/h3>\n                        <p ><\/p>\n                    <\/div>\n                    <div class=\"cta-btncontainer\">\n                        <a href=\"https:\/\/v2s.us\/en\/home\/about-us\/join-us\/\"  title=\"\" class=\"tt_button tt_secondary_button kd-animated zoomIn\" data-animation-delay=\"200\">Join us<\/a>\n                    <\/div>\n                <\/div>\n            <\/div>[\/vc_column][\/vc_row]<\/p>\n<\/section>","protected":false},"excerpt":{"rendered":"<p>[vc_row][vc_column][vc_row_inner 0=&#8221;&#8221; css=&#8221;.vc_custom_1499157632767{margin-top: 50px !important;margin-bottom: 50px !important;}&#8221; el_class=&#8221;container&#8221;][vc_column_inner css=&#8221;.vc_custom_1486561683026{padding-left: 0px !important;}&#8221;][vc_custom_heading text=&#8221;Value to Serve&#8221; font_container=&#8221;tag:h2|text_align:center&#8221; use_theme_fonts=&#8221;yes&#8221;][vc_separator color=&#8221;custom&#8221; border_width=&#8221;2&#8243; el_width=&#8221;10&#8243;][vc_custom_heading text=&#8221;Founded in 2006, V2S [&hellip;]<\/p>\n","protected":false},"author":1,"featured_media":5425,"parent":0,"menu_order":0,"comment_status":"closed","ping_status":"closed","template":"","meta":{"_mi_skip_tracking":false},"yoast_head":"<!-- This site is optimized with the Yoast SEO plugin v19.8 - https:\/\/yoast.com\/wordpress\/plugins\/seo\/ -->\n<title>About us - V2S Corporation<\/title>\n<meta name=\"robots\" content=\"index, follow, max-snippet:-1, max-image-preview:large, max-video-preview:-1\" \/>\n<link rel=\"canonical\" href=\"https:\/\/www.v2s.us\/en\/about-us\/\" \/>\n<meta property=\"og:locale\" content=\"en_US\" \/>\n<meta property=\"og:type\" content=\"article\" \/>\n<meta property=\"og:title\" content=\"About us - V2S Corporation\" \/>\n<meta property=\"og:description\" content=\"[vc_row][vc_column][vc_row_inner 0=&#8221;&#8221; css=&#8221;.vc_custom_1499157632767{margin-top: 50px !important;margin-bottom: 50px !important;}&#8221; el_class=&#8221;container&#8221;][vc_column_inner css=&#8221;.vc_custom_1486561683026{padding-left: 0px !important;}&#8221;][vc_custom_heading text=&#8221;Value to Serve&#8221; font_container=&#8221;tag:h2|text_align:center&#8221; use_theme_fonts=&#8221;yes&#8221;][vc_separator color=&#8221;custom&#8221; border_width=&#8221;2&#8243; el_width=&#8221;10&#8243;][vc_custom_heading text=&#8221;Founded in 2006, V2S [&hellip;]\" \/>\n<meta property=\"og:url\" content=\"https:\/\/www.v2s.us\/en\/about-us\/\" \/>\n<meta property=\"og:site_name\" content=\"V2S Corporation\" \/>\n<meta property=\"article:modified_time\" content=\"2025-03-21T15:51:15+00:00\" \/>\n<meta property=\"og:image\" content=\"http:\/\/www.v2s.us\/wp-content\/uploads\/2021\/12\/v2s-sobre-nosotros.jpg\" \/>\n\t<meta property=\"og:image:width\" content=\"1920\" \/>\n\t<meta property=\"og:image:height\" content=\"1080\" \/>\n\t<meta property=\"og:image:type\" content=\"image\/jpeg\" \/>\n<meta name=\"twitter:card\" content=\"summary_large_image\" \/>\n<meta name=\"twitter:label1\" content=\"Est. reading time\" \/>\n\t<meta name=\"twitter:data1\" content=\"3 minutes\" \/>\n<script type=\"application\/ld+json\" class=\"yoast-schema-graph\">{\"@context\":\"https:\/\/schema.org\",\"@graph\":[{\"@type\":\"WebPage\",\"@id\":\"https:\/\/www.v2s.us\/en\/about-us\/\",\"url\":\"https:\/\/www.v2s.us\/en\/about-us\/\",\"name\":\"About us - V2S Corporation\",\"isPartOf\":{\"@id\":\"https:\/\/www.v2s.us\/#website\"},\"datePublished\":\"2017-05-29T22:56:34+00:00\",\"dateModified\":\"2025-03-21T15:51:15+00:00\",\"breadcrumb\":{\"@id\":\"https:\/\/www.v2s.us\/en\/about-us\/#breadcrumb\"},\"inLanguage\":\"en-US\",\"potentialAction\":[{\"@type\":\"ReadAction\",\"target\":[\"https:\/\/www.v2s.us\/en\/about-us\/\"]}]},{\"@type\":\"BreadcrumbList\",\"@id\":\"https:\/\/www.v2s.us\/en\/about-us\/#breadcrumb\",\"itemListElement\":[{\"@type\":\"ListItem\",\"position\":1,\"name\":\"Home\",\"item\":\"https:\/\/www.v2s.us\/en\/\"},{\"@type\":\"ListItem\",\"position\":2,\"name\":\"About us\"}]},{\"@type\":\"WebSite\",\"@id\":\"https:\/\/www.v2s.us\/#website\",\"url\":\"https:\/\/www.v2s.us\/\",\"name\":\"V2S Corporation\",\"description\":\"Add value to Digital Transformation\",\"potentialAction\":[{\"@type\":\"SearchAction\",\"target\":{\"@type\":\"EntryPoint\",\"urlTemplate\":\"https:\/\/www.v2s.us\/?s={search_term_string}\"},\"query-input\":\"required name=search_term_string\"}],\"inLanguage\":\"en-US\"}]}<\/script>\n<!-- \/ Yoast SEO plugin. -->","yoast_head_json":{"title":"About us - V2S Corporation","robots":{"index":"index","follow":"follow","max-snippet":"max-snippet:-1","max-image-preview":"max-image-preview:large","max-video-preview":"max-video-preview:-1"},"canonical":"https:\/\/www.v2s.us\/en\/about-us\/","og_locale":"en_US","og_type":"article","og_title":"About us - V2S Corporation","og_description":"[vc_row][vc_column][vc_row_inner 0=&#8221;&#8221; css=&#8221;.vc_custom_1499157632767{margin-top: 50px !important;margin-bottom: 50px !important;}&#8221; el_class=&#8221;container&#8221;][vc_column_inner css=&#8221;.vc_custom_1486561683026{padding-left: 0px !important;}&#8221;][vc_custom_heading text=&#8221;Value to Serve&#8221; font_container=&#8221;tag:h2|text_align:center&#8221; use_theme_fonts=&#8221;yes&#8221;][vc_separator color=&#8221;custom&#8221; border_width=&#8221;2&#8243; el_width=&#8221;10&#8243;][vc_custom_heading text=&#8221;Founded in 2006, V2S [&hellip;]","og_url":"https:\/\/www.v2s.us\/en\/about-us\/","og_site_name":"V2S Corporation","article_modified_time":"2025-03-21T15:51:15+00:00","og_image":[{"width":1920,"height":1080,"url":"http:\/\/www.v2s.us\/wp-content\/uploads\/2021\/12\/v2s-sobre-nosotros.jpg","type":"image\/jpeg"}],"twitter_card":"summary_large_image","twitter_misc":{"Est. reading time":"3 minutes"},"schema":{"@context":"https:\/\/schema.org","@graph":[{"@type":"WebPage","@id":"https:\/\/www.v2s.us\/en\/about-us\/","url":"https:\/\/www.v2s.us\/en\/about-us\/","name":"About us - V2S Corporation","isPartOf":{"@id":"https:\/\/www.v2s.us\/#website"},"datePublished":"2017-05-29T22:56:34+00:00","dateModified":"2025-03-21T15:51:15+00:00","breadcrumb":{"@id":"https:\/\/www.v2s.us\/en\/about-us\/#breadcrumb"},"inLanguage":"en-US","potentialAction":[{"@type":"ReadAction","target":["https:\/\/www.v2s.us\/en\/about-us\/"]}]},{"@type":"BreadcrumbList","@id":"https:\/\/www.v2s.us\/en\/about-us\/#breadcrumb","itemListElement":[{"@type":"ListItem","position":1,"name":"Home","item":"https:\/\/www.v2s.us\/en\/"},{"@type":"ListItem","position":2,"name":"About us"}]},{"@type":"WebSite","@id":"https:\/\/www.v2s.us\/#website","url":"https:\/\/www.v2s.us\/","name":"V2S Corporation","description":"Add value to Digital Transformation","potentialAction":[{"@type":"SearchAction","target":{"@type":"EntryPoint","urlTemplate":"https:\/\/www.v2s.us\/?s={search_term_string}"},"query-input":"required name=search_term_string"}],"inLanguage":"en-US"}]}},"_links":{"self":[{"href":"https:\/\/www.v2s.us\/en\/wp-json\/wp\/v2\/pages\/4151\/"}],"collection":[{"href":"https:\/\/www.v2s.us\/en\/wp-json\/wp\/v2\/pages\/"}],"about":[{"href":"https:\/\/www.v2s.us\/en\/wp-json\/wp\/v2\/types\/page\/"}],"author":[{"embeddable":true,"href":"https:\/\/www.v2s.us\/en\/wp-json\/wp\/v2\/users\/1\/"}],"replies":[{"embeddable":true,"href":"https:\/\/www.v2s.us\/en\/wp-json\/wp\/v2\/comments\/?post=4151"}],"version-history":[{"count":12,"href":"https:\/\/www.v2s.us\/en\/wp-json\/wp\/v2\/pages\/4151\/revisions\/"}],"predecessor-version":[{"id":5468,"href":"https:\/\/www.v2s.us\/en\/wp-json\/wp\/v2\/pages\/4151\/revisions\/5468\/"}],"wp:featuredmedia":[{"embeddable":true,"href":"https:\/\/www.v2s.us\/en\/wp-json\/wp\/v2\/media\/5425\/"}],"wp:attachment":[{"href":"https:\/\/www.v2s.us\/en\/wp-json\/wp\/v2\/media\/?parent=4151"}],"curies":[{"name":"wp","href":"https:\/\/api.w.org\/{rel}","templated":true}]}}