{"id":5056,"date":"2018-11-26T21:37:17","date_gmt":"2018-11-26T21:37:17","guid":{"rendered":"https:\/\/www.v2s.us\/sobre-nos\/"},"modified":"2018-11-26T23:10:31","modified_gmt":"2018-11-26T23:10:31","slug":"nos","status":"publish","type":"page","link":"https:\/\/www.v2s.us\/pt-br\/nos\/","title":{"rendered":"N\u00f3s"},"content":{"rendered":"<section class=\"wpb-content-wrapper\"><p>[vc_row][vc_column][vc_row_inner css=&#8221;.vc_custom_1499157632767{margin-top: 50px !important;margin-bottom: 50px !important;}&#8221; el_class=&#8221;container&#8221;][vc_column_inner css=&#8221;.vc_custom_1486561683026{padding-left: 0px !important;}&#8221;][vc_custom_heading text=&#8221;Value to Serve&#8221; font_container=&#8221;tag:h2|text_align:center&#8221; use_theme_fonts=&#8221;yes&#8221;][vc_separator color=&#8221;custom&#8221; border_width=&#8221;2&#8243; el_width=&#8221;10&#8243;][vc_custom_heading text=&#8221;Fundada em 2006, a V2S Corporation \u00e9 uma multinacional de Servi\u00e7os de Infra-estrutura e Aplica\u00e7\u00f5es para todos os setores e ind\u00fastrias. Somos especialistas em solu\u00e7\u00f5es inovadoras de virtualiza\u00e7\u00e3o em resposta aos desafios atuais da Transforma\u00e7\u00e3o Digital. Nossas solu\u00e7\u00f5es personalizadas e o conhecimento dos diferentes setores s\u00e3o nossos principais diferenciadores. N\u00f3s estamos auditando, projetando, implementando e gerenciando as solu\u00e7\u00f5es de virtualiza\u00e7\u00e3o mais avan\u00e7adas h\u00e1 anos. Nossos servi\u00e7os s\u00e3o enquadrados no profissionalismo, precis\u00e3o, inova\u00e7\u00e3o e qualidade. A V2S Corporation opera projetos de desenvolvimento global em diferentes pa\u00edses. Temos escrit\u00f3rios e funcion\u00e1rios na Europa, \u00c1frica e Am\u00e9rica Latina. Embora nossas opera\u00e7\u00f5es estejam muito difundidas, nosso foco \u00e9 operar como uma empresa multinacional global focada na qualidade do servi\u00e7o. A mesma metodologia e abordagem est\u00e3o presentes onde oferecemos nossos servi\u00e7os, adaptando-se ao mesmo tempo, aos desafios locais.&#8221; font_container=&#8221;tag:p|font_size:18|text_align:center|line_height:1.4&#8243; use_theme_fonts=&#8221;yes&#8221;][vc_custom_heading text=&#8221;Miss\u00e3o&#8221; font_container=&#8221;tag:h2|text_align:center&#8221; use_theme_fonts=&#8221;yes&#8221;][vc_custom_heading text=&#8221;Adicionar valor aos nossos clientes no processo de Transforma\u00e7\u00e3o Digital&#8221; font_container=&#8221;tag:p|font_size:18|text_align:center|line_height:1.4&#8243; use_theme_fonts=&#8221;yes&#8221; css=&#8221;.vc_custom_1499157806724{margin-top: 50px !important;margin-bottom: 50px !important;}&#8221;][vc_custom_heading text=&#8221;Vis\u00e3o&#8221; font_container=&#8221;tag:h2|text_align:center&#8221; use_theme_fonts=&#8221;yes&#8221;][vc_custom_heading text=&#8221;Para ser reconhecido mundialmente como um fornecedor de servi\u00e7os de Infra-estrutura e Aplica\u00e7\u00f5es, independentemente do fabricante de hardware e software, gra\u00e7as \u00e0 nossa capacidade de obter resultados tang\u00edveis com qualidade, inova\u00e7\u00e3o e compromisso. Uma \u00f3tima empresa que atrai os melhores profissionais.&#8221; font_container=&#8221;tag:p|font_size:18|text_align:center|line_height:1.4&#8243; use_theme_fonts=&#8221;yes&#8221; css=&#8221;.vc_custom_1499157712012{margin-top: 50px !important;margin-bottom: 50px !important;}&#8221;][vc_custom_heading text=&#8221;Valores&#8221; font_container=&#8221;tag:h2|text_align:center&#8221; use_theme_fonts=&#8221;yes&#8221; css=&#8221;.vc_custom_1497434507203{margin-top: 100px !important;}&#8221;][\/vc_column_inner][\/vc_row_inner][vc_row_inner css=&#8221;.vc_custom_1499157642265{margin-top: 50px !important;}&#8221; el_class=&#8221;container&#8221;][vc_column_inner width=&#8221;1\/4&#8243;]<div class=\"kd_pie_chart  \" data-animation-delay=400><span class=\"kd_chart\" data-bar-color=\"#26a9e0\"  data-line-width=\"2\" data-percent=\"100\"><span class=\"pc_percent_container\"><span class=\"pc_percent\"><\/span>%<\/span><\/span><h4 class=\"kd_pc_title\" >Uma equipe<\/h4><\/div>[\/vc_column_inner][vc_column_inner width=&#8221;1\/4&#8243;]<div class=\"kd_pie_chart  \" data-animation-delay=400><span class=\"kd_chart\" data-bar-color=\"#26a9e0\"  data-line-width=\"2\" data-percent=\"100\"><span class=\"pc_percent_container\"><span class=\"pc_percent\"><\/span>%<\/span><\/span><h4 class=\"kd_pc_title\" >Compromisso<\/h4><\/div>[\/vc_column_inner][vc_column_inner width=&#8221;1\/4&#8243;]<div class=\"kd_pie_chart  \" data-animation-delay=400><span class=\"kd_chart\" data-bar-color=\"#26a9e0\"  data-line-width=\"2\" data-percent=\"100\"><span class=\"pc_percent_container\"><span class=\"pc_percent\"><\/span>%<\/span><\/span><h4 class=\"kd_pc_title\" >Integridade<\/h4><\/div>[\/vc_column_inner][vc_column_inner width=&#8221;1\/4&#8243;]<div class=\"kd_pie_chart  \" data-animation-delay=400><span class=\"kd_chart\" data-bar-color=\"#26a9e0\"  data-line-width=\"2\" data-percent=\"100\"><span class=\"pc_percent_container\"><span class=\"pc_percent\"><\/span>%<\/span><\/span><h4 class=\"kd_pc_title\" >Inova\u00e7\u00e3o<\/h4><\/div>[\/vc_column_inner][\/vc_row_inner][\/vc_column][\/vc_row][vc_row el_class=&#8221;container&#8221;][vc_column][vc_custom_heading text=&#8221;Porqu\u00ea a V2S?&#8221; font_container=&#8221;tag:h2|text_align:center&#8221; use_theme_fonts=&#8221;yes&#8221; css=&#8221;.vc_custom_1497434893873{margin-top: 100px !important;}&#8221;][\/vc_column][\/vc_row][vc_row css=&#8221;.vc_custom_1488222121121{margin-top: 100px !important;margin-bottom: 100px !important;}&#8221; el_class=&#8221;container&#8221;][vc_column]\r\n            <div class=\"kd-process-steps process_three_elem \">\r\n                <ul>\r\n                <li>\r\n                    <div class=\"pss-container kd-animated fadeInUp \" ><div class=\"pss-img-area\" style=\"background-color: ;\"><div class=\"process-customimg\"><img width=\"68\" height=\"68\" src=\"https:\/\/www.v2s.us\/wp-content\/uploads\/2017\/05\/Nosotros_ROI.png\" class=\"attachment-full\" alt=\"\" loading=\"lazy\" title=\"Nosotros_ROI\" \/><\/div><\/div>\r\n                        <div class=\"pss-text-area\">\r\n                            <h4 >Acelere seu ROI <\/h4>\r\n                            <p >N\u00f3s encurtamos as solu\u00e7\u00f5es de tempo para mercado gra\u00e7as \u00e0s nossas metodologias comprovadas<\/p><\/div>\r\n                    <\/div>\r\n                <\/li>\r\n                <li>\r\n                    <div class=\"pss-container kd-animated fadeInUp \" data-animation-delay=200><div class=\"pss-img-area\" style=\"background-color: ;\"><div class=\"process-customimg\"><img width=\"84\" height=\"56\" src=\"https:\/\/www.v2s.us\/wp-content\/uploads\/2017\/05\/Nosotros_personas.png\" class=\"attachment-full\" alt=\"\" loading=\"lazy\" title=\"Nosotros_personas\" \/><\/div><\/div>\r\n                        <div class=\"pss-text-area\">\r\n                            <h4 >Pessoas experientes e confiantes<\/h4>\r\n                            <p >Nossos profissionais de treinamento e certifica\u00e7\u00e3o da DNA, bem como a qualidade de nossos projetos, nos apoiam<\/p><\/div>\r\n                    <\/div>\r\n                <\/li>\r\n                <li>\r\n                    <div class=\"pss-container kd-animated fadeInUp \" data-animation-delay=400><div class=\"pss-img-area\" style=\"background-color: ;\"><div class=\"process-customimg\"><img width=\"76\" height=\"76\" src=\"https:\/\/www.v2s.us\/wp-content\/uploads\/2017\/05\/Nosotros_Global.png\" class=\"attachment-full\" alt=\"\" loading=\"lazy\" title=\"Nosotros_Global\" \/><\/div><\/div>\r\n                        <div class=\"pss-text-area\">\r\n                            <h4 >Alcance Global, Presen\u00e7a Local <\/h4>\r\n                            <p >Combinamos o melhor dos mundos, global e local, para oferecer um servi\u00e7o personalizado com ampla cobertura<\/p><\/div>\r\n                    <\/div>\r\n                <\/li><\/ul>\r\n            <\/div>[\/vc_column][\/vc_row][vc_row full_width=&#8221;stretch_row_content_no_spaces&#8221; css=&#8221;.vc_custom_1543273470860{padding-bottom: 35px !important;background-color: #ffffff !important;}&#8221;][vc_column]<div class=\"kd-calltoaction icon_browser \" style=\"background-color: #26a9e0;\">\n                <div class=\"container\"><div class=\"cta-icon\"><i class=\"iconsmind-Add-File fa\" style=\" \"><\/i> <\/div><div class=\"cta-text\">\n                        <h3 style=\"color: #ffffff;\">Nosso perfil de empresa num relance<\/h3>\n                        <p ><\/p>\n                    <\/div>\n                    <div class=\"cta-btncontainer\">\n                        <a href=\"https:\/\/v2s.us\/wp-content\/uploads\/2017\/10\/V2S_Infographics-2017.png\" target=\"_blank\" title=\"\" class=\"tt_button tt_secondary_button kd-animated zoomIn\" data-animation-delay=\"200\">Infogr\u00e1fico<\/a>\n                    <\/div>\n                <\/div>\n            <\/div>[\/vc_column][\/vc_row][vc_row css=&#8221;.vc_custom_1505817107374{margin-top: 50px !important;margin-bottom: 50px !important;}&#8221;][vc_column][vc_custom_heading text=&#8221;Equipe Directiva&#8221; font_container=&#8221;tag:h2|text_align:center&#8221; use_theme_fonts=&#8221;yes&#8221;][vc_custom_heading text=&#8221;Somos uma equipe de profissionais de diferentes \u00e2mbitos e pa\u00edses com uma paix\u00e3o comum pela tecnologia e por resolver os desafios de nossos clientes.&#8221; font_container=&#8221;tag:p|font_size:18|text_align:center|line_height:1.4&#8243; use_theme_fonts=&#8221;yes&#8221; css=&#8221;.vc_custom_1508334584155{margin-top: 50px !important;margin-bottom: 50px !important;}&#8221;][vc_row_inner el_class=&#8221;container&#8221; css=&#8221;.vc_custom_1505817265752{margin-top: 50px !important;margin-bottom: 50px !important;}&#8221;][vc_column_inner width=&#8221;1\/3&#8243;]<div class=\"team-member kd-animated fadeInUp \" data-animation-delay=200>\r\n                    <div class=\"team-content\">\r\n                        <div class=\"team-image\"><img width=\"530\" height=\"620\" src=\"https:\/\/www.v2s.us\/wp-content\/uploads\/2017\/05\/gon\u00e7alo-CORES-2.jpg\" class=\"attachment-full\" alt=\"\" loading=\"lazy\" title=\"gon\u00e7alo CORES 2\" srcset=\"https:\/\/www.v2s.us\/wp-content\/uploads\/2017\/05\/gon\u00e7alo-CORES-2.jpg 530w, https:\/\/www.v2s.us\/wp-content\/uploads\/2017\/05\/gon\u00e7alo-CORES-2-256x300.jpg 256w\" sizes=\"(max-width: 530px) 100vw, 530px\" \/>\r\n                        <div class=\"team-content-hover\">\r\n                        <h5 >Gon\u00e7alo Rosa<\/h5><span class=\"team-subtitle\" >CEO V2S Corporation<\/span>\r\n                        <p ><\/p>\r\n                        <div class=\"team-socials\"><a href=\"http:\/\/linkedin.com\/in\/goncalo-rosa-199ba412\" target=\"_blank\" title=\"\"><span class=\"fa fa-linkedin\" ><\/span><\/a><\/div>\r\n                    <\/div><\/div>\r\n                    <\/div>\r\n                <\/div>[\/vc_column_inner][vc_column_inner width=&#8221;1\/3&#8243;]<div class=\"team-member kd-animated fadeInUp \" >\r\n                    <div class=\"team-content\">\r\n                        <div class=\"team-image\"><img width=\"530\" height=\"620\" src=\"https:\/\/www.v2s.us\/wp-content\/uploads\/2017\/02\/Paulo-Asseiceiro.jpeg\" class=\"attachment-full\" alt=\"\" loading=\"lazy\" title=\"Paulo Asseiceiro\" srcset=\"https:\/\/www.v2s.us\/wp-content\/uploads\/2017\/02\/Paulo-Asseiceiro.jpeg 530w, https:\/\/www.v2s.us\/wp-content\/uploads\/2017\/02\/Paulo-Asseiceiro-256x300.jpeg 256w\" sizes=\"(max-width: 530px) 100vw, 530px\" \/>\r\n                        <div class=\"team-content-hover\">\r\n                        <h5 >Paulo Asseiceiro<\/h5><span class=\"team-subtitle\" >VP Sales and V2S Colombia Country Manager<\/span>\r\n                        <p ><\/p>\r\n                        <div class=\"team-socials\"><a href=\"http:\/\/linkedin.com\/in\/paulo-asseiceiro-8b6554\" target=\"_blank\" title=\"\"><span class=\"fa fa-linkedin\" ><\/span><\/a><\/div>\r\n                    <\/div><\/div>\r\n                    <\/div>\r\n                <\/div>[\/vc_column_inner][vc_column_inner width=&#8221;1\/3&#8243;]<div class=\"team-member kd-animated fadeInUp \" data-animation-delay=400>\r\n                    <div class=\"team-content\">\r\n                        <div class=\"team-image\"><img width=\"530\" height=\"620\" src=\"https:\/\/www.v2s.us\/wp-content\/uploads\/2017\/05\/angel-web.jpg\" class=\"attachment-full\" alt=\"\" loading=\"lazy\" title=\"angel-web\" srcset=\"https:\/\/www.v2s.us\/wp-content\/uploads\/2017\/05\/angel-web.jpg 530w, https:\/\/www.v2s.us\/wp-content\/uploads\/2017\/05\/angel-web-256x300.jpg 256w\" sizes=\"(max-width: 530px) 100vw, 530px\" \/>\r\n                        <div class=\"team-content-hover\">\r\n                        <h5 >Angel Gimenez<\/h5><span class=\"team-subtitle\" >V2S Spain Country Manager<\/span>\r\n                        <p ><\/p>\r\n                        <div class=\"team-socials\"><a href=\"http:\/\/linkedin.com\/in\/angelgimenez\" target=\"_blank\" title=\"\"><span class=\"fa fa-linkedin\" ><\/span><\/a><\/div>\r\n                    <\/div><\/div>\r\n                    <\/div>\r\n                <\/div>[\/vc_column_inner][\/vc_row_inner][\/vc_column][\/vc_row][vc_row full_width=&#8221;stretch_row_content_no_spaces&#8221; css=&#8221;.vc_custom_1543273500139{padding-bottom: 35px !important;background-color: #ffffff !important;}&#8221;][vc_column]<div class=\"kd-calltoaction no_icon \" style=\"background-color: #26a9e0;\">\n                <div class=\"container\"><div class=\"cta-text\">\n                        <h3 style=\"color: #ffffff;\">Gostaria de fazer parte de nossa equipe?<\/h3>\n                        <p ><\/p>\n                    <\/div>\n                    <div class=\"cta-btncontainer\">\n                        <a href=\"https:\/\/www.v2s.us\/inicio\/sobre-nosotros\/trabaja-con-nosotros\/\"  title=\"\" class=\"tt_button tt_secondary_button kd-animated zoomIn\" data-animation-delay=\"200\">Trabalhe conosco<\/a>\n                    <\/div>\n                <\/div>\n            <\/div>[\/vc_column][\/vc_row]<\/p>\n<\/section>","protected":false},"excerpt":{"rendered":"<p>[vc_row][vc_column][vc_row_inner css=&#8221;.vc_custom_1499157632767{margin-top: 50px !important;margin-bottom: 50px !important;}&#8221; el_class=&#8221;container&#8221;][vc_column_inner css=&#8221;.vc_custom_1486561683026{padding-left: 0px !important;}&#8221;][vc_custom_heading text=&#8221;Value to Serve&#8221; font_container=&#8221;tag:h2|text_align:center&#8221; use_theme_fonts=&#8221;yes&#8221;][vc_separator color=&#8221;custom&#8221; border_width=&#8221;2&#8243; el_width=&#8221;10&#8243;][vc_custom_heading text=&#8221;Fundada em 2006, a V2S [&hellip;]<\/p>\n","protected":false},"author":1,"featured_media":5426,"parent":0,"menu_order":0,"comment_status":"closed","ping_status":"closed","template":"","meta":{"_mi_skip_tracking":false},"yoast_head":"<!-- This site is optimized with the Yoast SEO plugin v19.8 - https:\/\/yoast.com\/wordpress\/plugins\/seo\/ -->\n<title>N\u00f3s - V2S Corporation<\/title>\n<meta name=\"robots\" content=\"index, follow, max-snippet:-1, max-image-preview:large, max-video-preview:-1\" \/>\n<link rel=\"canonical\" href=\"https:\/\/www.v2s.us\/pt-br\/nos\/\" \/>\n<meta property=\"og:locale\" content=\"pt_BR\" \/>\n<meta property=\"og:type\" content=\"article\" \/>\n<meta property=\"og:title\" content=\"N\u00f3s - V2S Corporation\" \/>\n<meta property=\"og:description\" content=\"[vc_row][vc_column][vc_row_inner css=&#8221;.vc_custom_1499157632767{margin-top: 50px !important;margin-bottom: 50px !important;}&#8221; el_class=&#8221;container&#8221;][vc_column_inner css=&#8221;.vc_custom_1486561683026{padding-left: 0px !important;}&#8221;][vc_custom_heading text=&#8221;Value to Serve&#8221; font_container=&#8221;tag:h2|text_align:center&#8221; use_theme_fonts=&#8221;yes&#8221;][vc_separator color=&#8221;custom&#8221; border_width=&#8221;2&#8243; el_width=&#8221;10&#8243;][vc_custom_heading text=&#8221;Fundada em 2006, a V2S [&hellip;]\" \/>\n<meta property=\"og:url\" content=\"https:\/\/www.v2s.us\/pt-br\/nos\/\" \/>\n<meta property=\"og:site_name\" content=\"V2S Corporation\" \/>\n<meta property=\"article:modified_time\" content=\"2018-11-26T23:10:31+00:00\" \/>\n<meta property=\"og:image\" content=\"https:\/\/www.v2s.us\/wp-content\/uploads\/2017\/05\/imagem-2A-1.jpg\" \/>\n\t<meta property=\"og:image:width\" content=\"1600\" \/>\n\t<meta property=\"og:image:height\" content=\"1068\" \/>\n\t<meta property=\"og:image:type\" content=\"image\/jpeg\" \/>\n<meta name=\"twitter:card\" content=\"summary_large_image\" \/>\n<meta name=\"twitter:label1\" content=\"Est. tempo de leitura\" \/>\n\t<meta name=\"twitter:data1\" content=\"6 minutos\" \/>\n<script type=\"application\/ld+json\" class=\"yoast-schema-graph\">{\"@context\":\"https:\/\/schema.org\",\"@graph\":[{\"@type\":\"WebPage\",\"@id\":\"https:\/\/www.v2s.us\/pt-br\/nos\/\",\"url\":\"https:\/\/www.v2s.us\/pt-br\/nos\/\",\"name\":\"N\u00f3s - V2S Corporation\",\"isPartOf\":{\"@id\":\"https:\/\/www.v2s.us\/#website\"},\"datePublished\":\"2018-11-26T21:37:17+00:00\",\"dateModified\":\"2018-11-26T23:10:31+00:00\",\"breadcrumb\":{\"@id\":\"https:\/\/www.v2s.us\/pt-br\/nos\/#breadcrumb\"},\"inLanguage\":\"pt-BR\",\"potentialAction\":[{\"@type\":\"ReadAction\",\"target\":[\"https:\/\/www.v2s.us\/pt-br\/nos\/\"]}]},{\"@type\":\"BreadcrumbList\",\"@id\":\"https:\/\/www.v2s.us\/pt-br\/nos\/#breadcrumb\",\"itemListElement\":[{\"@type\":\"ListItem\",\"position\":1,\"name\":\"Home\",\"item\":\"https:\/\/www.v2s.us\/pt-br\/\"},{\"@type\":\"ListItem\",\"position\":2,\"name\":\"N\u00f3s\"}]},{\"@type\":\"WebSite\",\"@id\":\"https:\/\/www.v2s.us\/#website\",\"url\":\"https:\/\/www.v2s.us\/\",\"name\":\"V2S Corporation\",\"description\":\"Add value to Digital Transformation\",\"potentialAction\":[{\"@type\":\"SearchAction\",\"target\":{\"@type\":\"EntryPoint\",\"urlTemplate\":\"https:\/\/www.v2s.us\/?s={search_term_string}\"},\"query-input\":\"required name=search_term_string\"}],\"inLanguage\":\"pt-BR\"}]}<\/script>\n<!-- \/ Yoast SEO plugin. -->","yoast_head_json":{"title":"N\u00f3s - V2S Corporation","robots":{"index":"index","follow":"follow","max-snippet":"max-snippet:-1","max-image-preview":"max-image-preview:large","max-video-preview":"max-video-preview:-1"},"canonical":"https:\/\/www.v2s.us\/pt-br\/nos\/","og_locale":"pt_BR","og_type":"article","og_title":"N\u00f3s - V2S Corporation","og_description":"[vc_row][vc_column][vc_row_inner css=&#8221;.vc_custom_1499157632767{margin-top: 50px !important;margin-bottom: 50px !important;}&#8221; el_class=&#8221;container&#8221;][vc_column_inner css=&#8221;.vc_custom_1486561683026{padding-left: 0px !important;}&#8221;][vc_custom_heading text=&#8221;Value to Serve&#8221; font_container=&#8221;tag:h2|text_align:center&#8221; use_theme_fonts=&#8221;yes&#8221;][vc_separator color=&#8221;custom&#8221; border_width=&#8221;2&#8243; el_width=&#8221;10&#8243;][vc_custom_heading text=&#8221;Fundada em 2006, a V2S [&hellip;]","og_url":"https:\/\/www.v2s.us\/pt-br\/nos\/","og_site_name":"V2S Corporation","article_modified_time":"2018-11-26T23:10:31+00:00","og_image":[{"width":1600,"height":1068,"url":"https:\/\/www.v2s.us\/wp-content\/uploads\/2017\/05\/imagem-2A-1.jpg","type":"image\/jpeg"}],"twitter_card":"summary_large_image","twitter_misc":{"Est. tempo de leitura":"6 minutos"},"schema":{"@context":"https:\/\/schema.org","@graph":[{"@type":"WebPage","@id":"https:\/\/www.v2s.us\/pt-br\/nos\/","url":"https:\/\/www.v2s.us\/pt-br\/nos\/","name":"N\u00f3s - V2S Corporation","isPartOf":{"@id":"https:\/\/www.v2s.us\/#website"},"datePublished":"2018-11-26T21:37:17+00:00","dateModified":"2018-11-26T23:10:31+00:00","breadcrumb":{"@id":"https:\/\/www.v2s.us\/pt-br\/nos\/#breadcrumb"},"inLanguage":"pt-BR","potentialAction":[{"@type":"ReadAction","target":["https:\/\/www.v2s.us\/pt-br\/nos\/"]}]},{"@type":"BreadcrumbList","@id":"https:\/\/www.v2s.us\/pt-br\/nos\/#breadcrumb","itemListElement":[{"@type":"ListItem","position":1,"name":"Home","item":"https:\/\/www.v2s.us\/pt-br\/"},{"@type":"ListItem","position":2,"name":"N\u00f3s"}]},{"@type":"WebSite","@id":"https:\/\/www.v2s.us\/#website","url":"https:\/\/www.v2s.us\/","name":"V2S Corporation","description":"Add value to Digital Transformation","potentialAction":[{"@type":"SearchAction","target":{"@type":"EntryPoint","urlTemplate":"https:\/\/www.v2s.us\/?s={search_term_string}"},"query-input":"required name=search_term_string"}],"inLanguage":"pt-BR"}]}},"_links":{"self":[{"href":"https:\/\/www.v2s.us\/pt-br\/wp-json\/wp\/v2\/pages\/5056\/"}],"collection":[{"href":"https:\/\/www.v2s.us\/pt-br\/wp-json\/wp\/v2\/pages\/"}],"about":[{"href":"https:\/\/www.v2s.us\/pt-br\/wp-json\/wp\/v2\/types\/page\/"}],"author":[{"embeddable":true,"href":"https:\/\/www.v2s.us\/pt-br\/wp-json\/wp\/v2\/users\/1\/"}],"replies":[{"embeddable":true,"href":"https:\/\/www.v2s.us\/pt-br\/wp-json\/wp\/v2\/comments\/?post=5056"}],"version-history":[{"count":9,"href":"https:\/\/www.v2s.us\/pt-br\/wp-json\/wp\/v2\/pages\/5056\/revisions\/"}],"predecessor-version":[{"id":5112,"href":"https:\/\/www.v2s.us\/pt-br\/wp-json\/wp\/v2\/pages\/5056\/revisions\/5112\/"}],"wp:featuredmedia":[{"embeddable":true,"href":"https:\/\/www.v2s.us\/pt-br\/wp-json\/wp\/v2\/media\/5426\/"}],"wp:attachment":[{"href":"https:\/\/www.v2s.us\/pt-br\/wp-json\/wp\/v2\/media\/?parent=5056"}],"curies":[{"name":"wp","href":"https:\/\/api.w.org\/{rel}","templated":true}]}}