{"id":5065,"date":"2018-11-26T22:05:08","date_gmt":"2018-11-26T22:05:08","guid":{"rendered":"https:\/\/www.v2s.us\/inicio\/sobre-nos\/trabalhe-connosco\/"},"modified":"2018-11-27T10:38:00","modified_gmt":"2018-11-27T10:38:00","slug":"trabalhe-connosco","status":"publish","type":"page","link":"https:\/\/www.v2s.us\/pt-br\/inicio\/sobre-nos\/trabalhe-connosco\/","title":{"rendered":"Trabalhar com a gente"},"content":{"rendered":"<section class=\"wpb-content-wrapper\"><p>[vc_row][vc_column]<div class=\"kd-calltoaction icon_browser \" style=\"background-color: ;\">\n                <div class=\"container\"><div class=\"cta-icon\"><i class=\"iconsmind-Add-File fa\" style=\" \"><\/i> <\/div><div class=\"cta-text\">\n                        <h3 style=\"color: #000000;\">Envie seu C.V.<\/h3>\n                        <p >Nossa ambi\u00e7\u00e3o \u00e9 crescer todos os dias, e para isso contamos com voc\u00ea, neste momento n\u00e3o temos nenhuma oferta em andamento, por isso, caso esteja interessado em nos enviar seu CV, entre em contato.<\/p>\n                    <\/div>\n                    <div class=\"cta-btncontainer\">\n                        <a href=\"mailto:contact@v2s.us\"  title=\"\" class=\"tt_button tt_primary_button kd-animated zoomIn\" data-animation-delay=\"200\">Envie seu C.V.<\/a>\n                    <\/div>\n                <\/div>\n            <\/div>[\/vc_column][\/vc_row]<\/p>\n<\/section>","protected":false},"excerpt":{"rendered":"<p>[vc_row][vc_column][\/vc_column][\/vc_row]<\/p>\n","protected":false},"author":1,"featured_media":4799,"parent":5051,"menu_order":0,"comment_status":"closed","ping_status":"closed","template":"","meta":{"_mi_skip_tracking":false},"yoast_head":"<!-- This site is optimized with the Yoast SEO plugin v19.8 - https:\/\/yoast.com\/wordpress\/plugins\/seo\/ -->\n<title>Trabalhar com a gente - V2S Corporation<\/title>\n<meta name=\"robots\" content=\"index, follow, max-snippet:-1, max-image-preview:large, max-video-preview:-1\" \/>\n<link rel=\"canonical\" href=\"https:\/\/www.v2s.us\/pt-br\/inicio\/sobre-nos\/trabalhe-connosco\/\" \/>\n<meta property=\"og:locale\" content=\"pt_BR\" \/>\n<meta property=\"og:type\" content=\"article\" \/>\n<meta property=\"og:title\" content=\"Trabalhar com a gente - V2S Corporation\" \/>\n<meta property=\"og:description\" content=\"[vc_row][vc_column][\/vc_column][\/vc_row]\" \/>\n<meta property=\"og:url\" content=\"https:\/\/www.v2s.us\/pt-br\/inicio\/sobre-nos\/trabalhe-connosco\/\" \/>\n<meta property=\"og:site_name\" content=\"V2S Corporation\" \/>\n<meta property=\"article:modified_time\" content=\"2018-11-27T10:38:00+00:00\" \/>\n<meta property=\"og:image\" content=\"https:\/\/www.v2s.us\/wp-content\/uploads\/2017\/06\/oli-dale-139169-2-e1498658312512.jpg\" \/>\n\t<meta property=\"og:image:width\" content=\"1149\" \/>\n\t<meta property=\"og:image:height\" content=\"500\" \/>\n\t<meta property=\"og:image:type\" content=\"image\/jpeg\" \/>\n<meta name=\"twitter:card\" content=\"summary_large_image\" \/>\n<script type=\"application\/ld+json\" class=\"yoast-schema-graph\">{\"@context\":\"https:\/\/schema.org\",\"@graph\":[{\"@type\":\"WebPage\",\"@id\":\"https:\/\/www.v2s.us\/pt-br\/inicio\/sobre-nos\/trabalhe-connosco\/\",\"url\":\"https:\/\/www.v2s.us\/pt-br\/inicio\/sobre-nos\/trabalhe-connosco\/\",\"name\":\"Trabalhar com a gente - V2S Corporation\",\"isPartOf\":{\"@id\":\"https:\/\/www.v2s.us\/#website\"},\"datePublished\":\"2018-11-26T22:05:08+00:00\",\"dateModified\":\"2018-11-27T10:38:00+00:00\",\"breadcrumb\":{\"@id\":\"https:\/\/www.v2s.us\/pt-br\/inicio\/sobre-nos\/trabalhe-connosco\/#breadcrumb\"},\"inLanguage\":\"pt-BR\",\"potentialAction\":[{\"@type\":\"ReadAction\",\"target\":[\"https:\/\/www.v2s.us\/pt-br\/inicio\/sobre-nos\/trabalhe-connosco\/\"]}]},{\"@type\":\"BreadcrumbList\",\"@id\":\"https:\/\/www.v2s.us\/pt-br\/inicio\/sobre-nos\/trabalhe-connosco\/#breadcrumb\",\"itemListElement\":[{\"@type\":\"ListItem\",\"position\":1,\"name\":\"Home\",\"item\":\"https:\/\/www.v2s.us\/pt-br\/\"},{\"@type\":\"ListItem\",\"position\":2,\"name\":\"In\u00edcio\",\"item\":\"https:\/\/www.v2s.us\/pt-br\/\"},{\"@type\":\"ListItem\",\"position\":3,\"name\":\"Sobre n\u00f3s\",\"item\":\"https:\/\/www.v2s.us\/pt-br\/inicio\/sobre-nos\/\"},{\"@type\":\"ListItem\",\"position\":4,\"name\":\"Trabalhar com a gente\"}]},{\"@type\":\"WebSite\",\"@id\":\"https:\/\/www.v2s.us\/#website\",\"url\":\"https:\/\/www.v2s.us\/\",\"name\":\"V2S Corporation\",\"description\":\"Add value to Digital Transformation\",\"potentialAction\":[{\"@type\":\"SearchAction\",\"target\":{\"@type\":\"EntryPoint\",\"urlTemplate\":\"https:\/\/www.v2s.us\/?s={search_term_string}\"},\"query-input\":\"required name=search_term_string\"}],\"inLanguage\":\"pt-BR\"}]}<\/script>\n<!-- \/ Yoast SEO plugin. -->","yoast_head_json":{"title":"Trabalhar com a gente - V2S Corporation","robots":{"index":"index","follow":"follow","max-snippet":"max-snippet:-1","max-image-preview":"max-image-preview:large","max-video-preview":"max-video-preview:-1"},"canonical":"https:\/\/www.v2s.us\/pt-br\/inicio\/sobre-nos\/trabalhe-connosco\/","og_locale":"pt_BR","og_type":"article","og_title":"Trabalhar com a gente - V2S Corporation","og_description":"[vc_row][vc_column][\/vc_column][\/vc_row]","og_url":"https:\/\/www.v2s.us\/pt-br\/inicio\/sobre-nos\/trabalhe-connosco\/","og_site_name":"V2S Corporation","article_modified_time":"2018-11-27T10:38:00+00:00","og_image":[{"width":1149,"height":500,"url":"https:\/\/www.v2s.us\/wp-content\/uploads\/2017\/06\/oli-dale-139169-2-e1498658312512.jpg","type":"image\/jpeg"}],"twitter_card":"summary_large_image","schema":{"@context":"https:\/\/schema.org","@graph":[{"@type":"WebPage","@id":"https:\/\/www.v2s.us\/pt-br\/inicio\/sobre-nos\/trabalhe-connosco\/","url":"https:\/\/www.v2s.us\/pt-br\/inicio\/sobre-nos\/trabalhe-connosco\/","name":"Trabalhar com a gente - V2S Corporation","isPartOf":{"@id":"https:\/\/www.v2s.us\/#website"},"datePublished":"2018-11-26T22:05:08+00:00","dateModified":"2018-11-27T10:38:00+00:00","breadcrumb":{"@id":"https:\/\/www.v2s.us\/pt-br\/inicio\/sobre-nos\/trabalhe-connosco\/#breadcrumb"},"inLanguage":"pt-BR","potentialAction":[{"@type":"ReadAction","target":["https:\/\/www.v2s.us\/pt-br\/inicio\/sobre-nos\/trabalhe-connosco\/"]}]},{"@type":"BreadcrumbList","@id":"https:\/\/www.v2s.us\/pt-br\/inicio\/sobre-nos\/trabalhe-connosco\/#breadcrumb","itemListElement":[{"@type":"ListItem","position":1,"name":"Home","item":"https:\/\/www.v2s.us\/pt-br\/"},{"@type":"ListItem","position":2,"name":"In\u00edcio","item":"https:\/\/www.v2s.us\/pt-br\/"},{"@type":"ListItem","position":3,"name":"Sobre n\u00f3s","item":"https:\/\/www.v2s.us\/pt-br\/inicio\/sobre-nos\/"},{"@type":"ListItem","position":4,"name":"Trabalhar com a gente"}]},{"@type":"WebSite","@id":"https:\/\/www.v2s.us\/#website","url":"https:\/\/www.v2s.us\/","name":"V2S Corporation","description":"Add value to Digital Transformation","potentialAction":[{"@type":"SearchAction","target":{"@type":"EntryPoint","urlTemplate":"https:\/\/www.v2s.us\/?s={search_term_string}"},"query-input":"required name=search_term_string"}],"inLanguage":"pt-BR"}]}},"_links":{"self":[{"href":"https:\/\/www.v2s.us\/pt-br\/wp-json\/wp\/v2\/pages\/5065\/"}],"collection":[{"href":"https:\/\/www.v2s.us\/pt-br\/wp-json\/wp\/v2\/pages\/"}],"about":[{"href":"https:\/\/www.v2s.us\/pt-br\/wp-json\/wp\/v2\/types\/page\/"}],"author":[{"embeddable":true,"href":"https:\/\/www.v2s.us\/pt-br\/wp-json\/wp\/v2\/users\/1\/"}],"replies":[{"embeddable":true,"href":"https:\/\/www.v2s.us\/pt-br\/wp-json\/wp\/v2\/comments\/?post=5065"}],"version-history":[{"count":3,"href":"https:\/\/www.v2s.us\/pt-br\/wp-json\/wp\/v2\/pages\/5065\/revisions\/"}],"predecessor-version":[{"id":5141,"href":"https:\/\/www.v2s.us\/pt-br\/wp-json\/wp\/v2\/pages\/5065\/revisions\/5141\/"}],"up":[{"embeddable":true,"href":"https:\/\/www.v2s.us\/pt-br\/wp-json\/wp\/v2\/pages\/5051\/"}],"wp:featuredmedia":[{"embeddable":true,"href":"https:\/\/www.v2s.us\/pt-br\/wp-json\/wp\/v2\/media\/4799\/"}],"wp:attachment":[{"href":"https:\/\/www.v2s.us\/pt-br\/wp-json\/wp\/v2\/media\/?parent=5065"}],"curies":[{"name":"wp","href":"https:\/\/api.w.org\/{rel}","templated":true}]}}