{"id":5073,"date":"2018-11-26T22:36:14","date_gmt":"2018-11-26T22:36:14","guid":{"rendered":"https:\/\/www.v2s.us\/contactos\/"},"modified":"2021-03-16T16:43:51","modified_gmt":"2021-03-16T16:43:51","slug":"contactos","status":"publish","type":"page","link":"https:\/\/www.v2s.us\/pt-br\/contactos\/","title":{"rendered":"Contactos"},"content":{"rendered":"<section class=\"wpb-content-wrapper\"><p>[vc_row css=&#8221;.vc_custom_1497294944039{margin-top: 100px !important;}&#8221;][vc_column]<div class=\"kd-promobox prb_image_left  \"><div class=\"prb-img\"><img width=\"600\" height=\"397\" src=\"https:\/\/www.v2s.us\/wp-content\/uploads\/2017\/05\/v2s-headquarters.jpg\" class=\"attachment-full\" alt=\"\" loading=\"lazy\" title=\"v2s-headquarters\" srcset=\"https:\/\/www.v2s.us\/wp-content\/uploads\/2017\/05\/v2s-headquarters.jpg 600w, https:\/\/www.v2s.us\/wp-content\/uploads\/2017\/05\/v2s-headquarters-300x199.jpg 300w\" sizes=\"(max-width: 600px) 100vw, 600px\" \/><\/div><div class=\"prb-content\">\n              <h3>V2S Sede<\/h3>\n              <p>Wilmington, DE, USA<\/p><div class=\"prb-btncontainer\">\n                      <a href=\"https:\/\/www.v2s.us\/inicio\/contactanos\/\"  title=\"\" class=\"prb-button tt_secondary_button tt_button\">Entre em contato conosco<\/a>\n                  <\/div><\/div><\/div><div class=\"kd-divider dotted_line divider_full_width \">\n                <div class=\"divider-line\" style=\"border-color:\"><\/div>\n            <\/div>[\/vc_column][\/vc_row][vc_row css=&#8221;.vc_custom_1497336089708{margin-bottom: 50px !important;}&#8221;][vc_column css_animation=&#8221;fadeInLeft&#8221; width=&#8221;1\/2&#8243; css=&#8221;.vc_custom_1497293694343{margin-right: 50px !important;margin-left: 50px !important;}&#8221;]<div class=\"kd-promobox prb_image_left  \"><div class=\"prb-img\"><img width=\"600\" height=\"400\" src=\"https:\/\/www.v2s.us\/wp-content\/uploads\/2017\/05\/v2s-sao-paulo.jpg\" class=\"attachment-full\" alt=\"\" loading=\"lazy\" title=\"v2s-sao-paulo\" srcset=\"https:\/\/www.v2s.us\/wp-content\/uploads\/2017\/05\/v2s-sao-paulo.jpg 600w, https:\/\/www.v2s.us\/wp-content\/uploads\/2017\/05\/v2s-sao-paulo-300x200.jpg 300w\" sizes=\"(max-width: 600px) 100vw, 600px\" \/><\/div><div class=\"prb-content\">\n              <h3>V2S Brasil<\/h3>\n              <p>Rua Padre Chico, 85 - Conj 23<br \/>\nPerdizes - S\u00e3o Paulo, Brasil<br \/>\nCEP 05008-010<br \/>\nM.+55 (11) 83833474<br \/>\nT. +55 (11) 3868-3663<\/p><\/div><\/div><div class=\"kd-divider solid_line divider_full_width thin_solid\">\n                <div class=\"divider-line\" style=\"border-color:\"><\/div>\n            <\/div><div class=\"kd-promobox prb_image_left  \"><div class=\"prb-img\"><img width=\"600\" height=\"400\" src=\"https:\/\/www.v2s.us\/wp-content\/uploads\/2017\/05\/v2s-colombia.jpg\" class=\"attachment-full\" alt=\"\" loading=\"lazy\" title=\"v2s-colombia\" srcset=\"https:\/\/www.v2s.us\/wp-content\/uploads\/2017\/05\/v2s-colombia.jpg 600w, https:\/\/www.v2s.us\/wp-content\/uploads\/2017\/05\/v2s-colombia-300x200.jpg 300w\" sizes=\"(max-width: 600px) 100vw, 600px\" \/><\/div><div class=\"prb-content\">\n              <h3>V2S Col\u00f4mbia<\/h3>\n              <p>Calle 118 14B, 56<br \/>\nOficina: 303<br \/>\nBogot\u00e1 - Colombia<br \/>\nT. +57 (1) 7423175<\/p><\/div><\/div><div class=\"kd-divider solid_line divider_full_width thin_solid\">\n                <div class=\"divider-line\" style=\"border-color:\"><\/div>\n            <\/div><div class=\"kd-promobox prb_image_left  \"><div class=\"prb-img\"><img width=\"600\" height=\"400\" src=\"https:\/\/www.v2s.us\/wp-content\/uploads\/2017\/05\/v2s-portugal.jpg\" class=\"attachment-full\" alt=\"\" loading=\"lazy\" title=\"v2s-portugal\" srcset=\"https:\/\/www.v2s.us\/wp-content\/uploads\/2017\/05\/v2s-portugal.jpg 600w, https:\/\/www.v2s.us\/wp-content\/uploads\/2017\/05\/v2s-portugal-300x200.jpg 300w\" sizes=\"(max-width: 600px) 100vw, 600px\" \/><\/div><div class=\"prb-content\">\n              <h3>V2S Portugal<\/h3>\n              <p>Rua Elias Garcia, n\u00ba 9<br \/>\nOeiras<br \/>\n2780-317 Oeiras<br \/>\nT. +351 937 354 135<br \/>\n<\/p><\/div><\/div><div class=\"kd-divider solid_line divider_full_width thin_solid\">\n                <div class=\"divider-line\" style=\"border-color:\"><\/div>\n            <\/div><div class=\"kd-divider solid_line divider_full_width thin_solid\">\n                <div class=\"divider-line\" style=\"border-color:\"><\/div>\n            <\/div>[\/vc_column][vc_column css_animation=&#8221;fadeInRight&#8221; width=&#8221;1\/2&#8243; css=&#8221;.vc_custom_1497293704609{margin-right: 50px !important;margin-left: 50px !important;}&#8221;]<div class=\"kd-promobox prb_image_left  kd-animated fadeInRight\"><div class=\"prb-img\"><img width=\"600\" height=\"400\" src=\"https:\/\/www.v2s.us\/wp-content\/uploads\/2017\/05\/v2s-barcelona.jpg\" class=\"attachment-full\" alt=\"\" loading=\"lazy\" title=\"v2s-barcelona\" srcset=\"https:\/\/www.v2s.us\/wp-content\/uploads\/2017\/05\/v2s-barcelona.jpg 600w, https:\/\/www.v2s.us\/wp-content\/uploads\/2017\/05\/v2s-barcelona-300x200.jpg 300w\" sizes=\"(max-width: 600px) 100vw, 600px\" \/><\/div><div class=\"prb-content\">\n              <h3>V2S Espanha<\/h3>\n              <p>C. Arado, 8 Local 17 Bis.<br \/>\n47014 Valladolid<\/p>\n<p>Valladolid<\/p>\n<p>Tel: +34 937847037<br \/>\n<\/p><\/div><\/div><div class=\"kd-divider solid_line divider_full_width thin_solid\">\n                <div class=\"divider-line\" style=\"border-color:\"><\/div>\n            <\/div><div class=\"kd-promobox prb_image_left  \"><div class=\"prb-img\"><img width=\"600\" height=\"400\" src=\"https:\/\/www.v2s.us\/wp-content\/uploads\/2017\/05\/v2s-mexico.jpg\" class=\"attachment-full\" alt=\"\" loading=\"lazy\" title=\"v2s-mexico\" srcset=\"https:\/\/www.v2s.us\/wp-content\/uploads\/2017\/05\/v2s-mexico.jpg 600w, https:\/\/www.v2s.us\/wp-content\/uploads\/2017\/05\/v2s-mexico-300x200.jpg 300w\" sizes=\"(max-width: 600px) 100vw, 600px\" \/><\/div><div class=\"prb-content\">\n              <h3>V2S M\u00e9xico<\/h3>\n              <p>Aniceto Ortega 817 Dep D,<br \/>\nCol. Del Valle, Delegaci\u00f3n Benito Ju\u00e1rez,<br \/>\n03100 Mexico, D.F.<br \/>\nTel: +52 55 36005236<\/p><\/div><\/div><div class=\"kd-divider solid_line divider_full_width thin_solid\">\n                <div class=\"divider-line\" style=\"border-color:\"><\/div>\n            <\/div><div class=\"kd-promobox prb_image_left  \"><div class=\"prb-img\"><img width=\"600\" height=\"448\" src=\"https:\/\/www.v2s.us\/wp-content\/uploads\/2017\/05\/v2s-africa-sur.jpg\" class=\"attachment-full\" alt=\"\" loading=\"lazy\" title=\"v2s-africa-sur\" srcset=\"https:\/\/www.v2s.us\/wp-content\/uploads\/2017\/05\/v2s-africa-sur.jpg 600w, https:\/\/www.v2s.us\/wp-content\/uploads\/2017\/05\/v2s-africa-sur-300x224.jpg 300w\" sizes=\"(max-width: 600px) 100vw, 600px\" \/><\/div><div class=\"prb-content\">\n              <h3>V2S \u00c1frica do Sul<\/h3>\n              <p>31 Raasblaar street<br \/>\nSharonlea<br \/>\nRandburg, Gauteng<br \/>\nSouth Africa<br \/>\n2158<br \/>\nTel: +27 (834) 567480<\/p><\/div><\/div><div class=\"kd-divider solid_line divider_full_width thin_solid\">\n                <div class=\"divider-line\" style=\"border-color:\"><\/div>\n            <\/div><div class=\"kd-promobox prb_image_left  \"><div class=\"prb-img\"><img width=\"600\" height=\"400\" src=\"https:\/\/www.v2s.us\/wp-content\/uploads\/2017\/05\/v2s-santo-domingo.jpg\" class=\"attachment-full\" alt=\"\" loading=\"lazy\" title=\"v2s-santo-domingo\" srcset=\"https:\/\/www.v2s.us\/wp-content\/uploads\/2017\/05\/v2s-santo-domingo.jpg 600w, https:\/\/www.v2s.us\/wp-content\/uploads\/2017\/05\/v2s-santo-domingo-300x200.jpg 300w\" sizes=\"(max-width: 600px) 100vw, 600px\" \/><\/div><div class=\"prb-content\">\n              <h3>V2S Rep\u00fablica Dominicana<\/h3>\n              <p>Calle Cesar A. Roque #7, 4A<br \/>\nEnsanche Bella Vista<br \/>\nSanto Domingo, Rep. Dominicana<br \/>\n+1-809-880-8670<br \/>\n<\/p><\/div><\/div><div class=\"kd-divider solid_line divider_full_width thin_solid\">\n                <div class=\"divider-line\" style=\"border-color:\"><\/div>\n            <\/div>[\/vc_column][vc_column width=&#8221;1\/2&#8243; css=&#8221;.vc_custom_1486488952936{padding-left: 0px !important;}&#8221;][vc_row_inner css=&#8221;.vc_custom_1486488956903{padding-left: 0px !important;}&#8221;][vc_column_inner width=&#8221;9\/12&#8243; css=&#8221;.vc_custom_1486489057959{padding-left: 0px !important;}&#8221;][vc_empty_space][vc_custom_heading text=&#8221;Entre em contato conosco&#8221; font_container=&#8221;tag:h3|font_size:22|text_align:left&#8221; use_theme_fonts=&#8221;yes&#8221; link=&#8221;url:https%3A%2F%2Fwww.v2s.us%2Fpt-br%2Finicio%2Fcontacte-conosco%2F|||&#8221;][vc_column_text css=&#8221;.vc_custom_1543332703792{margin-bottom: 0px !important;}&#8221;]Contate conosco para podermos ajudar em sua \u00a0Transforma\u00e7\u00e3o Digital. A nossa equipe est\u00e1 \u00e0 sua disposi\u00e7\u00e3o.[\/vc_column_text][vc_separator color=&#8221;custom&#8221; align=&#8221;align_left&#8221; border_width=&#8221;2&#8243; el_width=&#8221;10&#8243; css=&#8221;.vc_custom_1494666856236{margin-top: 35px !important;}&#8221;]<a style=\"width:px\" href=\"mailto:contact@v2s.us\"  target=\"_self\"  title=\"\" class=\"tt_button tt_secondary_button  pull-left kd-animated zoomIn mb2\" data-animation-delay=200><span class=\"prim_text\">Envie um e-mail<\/span><\/a>[\/vc_column_inner][vc_column_inner width=&#8221;3\/12&#8243;][\/vc_column_inner][\/vc_row_inner][\/vc_column][vc_column width=&#8221;1\/2&#8243;][vc_empty_space]<div class=\"wpforms-container wpforms-container-full\" id=\"wpforms-5138\"><form id=\"wpforms-form-5138\" class=\"wpforms-validate wpforms-form\" data-formid=\"5138\" method=\"post\" enctype=\"multipart\/form-data\" action=\"\/pt-br\/wp-json\/wp\/v2\/pages\/5073\/\" data-token=\"01f15ad5dedc4be7fcfb087b49f06c3d\"><noscript class=\"wpforms-error-noscript\">Ative o JavaScript no seu navegador para preencher este formul\u00e1rio.<\/noscript><div class=\"wpforms-field-container\"><div id=\"wpforms-5138-field_0-container\" class=\"wpforms-field wpforms-field-name\" data-field-id=\"0\"><label class=\"wpforms-field-label\" for=\"wpforms-5138-field_0\">Nome <span class=\"wpforms-required-label\">*<\/span><\/label><input type=\"text\" id=\"wpforms-5138-field_0\" class=\"wpforms-field-medium wpforms-field-required\" name=\"wpforms[fields][0]\" placeholder=\"Seu nome\" required><\/div><div id=\"wpforms-5138-field_3-container\" class=\"wpforms-field wpforms-field-text\" data-field-id=\"3\"><label class=\"wpforms-field-label\" for=\"wpforms-5138-field_3\">Empresa <span class=\"wpforms-required-label\">*<\/span><\/label><input type=\"text\" id=\"wpforms-5138-field_3\" class=\"wpforms-field-medium wpforms-field-required\" name=\"wpforms[fields][3]\" placeholder=\"Sua empresa\" required><\/div><div id=\"wpforms-5138-field_1-container\" class=\"wpforms-field wpforms-field-email\" data-field-id=\"1\"><label class=\"wpforms-field-label\" for=\"wpforms-5138-field_1\">E-mail <span class=\"wpforms-required-label\">*<\/span><\/label><input type=\"email\" id=\"wpforms-5138-field_1\" class=\"wpforms-field-medium wpforms-field-required\" name=\"wpforms[fields][1]\" placeholder=\"Seu e-mail\" required><\/div><div id=\"wpforms-5138-field_2-container\" class=\"wpforms-field wpforms-field-textarea\" data-field-id=\"2\"><label class=\"wpforms-field-label\" for=\"wpforms-5138-field_2\">Mensagem <span class=\"wpforms-required-label\">*<\/span><\/label><textarea id=\"wpforms-5138-field_2\" class=\"wpforms-field-medium wpforms-field-required\" name=\"wpforms[fields][2]\" placeholder=\"Escreva aqui a sua mensagem\" required><\/textarea><\/div><\/div><div class=\"wpforms-field wpforms-field-hp\"><label for=\"wpforms-5138-field-hp\" class=\"wpforms-field-label\">Message<\/label><input type=\"text\" name=\"wpforms[hp]\" id=\"wpforms-5138-field-hp\" class=\"wpforms-field-medium\"><\/div><div class=\"wpforms-recaptcha-container wpforms-is-recaptcha\"><div class=\"g-recaptcha\" data-sitekey=\"6LdlxYAcAAAAAB8Is8r3N7YtW_l2isXo-nWkMnHg\"><\/div><input type=\"text\" name=\"g-recaptcha-hidden\" class=\"wpforms-recaptcha-hidden\" style=\"position:absolute!important;clip:rect(0,0,0,0)!important;height:1px!important;width:1px!important;border:0!important;overflow:hidden!important;padding:0!important;margin:0!important;\" required><\/div><div class=\"wpforms-submit-container\"><input type=\"hidden\" name=\"wpforms[id]\" value=\"5138\"><input type=\"hidden\" name=\"wpforms[author]\" value=\"1\"><button type=\"submit\" name=\"wpforms[submit]\" id=\"wpforms-submit-5138\" class=\"wpforms-submit\" data-alt-text=\"Enviando...\" data-submit-text=\"Enviar\" aria-live=\"assertive\" value=\"wpforms-submit\">Enviar<\/button><\/div><\/form><\/div>  <!-- .wpforms-container -->[\/vc_column][\/vc_row]<\/p>\n<\/section>","protected":false},"excerpt":{"rendered":"<p>[vc_row css=&#8221;.vc_custom_1497294944039{margin-top: 100px !important;}&#8221;][vc_column][\/vc_column][\/vc_row][vc_row css=&#8221;.vc_custom_1497336089708{margin-bottom: 50px !important;}&#8221;][vc_column css_animation=&#8221;fadeInLeft&#8221; width=&#8221;1\/2&#8243; css=&#8221;.vc_custom_1497293694343{margin-right: 50px !important;margin-left: 50px !important;}&#8221;][\/vc_column][vc_column css_animation=&#8221;fadeInRight&#8221; width=&#8221;1\/2&#8243; css=&#8221;.vc_custom_1497293704609{margin-right: 50px !important;margin-left: 50px !important;}&#8221;][\/vc_column][vc_column width=&#8221;1\/2&#8243; css=&#8221;.vc_custom_1486488952936{padding-left: [&hellip;]<\/p>\n","protected":false},"author":1,"featured_media":4664,"parent":0,"menu_order":0,"comment_status":"closed","ping_status":"closed","template":"","meta":{"_mi_skip_tracking":false},"yoast_head":"<!-- This site is optimized with the Yoast SEO plugin v19.8 - https:\/\/yoast.com\/wordpress\/plugins\/seo\/ -->\n<title>Contactos - V2S Corporation<\/title>\n<meta name=\"robots\" content=\"index, follow, max-snippet:-1, max-image-preview:large, max-video-preview:-1\" \/>\n<link rel=\"canonical\" href=\"https:\/\/www.v2s.us\/pt-br\/contactos\/\" \/>\n<meta property=\"og:locale\" content=\"pt_BR\" \/>\n<meta property=\"og:type\" content=\"article\" \/>\n<meta property=\"og:title\" content=\"Contactos - V2S Corporation\" \/>\n<meta property=\"og:description\" content=\"[vc_row css=&#8221;.vc_custom_1497294944039{margin-top: 100px !important;}&#8221;][vc_column][\/vc_column][\/vc_row][vc_row css=&#8221;.vc_custom_1497336089708{margin-bottom: 50px !important;}&#8221;][vc_column css_animation=&#8221;fadeInLeft&#8221; width=&#8221;1\/2&#8243; css=&#8221;.vc_custom_1497293694343{margin-right: 50px !important;margin-left: 50px !important;}&#8221;][\/vc_column][vc_column css_animation=&#8221;fadeInRight&#8221; width=&#8221;1\/2&#8243; css=&#8221;.vc_custom_1497293704609{margin-right: 50px !important;margin-left: 50px !important;}&#8221;][\/vc_column][vc_column width=&#8221;1\/2&#8243; css=&#8221;.vc_custom_1486488952936{padding-left: [&hellip;]\" \/>\n<meta property=\"og:url\" content=\"https:\/\/www.v2s.us\/pt-br\/contactos\/\" \/>\n<meta property=\"og:site_name\" content=\"V2S Corporation\" \/>\n<meta property=\"article:modified_time\" content=\"2021-03-16T16:43:51+00:00\" \/>\n<meta property=\"og:image\" content=\"https:\/\/www.v2s.us\/wp-content\/uploads\/2017\/05\/contactos-header.jpg\" \/>\n\t<meta property=\"og:image:width\" content=\"1920\" \/>\n\t<meta property=\"og:image:height\" content=\"1275\" \/>\n\t<meta property=\"og:image:type\" content=\"image\/jpeg\" \/>\n<meta name=\"twitter:card\" content=\"summary_large_image\" \/>\n<meta name=\"twitter:label1\" content=\"Est. tempo de leitura\" \/>\n\t<meta name=\"twitter:data1\" content=\"3 minutos\" \/>\n<script type=\"application\/ld+json\" class=\"yoast-schema-graph\">{\"@context\":\"https:\/\/schema.org\",\"@graph\":[{\"@type\":\"WebPage\",\"@id\":\"https:\/\/www.v2s.us\/pt-br\/contactos\/\",\"url\":\"https:\/\/www.v2s.us\/pt-br\/contactos\/\",\"name\":\"Contactos - V2S Corporation\",\"isPartOf\":{\"@id\":\"https:\/\/www.v2s.us\/#website\"},\"datePublished\":\"2018-11-26T22:36:14+00:00\",\"dateModified\":\"2021-03-16T16:43:51+00:00\",\"breadcrumb\":{\"@id\":\"https:\/\/www.v2s.us\/pt-br\/contactos\/#breadcrumb\"},\"inLanguage\":\"pt-BR\",\"potentialAction\":[{\"@type\":\"ReadAction\",\"target\":[\"https:\/\/www.v2s.us\/pt-br\/contactos\/\"]}]},{\"@type\":\"BreadcrumbList\",\"@id\":\"https:\/\/www.v2s.us\/pt-br\/contactos\/#breadcrumb\",\"itemListElement\":[{\"@type\":\"ListItem\",\"position\":1,\"name\":\"Home\",\"item\":\"https:\/\/www.v2s.us\/pt-br\/\"},{\"@type\":\"ListItem\",\"position\":2,\"name\":\"Contactos\"}]},{\"@type\":\"WebSite\",\"@id\":\"https:\/\/www.v2s.us\/#website\",\"url\":\"https:\/\/www.v2s.us\/\",\"name\":\"V2S Corporation\",\"description\":\"Add value to Digital Transformation\",\"potentialAction\":[{\"@type\":\"SearchAction\",\"target\":{\"@type\":\"EntryPoint\",\"urlTemplate\":\"https:\/\/www.v2s.us\/?s={search_term_string}\"},\"query-input\":\"required name=search_term_string\"}],\"inLanguage\":\"pt-BR\"}]}<\/script>\n<!-- \/ Yoast SEO plugin. -->","yoast_head_json":{"title":"Contactos - V2S Corporation","robots":{"index":"index","follow":"follow","max-snippet":"max-snippet:-1","max-image-preview":"max-image-preview:large","max-video-preview":"max-video-preview:-1"},"canonical":"https:\/\/www.v2s.us\/pt-br\/contactos\/","og_locale":"pt_BR","og_type":"article","og_title":"Contactos - V2S Corporation","og_description":"[vc_row css=&#8221;.vc_custom_1497294944039{margin-top: 100px !important;}&#8221;][vc_column][\/vc_column][\/vc_row][vc_row css=&#8221;.vc_custom_1497336089708{margin-bottom: 50px !important;}&#8221;][vc_column css_animation=&#8221;fadeInLeft&#8221; width=&#8221;1\/2&#8243; css=&#8221;.vc_custom_1497293694343{margin-right: 50px !important;margin-left: 50px !important;}&#8221;][\/vc_column][vc_column css_animation=&#8221;fadeInRight&#8221; width=&#8221;1\/2&#8243; css=&#8221;.vc_custom_1497293704609{margin-right: 50px !important;margin-left: 50px !important;}&#8221;][\/vc_column][vc_column width=&#8221;1\/2&#8243; css=&#8221;.vc_custom_1486488952936{padding-left: [&hellip;]","og_url":"https:\/\/www.v2s.us\/pt-br\/contactos\/","og_site_name":"V2S Corporation","article_modified_time":"2021-03-16T16:43:51+00:00","og_image":[{"width":1920,"height":1275,"url":"https:\/\/www.v2s.us\/wp-content\/uploads\/2017\/05\/contactos-header.jpg","type":"image\/jpeg"}],"twitter_card":"summary_large_image","twitter_misc":{"Est. tempo de leitura":"3 minutos"},"schema":{"@context":"https:\/\/schema.org","@graph":[{"@type":"WebPage","@id":"https:\/\/www.v2s.us\/pt-br\/contactos\/","url":"https:\/\/www.v2s.us\/pt-br\/contactos\/","name":"Contactos - V2S Corporation","isPartOf":{"@id":"https:\/\/www.v2s.us\/#website"},"datePublished":"2018-11-26T22:36:14+00:00","dateModified":"2021-03-16T16:43:51+00:00","breadcrumb":{"@id":"https:\/\/www.v2s.us\/pt-br\/contactos\/#breadcrumb"},"inLanguage":"pt-BR","potentialAction":[{"@type":"ReadAction","target":["https:\/\/www.v2s.us\/pt-br\/contactos\/"]}]},{"@type":"BreadcrumbList","@id":"https:\/\/www.v2s.us\/pt-br\/contactos\/#breadcrumb","itemListElement":[{"@type":"ListItem","position":1,"name":"Home","item":"https:\/\/www.v2s.us\/pt-br\/"},{"@type":"ListItem","position":2,"name":"Contactos"}]},{"@type":"WebSite","@id":"https:\/\/www.v2s.us\/#website","url":"https:\/\/www.v2s.us\/","name":"V2S Corporation","description":"Add value to Digital Transformation","potentialAction":[{"@type":"SearchAction","target":{"@type":"EntryPoint","urlTemplate":"https:\/\/www.v2s.us\/?s={search_term_string}"},"query-input":"required name=search_term_string"}],"inLanguage":"pt-BR"}]}},"_links":{"self":[{"href":"https:\/\/www.v2s.us\/pt-br\/wp-json\/wp\/v2\/pages\/5073\/"}],"collection":[{"href":"https:\/\/www.v2s.us\/pt-br\/wp-json\/wp\/v2\/pages\/"}],"about":[{"href":"https:\/\/www.v2s.us\/pt-br\/wp-json\/wp\/v2\/types\/page\/"}],"author":[{"embeddable":true,"href":"https:\/\/www.v2s.us\/pt-br\/wp-json\/wp\/v2\/users\/1\/"}],"replies":[{"embeddable":true,"href":"https:\/\/www.v2s.us\/pt-br\/wp-json\/wp\/v2\/comments\/?post=5073"}],"version-history":[{"count":10,"href":"https:\/\/www.v2s.us\/pt-br\/wp-json\/wp\/v2\/pages\/5073\/revisions\/"}],"predecessor-version":[{"id":5247,"href":"https:\/\/www.v2s.us\/pt-br\/wp-json\/wp\/v2\/pages\/5073\/revisions\/5247\/"}],"wp:featuredmedia":[{"embeddable":true,"href":"https:\/\/www.v2s.us\/pt-br\/wp-json\/wp\/v2\/media\/4664\/"}],"wp:attachment":[{"href":"https:\/\/www.v2s.us\/pt-br\/wp-json\/wp\/v2\/media\/?parent=5073"}],"curies":[{"name":"wp","href":"https:\/\/api.w.org\/{rel}","templated":true}]}}