{"id":5075,"date":"2018-11-26T22:42:39","date_gmt":"2018-11-26T22:42:39","guid":{"rendered":"https:\/\/www.v2s.us\/modernize-seu-data-center\/"},"modified":"2018-11-27T11:04:05","modified_gmt":"2018-11-27T11:04:05","slug":"modernize-seu-data-center","status":"publish","type":"page","link":"https:\/\/www.v2s.us\/pt-br\/modernize-seu-data-center\/","title":{"rendered":"Modernize seu Data Center"},"content":{"rendered":"<section class=\"wpb-content-wrapper\"><p>[vc_row content_placement=&#8221;middle&#8221; el_class=&#8221;container&#8221;][vc_column width=&#8221;2\/3&#8243;][vc_row_inner 0=&#8221;&#8221; css=&#8221;.vc_custom_1497519602038{margin-top: 50px !important;margin-bottom: 50px !important;}&#8221;][vc_column_inner][vc_custom_heading text=&#8221;Por que eu deveria atualizar meu Data Center?&#8221; font_container=&#8221;tag:h2|text_align:justify&#8221; use_theme_fonts=&#8221;yes&#8221;][vc_separator color=&#8221;custom&#8221; align=&#8221;align_left&#8221; border_width=&#8221;2&#8243; el_width=&#8221;10&#8243;][vc_custom_heading text=&#8221;Um dos principais focos de transforma\u00e7\u00e3o digital \u00e9 garantir que o nosso hub funciona perfeitamente alinhado com as prioridades de TI necess\u00e1rias para alcan\u00e7ar nossos objetivos de neg\u00f3cios. Hoje, virtualiza\u00e7\u00e3o no ambiente de TI e arquiteturas espec\u00edficas definidas por software (SDA) fornecem clara vantagens operacionais gra\u00e7as, entre outras coisas, a independ\u00eancia de hardware porque as m\u00e1quinas virtuais s\u00e3o independentes do hardware f\u00edsico que eles t\u00eam. Com a cria\u00e7\u00e3o de um sistema de computador virtual, conseguimos maior efici\u00eancia e desempenho ao n\u00edvel de servidores, aplicativos, armazenamento e rede.&#8221; font_container=&#8221;tag:p|font_size:18|text_align:justify|line_height:1.4&#8243; use_theme_fonts=&#8221;yes&#8221;][\/vc_column_inner][\/vc_row_inner][\/vc_column][vc_column width=&#8221;1\/3&#8243;][vc_single_image image=&#8221;3096&#8243; img_size=&#8221;250&#215;180&#8243; alignment=&#8221;center&#8221; css_animation=&#8221;fadeInRightBig&#8221;][\/vc_column][\/vc_row][vc_row el_class=&#8221;container&#8221;][vc_column width=&#8221;1\/2&#8243;]<div class=\"cb-container kd-animated fadeIn  \" data-animation-delay=200><div class=\"cb-img-area\"><div class=\"cb-customimg\"><img width=\"150\" height=\"98\" src=\"https:\/\/www.v2s.us\/wp-content\/uploads\/2017\/06\/virtualizacion-servidores.png\" class=\"attachment-full\" alt=\"\" loading=\"lazy\" title=\"virtualizacion-servidores\" \/><\/div><\/div><div class=\"cb-text-area\">\n                    <h4 class=\"cb-heading\"><span class=\"cb-highlighted\">Virtualiza\u00e7\u00e3o de Servidor<\/span><\/h4>\n                    <p>A virtualiza\u00e7\u00e3o do servidor permite que voc\u00ea execute v\u00e1rios sistemas operacionais em um \u00fanico servidor f\u00edsico como m\u00e1quinas virtuais, o que lhe permite implementar cargas de trabalho mais rapidamente, melhorar o desempenho das aplica\u00e7\u00f5es e aumentar a disponibilidade, maximizando a utiliza\u00e7\u00e3o dos recursos do seu servidor.<\/p><\/div><\/div>[vc_empty_space]<div class=\"cb-container kd-animated fadeIn  \" data-animation-delay=200><div class=\"cb-img-area\"><div class=\"cb-customimg\"><img width=\"150\" height=\"98\" src=\"https:\/\/www.v2s.us\/wp-content\/uploads\/2017\/06\/virtualizacion-almacenamiento.png\" class=\"attachment-full\" alt=\"\" loading=\"lazy\" title=\"virtualizacion-almacenamiento\" \/><\/div><\/div><div class=\"cb-text-area\">\n                    <h4 class=\"cb-heading\"><span class=\"cb-highlighted\">Virtualiza\u00e7\u00e3o de Armazenamento<\/span><\/h4>\n                    <p>A virtualiza\u00e7\u00e3o de armazenamento fornece uma solu\u00e7\u00e3o para a forte demanda por crescimento de dados e a prolifera\u00e7\u00e3o de m\u00e1quinas e desktops virtuais. Ele oferece alto desempenho e disponibilidade incompar\u00e1vel compat\u00edvel com armazenamento heterog\u00eaneo.<\/p><\/div><\/div>[\/vc_column][vc_column width=&#8221;1\/2&#8243;]<div class=\"cb-container kd-animated fadeIn  \" data-animation-delay=200><div class=\"cb-img-area\"><div class=\"cb-customimg\"><img width=\"150\" height=\"98\" src=\"https:\/\/www.v2s.us\/wp-content\/uploads\/2017\/06\/virtualizacion-aplicaciones.png\" class=\"attachment-full\" alt=\"\" loading=\"lazy\" title=\"virtualizacion-aplicaciones\" \/><\/div><\/div><div class=\"cb-text-area\">\n                    <h4 class=\"cb-heading\"><span class=\"cb-highlighted\">Virtualiza\u00e7\u00e3o de Aplicativos<\/span><\/h4>\n                    <p>A virtualiza\u00e7\u00e3o de aplicativos permite que as aplica\u00e7\u00f5es sejam usadas independentemente do sistema operacional e do hardware utilizado. Eles tornam-se assim recipientes m\u00f3veis que podem ser movidos ou melhorados sem impacto em outros sistemas. Esta abordagem \u00e9 fundamental para facilitar a mobilidade empresarial e a agilidade exigida pelo seu neg\u00f3cio.<\/p><\/div><\/div>[vc_empty_space]<div class=\"cb-container kd-animated fadeIn  \" data-animation-delay=200><div class=\"cb-img-area\"><div class=\"cb-customimg\"><img width=\"150\" height=\"98\" src=\"https:\/\/www.v2s.us\/wp-content\/uploads\/2017\/06\/virtualizacion-redes.png\" class=\"attachment-full\" alt=\"\" loading=\"lazy\" title=\"virtualizacion-redes\" \/><\/div><\/div><div class=\"cb-text-area\">\n                    <h4 class=\"cb-heading\"><span class=\"cb-highlighted\">Virtualiza\u00e7\u00e3o de Rede<\/span><\/h4>\n                    <p>A virtualiza\u00e7\u00e3o de rede \u00e9 a reprodu\u00e7\u00e3o completa das fun\u00e7\u00f5es de uma rede f\u00edsica em software. Esta abordagem permite que a efici\u00eancia operacional seja capaz de criar, implementar e gerenciar qualquer topologia de rede de forma muito r\u00e1pida e segura, mesmo entre os centros de dados.<\/p><\/div><\/div>[\/vc_column][\/vc_row][vc_row el_class=&#8221;container&#8221;][vc_column][vc_empty_space height=&#8221;100px&#8221;][vc_custom_heading text=&#8221;Principais Benef\u00edcios:&#8221; font_container=&#8221;tag:h2|font_size:24|text_align:center|line_height:1.4&#8243; use_theme_fonts=&#8221;yes&#8221;][vc_empty_space height=&#8221;50px&#8221;][\/vc_column][\/vc_row][vc_row gap=&#8221;35&#8243; equal_height=&#8221;yes&#8221; css=&#8221;.vc_custom_1497519568527{margin-right: 100px !important;margin-left: 100px !important;}&#8221; el_class=&#8221;container&#8221;][vc_column width=&#8221;1\/3&#8243;]<div class=\"key-icon-box icon-default icon-top  kd-animated zoomIn \" style=\"background-color: none;\" data-animation-delay=400><div class=\"tt-iconbox-customimg img_small_size\"><img width=\"150\" height=\"98\" src=\"https:\/\/www.v2s.us\/wp-content\/uploads\/2017\/06\/Sem-T\u00edtulo-2.png\" class=\"attachment-full\" alt=\"\" loading=\"lazy\" title=\"Sem-T\u00edtulo-2\" \/><\/div><h4 class=\"service-heading\" >R\u00e1pida implanta\u00e7\u00e3o de aplicativos e recursos<\/h4><p >Velocidade e agilidade para apoiar inova\u00e7\u00e3o e crescimento de neg\u00f3cios<\/p><\/div>[\/vc_column][vc_column width=&#8221;1\/3&#8243;]<div class=\"key-icon-box icon-default icon-top  kd-animated zoomIn \" style=\"background-color: none;\" data-animation-delay=400><div class=\"tt-iconbox-customimg img_small_size\"><img width=\"150\" height=\"98\" src=\"https:\/\/www.v2s.us\/wp-content\/uploads\/2017\/06\/moderniza_centro_datos2.png\" class=\"attachment-full\" alt=\"\" loading=\"lazy\" title=\"moderniza_centro_datos2\" \/><\/div><h4 class=\"service-heading\" >Redu\u00e7\u00e3o de custos com maior desempenho<\/h4><p >Utiliza\u00e7\u00e3o m\u00e1xima de recursos de hardware e flexibilidade sem comprometer o desempenho. <\/p><\/div>[\/vc_column][vc_column width=&#8221;1\/3&#8243;]<div class=\"key-icon-box icon-default icon-top  kd-animated zoomIn \" style=\"background-color: none;\" data-animation-delay=400><div class=\"tt-iconbox-customimg img_small_size\"><img width=\"150\" height=\"98\" src=\"https:\/\/www.v2s.us\/wp-content\/uploads\/2017\/06\/moderniza_centro_datos3.png\" class=\"attachment-full\" alt=\"\" loading=\"lazy\" title=\"moderniza_centro_datos3\" \/><\/div><h4 class=\"service-heading\" >Alta disponibilidade local e remota em todos os momentos<\/h4><p >Minimiza\u00e7\u00e3o do tempo de inatividade e mitiga\u00e7\u00e3o de risco<\/p><\/div>[\/vc_column][\/vc_row][vc_row gap=&#8221;35&#8243; equal_height=&#8221;yes&#8221; css=&#8221;.vc_custom_1496873988255{margin-right: 100px !important;margin-left: 100px !important;}&#8221;][vc_column width=&#8221;1\/2&#8243;]<div class=\"key-icon-box icon-default icon-top  kd-animated zoomIn \" style=\"background-color: none;\" data-animation-delay=400><div class=\"tt-iconbox-customimg img_small_size\"><img width=\"150\" height=\"98\" src=\"https:\/\/www.v2s.us\/wp-content\/uploads\/2017\/06\/moderniza_centro_datos4.png\" class=\"attachment-full\" alt=\"\" loading=\"lazy\" title=\"moderniza_centro_datos4\" \/><\/div><h4 class=\"service-heading\" >Gerenciamento centralizado e automatizado<\/h4><p >Simplifica\u00e7\u00e3o operacional com alto n\u00edvel de seguran\u00e7a<\/p><\/div>[\/vc_column][vc_column width=&#8221;1\/2&#8243;]<div class=\"key-icon-box icon-default icon-top  kd-animated zoomIn \" style=\"background-color: none;\" data-animation-delay=400><div class=\"tt-iconbox-customimg img_small_size\"><img width=\"150\" height=\"98\" src=\"https:\/\/www.v2s.us\/wp-content\/uploads\/2017\/06\/moderniza_centro_datos5.png\" class=\"attachment-full\" alt=\"\" loading=\"lazy\" title=\"moderniza_centro_datos5\" \/><\/div><h4 class=\"service-heading\" >Automa\u00e7\u00e3o de fluxos e opera\u00e7\u00f5es<\/h4><p >Conclus\u00e3o autom\u00e1tica de tarefa, agilidade e simplifica\u00e7\u00e3o<\/p><\/div>[\/vc_column][\/vc_row][vc_row full_width=&#8221;stretch_row_content_no_spaces&#8221;][vc_column css=&#8221;.vc_custom_1501668437632{margin-top: 50px !important;margin-bottom: 50px !important;}&#8221;]<div class=\"kd-calltoaction no_icon \" style=\"background-color: #26a9e0;\">\n                <div class=\"container\"><div class=\"cta-text\">\n                        <h3 > Nossos especialistas est\u00e3o aconselhando muitos clientes nas melhores pr\u00e1ticas para modernizar seus data centers e adapt\u00e1-los \u00e0s suas necessidades atuais.<\/h3>\n                        <p ><\/p>\n                    <\/div>\n                    <div class=\"cta-btncontainer\">\n                        <a href=\"https:\/\/www.v2s.us\/pt-br\/inicio\/contacte-conosco\/\"  title=\"\" class=\"tt_button tt_secondary_button kd-animated zoomIn\" data-animation-delay=\"200\">Entre em contato conosco<\/a>\n                    <\/div>\n                <\/div>\n            <\/div>[\/vc_column][\/vc_row][vc_row][vc_column css=&#8221;.vc_custom_1499813980973{margin-top: 80px !important;}&#8221;][vc_custom_heading text=&#8221;Principais Tecnologias&#8221; font_container=&#8221;tag:h4|text_align:center&#8221; use_theme_fonts=&#8221;yes&#8221;][\/vc_column][\/vc_row][vc_row css=&#8221;.vc_custom_1496184006290{margin-top: 50px !important;}&#8221;][vc_column]<div class=\"slider clients zoomin-effect kd-client-69f4ea39734a4 \"><h6 class=\"clients-content\"><a href=\"https:\/\/www.alfresco.com\" target=\"_blank\" title=\"Alfresco\"><img width=\"123\" height=\"29\" src=\"https:\/\/www.v2s.us\/wp-content\/uploads\/2017\/06\/alfresco-1.png\" class=\"attachment-full\" alt=\"\" loading=\"lazy\" title=\"alfresco\" \/><\/a><\/h6><h6 class=\"clients-content\"><a href=\"https:\/\/www.centrify.com\" target=\"_blank\" title=\"Centrify\"><img width=\"123\" height=\"29\" src=\"https:\/\/www.v2s.us\/wp-content\/uploads\/2017\/05\/centrify-logo.png\" class=\"attachment-full\" alt=\"\" loading=\"lazy\" title=\"centrify-logo\" \/><\/a><\/h6><h6 class=\"clients-content\"><a href=\"http:\/\/www.cisco.com\" target=\"_blank\" title=\"Cisco\"><img width=\"123\" height=\"29\" src=\"https:\/\/www.v2s.us\/wp-content\/uploads\/2017\/05\/cisco-logo.png\" class=\"attachment-full\" alt=\"\" loading=\"lazy\" title=\"cisco-logo\" \/><\/a><\/h6><h6 class=\"clients-content\"><a href=\"http:\/\/www.citrix.com\/\" target=\"_blank\" title=\"Citrix\"><img width=\"123\" height=\"29\" src=\"https:\/\/www.v2s.us\/wp-content\/uploads\/2017\/06\/citrix.png\" class=\"attachment-full\" alt=\"\" loading=\"lazy\" title=\"citrix\" \/><\/a><\/h6><h6 class=\"clients-content\"><a href=\"http:\/\/www.datacore.com\" target=\"_blank\" title=\"Datacore Software\"><img width=\"123\" height=\"29\" src=\"https:\/\/www.v2s.us\/wp-content\/uploads\/2017\/05\/datacore_site.png\" class=\"attachment-full\" alt=\"\" loading=\"lazy\" title=\"datacore_site\" \/><\/a><\/h6><h6 class=\"clients-content\"><a href=\"http:\/\/www1.euro.dell.com\" target=\"_blank\" title=\"Dell EMC\"><img width=\"123\" height=\"29\" src=\"https:\/\/www.v2s.us\/wp-content\/uploads\/2017\/05\/DELL-logo.png\" class=\"attachment-full\" alt=\"\" loading=\"lazy\" title=\"DELL-logo\" \/><\/a><\/h6><h6 class=\"clients-content\"><a href=\"http:\/\/www.efficientip.com\/\" target=\"_blank\" title=\"EfficientIP\"><img width=\"123\" height=\"29\" src=\"https:\/\/www.v2s.us\/wp-content\/uploads\/2017\/06\/efficientip.png\" class=\"attachment-full\" alt=\"\" loading=\"lazy\" title=\"efficientip\" \/><\/a><\/h6><h6 class=\"clients-content\"><a href=\"http:\/\/www.fujitsu.com\" target=\"_blank\" title=\"Fujitsu\"><img width=\"123\" height=\"29\" src=\"https:\/\/www.v2s.us\/wp-content\/uploads\/2017\/06\/fujitsu.png\" class=\"attachment-full\" alt=\"\" loading=\"lazy\" title=\"fujitsu\" \/><\/a><\/h6><h6 class=\"clients-content\"><a href=\"http:\/\/www.hp.com\/\" target=\"_blank\" title=\"HP\"><img width=\"123\" height=\"29\" src=\"https:\/\/www.v2s.us\/wp-content\/uploads\/2017\/05\/hp-logo.png\" class=\"attachment-full\" alt=\"\" loading=\"lazy\" title=\"hp-logo\" \/><\/a><\/h6><h6 class=\"clients-content\"><a href=\"https:\/\/www.ibm.com\" target=\"_blank\" title=\"IBM\"><img width=\"123\" height=\"29\" src=\"https:\/\/www.v2s.us\/wp-content\/uploads\/2017\/05\/IBM-logo.png\" class=\"attachment-full\" alt=\"\" loading=\"lazy\" title=\"IBM-logo\" \/><\/a><\/h6><h6 class=\"clients-content\"><a href=\"https:\/\/www.kaspersky.com\" target=\"_blank\" title=\"Kaspersky\"><img width=\"123\" height=\"29\" src=\"https:\/\/www.v2s.us\/wp-content\/uploads\/2017\/05\/kaspersky-logo.png\" class=\"attachment-full\" alt=\"\" loading=\"lazy\" title=\"kaspersky-logo\" \/><\/a><\/h6><h6 class=\"clients-content\"><a href=\"http:\/\/www3.lenovo.com\/\" target=\"_blank\" title=\"Lenovo\"><img width=\"123\" height=\"29\" src=\"https:\/\/www.v2s.us\/wp-content\/uploads\/2017\/06\/lenovo.png\" class=\"attachment-full\" alt=\"\" loading=\"lazy\" title=\"lenovo\" \/><\/a><\/h6><h6 class=\"clients-content\"><a href=\"https:\/\/www.leostream.com\/\" target=\"_blank\" title=\"Leostream\"><img width=\"123\" height=\"29\" src=\"https:\/\/www.v2s.us\/wp-content\/uploads\/2017\/06\/leostream.png\" class=\"attachment-full\" alt=\"\" loading=\"lazy\" title=\"leostream\" \/><\/a><\/h6><h6 class=\"clients-content\"><a href=\"http:\/\/www.linux.org\" target=\"_blank\" title=\"Linux\"><img width=\"123\" height=\"29\" src=\"https:\/\/www.v2s.us\/wp-content\/uploads\/2017\/06\/linux.png\" class=\"attachment-full\" alt=\"\" loading=\"lazy\" title=\"linux\" \/><\/a><\/h6><h6 class=\"clients-content\"><a href=\"http:\/\/www.microsoft.com\" target=\"_blank\" title=\"Microsoft\"><img width=\"123\" height=\"29\" src=\"https:\/\/www.v2s.us\/wp-content\/uploads\/2017\/05\/microsoft-logo.png\" class=\"attachment-full\" alt=\"\" loading=\"lazy\" title=\"microsoft-logo\" \/><\/a><\/h6><h6 class=\"clients-content\"><a href=\"http:\/\/www.nexsan.com\" target=\"_blank\" title=\"Nexsan\"><img width=\"123\" height=\"29\" src=\"https:\/\/www.v2s.us\/wp-content\/uploads\/2017\/05\/nexsan-logo.png\" class=\"attachment-full\" alt=\"\" loading=\"lazy\" title=\"nexsan-logo\" \/><\/a><\/h6><h6 class=\"clients-content\"><a href=\"https:\/\/www.oracle.com\/\" target=\"_blank\" title=\"Oracle\"><img width=\"123\" height=\"29\" src=\"https:\/\/www.v2s.us\/wp-content\/uploads\/2017\/05\/oracle-logo.png\" class=\"attachment-full\" alt=\"\" loading=\"lazy\" title=\"oracle-logo\" \/><\/a><\/h6><h6 class=\"clients-content\"><a href=\"https:\/\/www.supermicro.com\/\" target=\"_blank\" title=\"Supermicro\"><img width=\"123\" height=\"29\" src=\"https:\/\/www.v2s.us\/wp-content\/uploads\/2017\/05\/supermicro-logo.png\" class=\"attachment-full\" alt=\"\" loading=\"lazy\" title=\"supermicro-logo\" \/><\/a><\/h6><h6 class=\"clients-content\"><a href=\"https:\/\/www.swhosting.com\/\" target=\"_blank\" title=\"SWhosting\"><img width=\"123\" height=\"28\" src=\"https:\/\/www.v2s.us\/wp-content\/uploads\/2017\/06\/Logo-SWhosting-OK-1900x414-Color-Corporatiu.png\" class=\"attachment-full\" alt=\"\" loading=\"lazy\" title=\"Logo-SWhosting-OK-1900x414-Color-Corporatiu\" \/><\/a><\/h6><h6 class=\"clients-content\"><a href=\"https:\/\/www.veeam.com\" target=\"_blank\" title=\"Veeam\"><img width=\"123\" height=\"29\" src=\"https:\/\/www.v2s.us\/wp-content\/uploads\/2017\/05\/veeam-logo.png\" class=\"attachment-full\" alt=\"\" loading=\"lazy\" title=\"veeam-logo\" \/><\/a><\/h6><h6 class=\"clients-content\"><a href=\"https:\/\/www.vmware.com\" target=\"_blank\" title=\"VMware\"><img width=\"123\" height=\"29\" src=\"https:\/\/www.v2s.us\/wp-content\/uploads\/2017\/06\/vmware_logo.png\" class=\"attachment-full\" alt=\"\" loading=\"lazy\" title=\"vmware_logo\" \/><\/a><\/h6><h6 class=\"clients-content\"><a href=\"https:\/\/www.zimbra.com\" target=\"_blank\" title=\"Veeam\"><img width=\"123\" height=\"29\" src=\"https:\/\/www.v2s.us\/wp-content\/uploads\/2017\/06\/zimbra-1.png\" class=\"attachment-full\" alt=\"\" loading=\"lazy\" title=\"zimbra\" \/><\/a><\/h6><\/div><script type=\"text\/javascript\">\r\n              jQuery(document).ready(function($){\r\n                if ($(\".slider.clients.kd-client-69f4ea39734a4\").length) {\r\n                  $(\".slider.clients.kd-client-69f4ea39734a4\").owlCarousel({\r\n                    navigation: false,\r\n                    pagination: false,autoPlay: 3000,stopOnHover: false,\r\n                    items: 6,\r\n                    addClassActive: true,\r\n                  });\r\n                }\r\n              });\r\n            <\/script>[\/vc_column][\/vc_row]<\/p>\n<\/section>","protected":false},"excerpt":{"rendered":"<p>[vc_row content_placement=&#8221;middle&#8221; el_class=&#8221;container&#8221;][vc_column width=&#8221;2\/3&#8243;][vc_row_inner 0=&#8221;&#8221; css=&#8221;.vc_custom_1497519602038{margin-top: 50px !important;margin-bottom: 50px !important;}&#8221;][vc_column_inner][vc_custom_heading text=&#8221;Por que eu deveria atualizar meu Data Center?&#8221; font_container=&#8221;tag:h2|text_align:justify&#8221; use_theme_fonts=&#8221;yes&#8221;][vc_separator color=&#8221;custom&#8221; align=&#8221;align_left&#8221; border_width=&#8221;2&#8243; [&hellip;]<\/p>\n","protected":false},"author":1,"featured_media":4535,"parent":0,"menu_order":0,"comment_status":"closed","ping_status":"closed","template":"","meta":{"_mi_skip_tracking":false},"yoast_head":"<!-- This site is optimized with the Yoast SEO plugin v19.8 - https:\/\/yoast.com\/wordpress\/plugins\/seo\/ -->\n<title>Modernize seu Data Center - V2S Corporation<\/title>\n<meta name=\"robots\" content=\"index, follow, max-snippet:-1, max-image-preview:large, max-video-preview:-1\" \/>\n<link rel=\"canonical\" href=\"https:\/\/www.v2s.us\/pt-br\/modernize-seu-data-center\/\" \/>\n<meta property=\"og:locale\" content=\"pt_BR\" \/>\n<meta property=\"og:type\" content=\"article\" \/>\n<meta property=\"og:title\" content=\"Modernize seu Data Center - V2S Corporation\" \/>\n<meta property=\"og:description\" content=\"[vc_row content_placement=&#8221;middle&#8221; el_class=&#8221;container&#8221;][vc_column width=&#8221;2\/3&#8243;][vc_row_inner 0=&#8221;&#8221; css=&#8221;.vc_custom_1497519602038{margin-top: 50px !important;margin-bottom: 50px !important;}&#8221;][vc_column_inner][vc_custom_heading text=&#8221;Por que eu deveria atualizar meu Data Center?&#8221; font_container=&#8221;tag:h2|text_align:justify&#8221; use_theme_fonts=&#8221;yes&#8221;][vc_separator color=&#8221;custom&#8221; align=&#8221;align_left&#8221; border_width=&#8221;2&#8243; [&hellip;]\" \/>\n<meta property=\"og:url\" content=\"https:\/\/www.v2s.us\/pt-br\/modernize-seu-data-center\/\" \/>\n<meta property=\"og:site_name\" content=\"V2S Corporation\" \/>\n<meta property=\"article:modified_time\" content=\"2018-11-27T11:04:05+00:00\" \/>\n<meta property=\"og:image\" content=\"https:\/\/www.v2s.us\/wp-content\/uploads\/2017\/05\/DATACENTER-biel-morro-235394.jpg\" \/>\n\t<meta property=\"og:image:width\" content=\"1600\" \/>\n\t<meta property=\"og:image:height\" content=\"1064\" \/>\n\t<meta property=\"og:image:type\" content=\"image\/jpeg\" \/>\n<meta name=\"twitter:card\" content=\"summary_large_image\" \/>\n<meta name=\"twitter:label1\" content=\"Est. tempo de leitura\" \/>\n\t<meta name=\"twitter:data1\" content=\"8 minutos\" \/>\n<script type=\"application\/ld+json\" class=\"yoast-schema-graph\">{\"@context\":\"https:\/\/schema.org\",\"@graph\":[{\"@type\":\"WebPage\",\"@id\":\"https:\/\/www.v2s.us\/pt-br\/modernize-seu-data-center\/\",\"url\":\"https:\/\/www.v2s.us\/pt-br\/modernize-seu-data-center\/\",\"name\":\"Modernize seu Data Center - V2S Corporation\",\"isPartOf\":{\"@id\":\"https:\/\/www.v2s.us\/#website\"},\"datePublished\":\"2018-11-26T22:42:39+00:00\",\"dateModified\":\"2018-11-27T11:04:05+00:00\",\"breadcrumb\":{\"@id\":\"https:\/\/www.v2s.us\/pt-br\/modernize-seu-data-center\/#breadcrumb\"},\"inLanguage\":\"pt-BR\",\"potentialAction\":[{\"@type\":\"ReadAction\",\"target\":[\"https:\/\/www.v2s.us\/pt-br\/modernize-seu-data-center\/\"]}]},{\"@type\":\"BreadcrumbList\",\"@id\":\"https:\/\/www.v2s.us\/pt-br\/modernize-seu-data-center\/#breadcrumb\",\"itemListElement\":[{\"@type\":\"ListItem\",\"position\":1,\"name\":\"Home\",\"item\":\"https:\/\/www.v2s.us\/pt-br\/\"},{\"@type\":\"ListItem\",\"position\":2,\"name\":\"Modernize seu Data Center\"}]},{\"@type\":\"WebSite\",\"@id\":\"https:\/\/www.v2s.us\/#website\",\"url\":\"https:\/\/www.v2s.us\/\",\"name\":\"V2S Corporation\",\"description\":\"Add value to Digital Transformation\",\"potentialAction\":[{\"@type\":\"SearchAction\",\"target\":{\"@type\":\"EntryPoint\",\"urlTemplate\":\"https:\/\/www.v2s.us\/?s={search_term_string}\"},\"query-input\":\"required name=search_term_string\"}],\"inLanguage\":\"pt-BR\"}]}<\/script>\n<!-- \/ Yoast SEO plugin. -->","yoast_head_json":{"title":"Modernize seu Data Center - V2S Corporation","robots":{"index":"index","follow":"follow","max-snippet":"max-snippet:-1","max-image-preview":"max-image-preview:large","max-video-preview":"max-video-preview:-1"},"canonical":"https:\/\/www.v2s.us\/pt-br\/modernize-seu-data-center\/","og_locale":"pt_BR","og_type":"article","og_title":"Modernize seu Data Center - V2S Corporation","og_description":"[vc_row content_placement=&#8221;middle&#8221; el_class=&#8221;container&#8221;][vc_column width=&#8221;2\/3&#8243;][vc_row_inner 0=&#8221;&#8221; css=&#8221;.vc_custom_1497519602038{margin-top: 50px !important;margin-bottom: 50px !important;}&#8221;][vc_column_inner][vc_custom_heading text=&#8221;Por que eu deveria atualizar meu Data Center?&#8221; font_container=&#8221;tag:h2|text_align:justify&#8221; use_theme_fonts=&#8221;yes&#8221;][vc_separator color=&#8221;custom&#8221; align=&#8221;align_left&#8221; border_width=&#8221;2&#8243; [&hellip;]","og_url":"https:\/\/www.v2s.us\/pt-br\/modernize-seu-data-center\/","og_site_name":"V2S Corporation","article_modified_time":"2018-11-27T11:04:05+00:00","og_image":[{"width":1600,"height":1064,"url":"https:\/\/www.v2s.us\/wp-content\/uploads\/2017\/05\/DATACENTER-biel-morro-235394.jpg","type":"image\/jpeg"}],"twitter_card":"summary_large_image","twitter_misc":{"Est. tempo de leitura":"8 minutos"},"schema":{"@context":"https:\/\/schema.org","@graph":[{"@type":"WebPage","@id":"https:\/\/www.v2s.us\/pt-br\/modernize-seu-data-center\/","url":"https:\/\/www.v2s.us\/pt-br\/modernize-seu-data-center\/","name":"Modernize seu Data Center - V2S Corporation","isPartOf":{"@id":"https:\/\/www.v2s.us\/#website"},"datePublished":"2018-11-26T22:42:39+00:00","dateModified":"2018-11-27T11:04:05+00:00","breadcrumb":{"@id":"https:\/\/www.v2s.us\/pt-br\/modernize-seu-data-center\/#breadcrumb"},"inLanguage":"pt-BR","potentialAction":[{"@type":"ReadAction","target":["https:\/\/www.v2s.us\/pt-br\/modernize-seu-data-center\/"]}]},{"@type":"BreadcrumbList","@id":"https:\/\/www.v2s.us\/pt-br\/modernize-seu-data-center\/#breadcrumb","itemListElement":[{"@type":"ListItem","position":1,"name":"Home","item":"https:\/\/www.v2s.us\/pt-br\/"},{"@type":"ListItem","position":2,"name":"Modernize seu Data Center"}]},{"@type":"WebSite","@id":"https:\/\/www.v2s.us\/#website","url":"https:\/\/www.v2s.us\/","name":"V2S Corporation","description":"Add value to Digital Transformation","potentialAction":[{"@type":"SearchAction","target":{"@type":"EntryPoint","urlTemplate":"https:\/\/www.v2s.us\/?s={search_term_string}"},"query-input":"required name=search_term_string"}],"inLanguage":"pt-BR"}]}},"_links":{"self":[{"href":"https:\/\/www.v2s.us\/pt-br\/wp-json\/wp\/v2\/pages\/5075\/"}],"collection":[{"href":"https:\/\/www.v2s.us\/pt-br\/wp-json\/wp\/v2\/pages\/"}],"about":[{"href":"https:\/\/www.v2s.us\/pt-br\/wp-json\/wp\/v2\/types\/page\/"}],"author":[{"embeddable":true,"href":"https:\/\/www.v2s.us\/pt-br\/wp-json\/wp\/v2\/users\/1\/"}],"replies":[{"embeddable":true,"href":"https:\/\/www.v2s.us\/pt-br\/wp-json\/wp\/v2\/comments\/?post=5075"}],"version-history":[{"count":5,"href":"https:\/\/www.v2s.us\/pt-br\/wp-json\/wp\/v2\/pages\/5075\/revisions\/"}],"predecessor-version":[{"id":5145,"href":"https:\/\/www.v2s.us\/pt-br\/wp-json\/wp\/v2\/pages\/5075\/revisions\/5145\/"}],"wp:featuredmedia":[{"embeddable":true,"href":"https:\/\/www.v2s.us\/pt-br\/wp-json\/wp\/v2\/media\/4535\/"}],"wp:attachment":[{"href":"https:\/\/www.v2s.us\/pt-br\/wp-json\/wp\/v2\/media\/?parent=5075"}],"curies":[{"name":"wp","href":"https:\/\/api.w.org\/{rel}","templated":true}]}}