{"id":5083,"date":"2018-11-26T22:45:35","date_gmt":"2018-11-26T22:45:35","guid":{"rendered":"https:\/\/www.v2s.us\/melhore-o-seu-caminho-de-colaboracao\/"},"modified":"2018-11-27T12:14:30","modified_gmt":"2018-11-27T12:14:30","slug":"melhore-o-seu-caminho-de-colaboracao","status":"publish","type":"page","link":"https:\/\/www.v2s.us\/pt-br\/melhore-o-seu-caminho-de-colaboracao\/","title":{"rendered":"Melhore o seu caminho de colabora\u00e7\u00e3o"},"content":{"rendered":"<section class=\"wpb-content-wrapper\"><p>[vc_row content_placement=&#8221;middle&#8221; el_class=&#8221;container&#8221;][vc_column width=&#8221;2\/3&#8243;][vc_row_inner 0=&#8221;&#8221; css=&#8221;.vc_custom_1497864445751{margin-top: 50px !important;margin-bottom: 50px !important;}&#8221;][vc_column_inner][vc_custom_heading text=&#8221;Impacta a produtividade e o desempenho das equipes de trabalho&#8221; font_container=&#8221;tag:h2|text_align:justify&#8221; use_theme_fonts=&#8221;yes&#8221;][vc_separator color=&#8221;custom&#8221; align=&#8221;align_left&#8221; border_width=&#8221;2&#8243; el_width=&#8221;10&#8243;][vc_custom_heading text=&#8221;A integra\u00e7\u00e3o de ferramentas de colabora\u00e7\u00e3o em ambientes de trabalho atuais \u00e9 fundamental para fortalecer as rela\u00e7\u00f5es entre equipes de trabalho e assim acelerar a tomada de decis\u00f5es. Isso tem um impacto na maior produtividade e desempenho.&#8221; font_container=&#8221;tag:p|font_size:18|text_align:justify|line_height:1.4&#8243; use_theme_fonts=&#8221;yes&#8221;][\/vc_column_inner][\/vc_row_inner][\/vc_column][vc_column width=&#8221;1\/3&#8243;][vc_single_image image=&#8221;3088&#8243; img_size=&#8221;200&#215;130&#8243; alignment=&#8221;center&#8221; css_animation=&#8221;fadeInRightBig&#8221; css=&#8221;.vc_custom_1497558460838{margin-top: 100px !important;}&#8221;][\/vc_column][\/vc_row][vc_row gap=&#8221;10&#8243; css=&#8221;.vc_custom_1497864464553{margin-bottom: 50px !important;}&#8221; el_class=&#8221;container&#8221;][vc_column width=&#8221;1\/2&#8243;]<div class=\"cb-container   \" ><div class=\"cb-img-area\"><i class=\"iconsmind-Address-Book2 fa\" style=\" \"><\/i> <\/div><div class=\"cb-text-area\">\n                    <h4 class=\"cb-heading\"><span class=\"cb-highlighted\">Alfresco<\/span><\/h4>\n                    <p>O gerenciamento de documentos controla o conte\u00fado da sua empresa com um alto grau de modularidade e desempenho escal\u00e1vel:<\/p>\n<p>\u2022 Pesquisa e descoberta avan\u00e7adas<br \/>\n\u2022 Integra\u00e7\u00e3o de conte\u00fado em processos<br \/>\n\u2022 Alta seguran\u00e7a para conte\u00fado cr\u00edtico<br \/>\n\u2022 C\u00f3digo e padr\u00f5es abertos<br \/>\n\u2022 Automa\u00e7\u00e3o de processos que otimizam fluxos de trabalho<br \/>\n\u2022 F\u00e1cil de expandir, personalizar e integrar em aplicativos e processos existentes<br \/>\n<\/p><\/div><\/div>[\/vc_column][vc_column width=&#8221;1\/2&#8243;]<div class=\"cb-container   \" ><div class=\"cb-img-area\"><i class=\"iconsmind-Affiliate fa\" style=\" \"><\/i> <\/div><div class=\"cb-text-area\">\n                    <h4 class=\"cb-heading\"><span class=\"cb-highlighted\">Zimbra<\/span><\/h4>\n                    <p>Uma ferramenta escal\u00e1vel que permite compartilhar, armazenar e organizar e-mails de forma segura e robusta com uma excelente experi\u00eancia de usu\u00e1rio:<\/p>\n<p>\u2022 Permite trabalhar sem estar conectado \u00e0 rede<br \/>\n\u2022 Acess\u00edvel atrav\u00e9s da web com solu\u00e7\u00f5es de c\u00f3digo aberto<br \/>\n\u2022 Fun\u00e7\u00f5es dispon\u00edveis: calend\u00e1rios, livros de endere\u00e7os, arquivos, tarefas, mensagens instant\u00e2neas.<br \/>\n\u2022 Permite integra\u00e7\u00e3o com o Active Directory e o Exchange<br \/>\n<\/p><\/div><\/div>[\/vc_column][\/vc_row][vc_row full_width=&#8221;stretch_row_content_no_spaces&#8221;][vc_column css=&#8221;.vc_custom_1501668460288{margin-top: 50px !important;margin-bottom: 50px !important;}&#8221;]<div class=\"kd-calltoaction no_icon \" style=\"background-color: #26a9e0;\">\n                <div class=\"container\"><div class=\"cta-text\">\n                        <h3 >Nossos especialistas est\u00e3o aconselhando muitos clientes nas melhores pr\u00e1ticas de colabora\u00e7\u00e3o de acordo com as necessidades atuais.<\/h3>\n                        <p ><\/p>\n                    <\/div>\n                    <div class=\"cta-btncontainer\">\n                        <a href=\"https:\/\/www.v2s.us\/pt-br\/inicio\/contacte-conosco\/\"  title=\"\" class=\"tt_button tt_secondary_button kd-animated zoomIn\" data-animation-delay=\"200\"> Entre em contato conosco<\/a>\n                    <\/div>\n                <\/div>\n            <\/div>[\/vc_column][\/vc_row][vc_row][vc_column css=&#8221;.vc_custom_1499813980973{margin-top: 80px !important;}&#8221;][vc_custom_heading text=&#8221;Principais Tecnologias&#8221; font_container=&#8221;tag:h4|text_align:center&#8221; use_theme_fonts=&#8221;yes&#8221;][\/vc_column][\/vc_row][vc_row css=&#8221;.vc_custom_1496184006290{margin-top: 50px !important;}&#8221;][vc_column]<div class=\"slider clients zoomin-effect kd-client-69e5f778b49df \"><h6 class=\"clients-content\"><a href=\"https:\/\/www.alfresco.com\" target=\"_blank\" title=\"Alfresco\"><img width=\"123\" height=\"29\" src=\"https:\/\/www.v2s.us\/wp-content\/uploads\/2017\/06\/alfresco-1.png\" class=\"attachment-full\" alt=\"\" loading=\"lazy\" title=\"alfresco\" \/><\/a><\/h6><h6 class=\"clients-content\"><a href=\"https:\/\/www.centrify.com\" target=\"_blank\" title=\"Centrify\"><img width=\"123\" height=\"29\" src=\"https:\/\/www.v2s.us\/wp-content\/uploads\/2017\/05\/centrify-logo.png\" class=\"attachment-full\" alt=\"\" loading=\"lazy\" title=\"centrify-logo\" \/><\/a><\/h6><h6 class=\"clients-content\"><a href=\"http:\/\/www.cisco.com\" target=\"_blank\" title=\"Cisco\"><img width=\"123\" height=\"29\" src=\"https:\/\/www.v2s.us\/wp-content\/uploads\/2017\/05\/cisco-logo.png\" class=\"attachment-full\" alt=\"\" loading=\"lazy\" title=\"cisco-logo\" \/><\/a><\/h6><h6 class=\"clients-content\"><a href=\"http:\/\/www.citrix.com\/\" target=\"_blank\" title=\"Citrix\"><img width=\"123\" height=\"29\" src=\"https:\/\/www.v2s.us\/wp-content\/uploads\/2017\/06\/citrix.png\" class=\"attachment-full\" alt=\"\" loading=\"lazy\" title=\"citrix\" \/><\/a><\/h6><h6 class=\"clients-content\"><a href=\"http:\/\/www.datacore.com\" target=\"_blank\" title=\"Datacore Software\"><img width=\"123\" height=\"29\" src=\"https:\/\/www.v2s.us\/wp-content\/uploads\/2017\/05\/datacore_site.png\" class=\"attachment-full\" alt=\"\" loading=\"lazy\" title=\"datacore_site\" \/><\/a><\/h6><h6 class=\"clients-content\"><a href=\"http:\/\/www1.euro.dell.com\" target=\"_blank\" title=\"Dell EMC\"><img width=\"123\" height=\"29\" src=\"https:\/\/www.v2s.us\/wp-content\/uploads\/2017\/05\/DELL-logo.png\" class=\"attachment-full\" alt=\"\" loading=\"lazy\" title=\"DELL-logo\" \/><\/a><\/h6><h6 class=\"clients-content\"><a href=\"http:\/\/www.efficientip.com\/\" target=\"_blank\" title=\"EfficientIP\"><img width=\"123\" height=\"29\" src=\"https:\/\/www.v2s.us\/wp-content\/uploads\/2017\/06\/efficientip.png\" class=\"attachment-full\" alt=\"\" loading=\"lazy\" title=\"efficientip\" \/><\/a><\/h6><h6 class=\"clients-content\"><a href=\"http:\/\/www.fujitsu.com\/\" target=\"_blank\" title=\"Fujitsu\"><img width=\"123\" height=\"29\" src=\"https:\/\/www.v2s.us\/wp-content\/uploads\/2017\/06\/fujitsu.png\" class=\"attachment-full\" alt=\"\" loading=\"lazy\" title=\"fujitsu\" \/><\/a><\/h6><h6 class=\"clients-content\"><a href=\"http:\/\/www.hp.com\/\" target=\"_blank\" title=\"HP\"><img width=\"123\" height=\"29\" src=\"https:\/\/www.v2s.us\/wp-content\/uploads\/2017\/05\/hp-logo.png\" class=\"attachment-full\" alt=\"\" loading=\"lazy\" title=\"hp-logo\" \/><\/a><\/h6><h6 class=\"clients-content\"><a href=\"https:\/\/www.ibm.com\" target=\"_blank\" title=\"IBM\"><img width=\"123\" height=\"29\" src=\"https:\/\/www.v2s.us\/wp-content\/uploads\/2017\/05\/IBM-logo.png\" class=\"attachment-full\" alt=\"\" loading=\"lazy\" title=\"IBM-logo\" \/><\/a><\/h6><h6 class=\"clients-content\"><a href=\"https:\/\/www.kaspersky.com\" target=\"_blank\" title=\"Kaspersky\"><img width=\"123\" height=\"29\" src=\"https:\/\/www.v2s.us\/wp-content\/uploads\/2017\/05\/kaspersky-logo.png\" class=\"attachment-full\" alt=\"\" loading=\"lazy\" title=\"kaspersky-logo\" \/><\/a><\/h6><h6 class=\"clients-content\"><a href=\"http:\/\/www3.lenovo.com\/\" target=\"_blank\" title=\"Lenovo\"><img width=\"123\" height=\"29\" src=\"https:\/\/www.v2s.us\/wp-content\/uploads\/2017\/06\/lenovo.png\" class=\"attachment-full\" alt=\"\" loading=\"lazy\" title=\"lenovo\" \/><\/a><\/h6><h6 class=\"clients-content\"><a href=\"https:\/\/www.leostream.com\/\" target=\"_blank\" title=\"Leostream\"><img width=\"123\" height=\"29\" src=\"https:\/\/www.v2s.us\/wp-content\/uploads\/2017\/06\/leostream.png\" class=\"attachment-full\" alt=\"\" loading=\"lazy\" title=\"leostream\" \/><\/a><\/h6><h6 class=\"clients-content\"><a href=\"http:\/\/www.linux.org\" target=\"_blank\" title=\"Linux\"><img width=\"123\" height=\"29\" src=\"https:\/\/www.v2s.us\/wp-content\/uploads\/2017\/06\/linux.png\" class=\"attachment-full\" alt=\"\" loading=\"lazy\" title=\"linux\" \/><\/a><\/h6><h6 class=\"clients-content\"><a href=\"http:\/\/www.microsoft.com\" target=\"_blank\" title=\"Microsoft\"><img width=\"123\" height=\"29\" src=\"https:\/\/www.v2s.us\/wp-content\/uploads\/2017\/05\/microsoft-logo.png\" class=\"attachment-full\" alt=\"\" loading=\"lazy\" title=\"microsoft-logo\" \/><\/a><\/h6><h6 class=\"clients-content\"><a href=\"http:\/\/www.nexsan.com\" target=\"_blank\" title=\"Nexsan\"><img width=\"123\" height=\"29\" src=\"https:\/\/www.v2s.us\/wp-content\/uploads\/2017\/05\/nexsan-logo.png\" class=\"attachment-full\" alt=\"\" loading=\"lazy\" title=\"nexsan-logo\" \/><\/a><\/h6><h6 class=\"clients-content\"><a href=\"https:\/\/www.oracle.com\/\" target=\"_blank\" title=\"Oracle\"><img width=\"123\" height=\"29\" src=\"https:\/\/www.v2s.us\/wp-content\/uploads\/2017\/05\/oracle-logo.png\" class=\"attachment-full\" alt=\"\" loading=\"lazy\" title=\"oracle-logo\" \/><\/a><\/h6><h6 class=\"clients-content\"><a href=\"https:\/\/www.supermicro.com\/\" target=\"_blank\" title=\"Supermicro\"><img width=\"123\" height=\"29\" src=\"https:\/\/www.v2s.us\/wp-content\/uploads\/2017\/05\/supermicro-logo.png\" class=\"attachment-full\" alt=\"\" loading=\"lazy\" title=\"supermicro-logo\" \/><\/a><\/h6><h6 class=\"clients-content\"><a href=\"https:\/\/www.swhosting.com\/\" target=\"_blank\" title=\"SWhosting\"><img width=\"123\" height=\"28\" src=\"https:\/\/www.v2s.us\/wp-content\/uploads\/2017\/06\/Logo-SWhosting-OK-1900x414-Color-Corporatiu.png\" class=\"attachment-full\" alt=\"\" loading=\"lazy\" title=\"Logo-SWhosting-OK-1900x414-Color-Corporatiu\" \/><\/a><\/h6><h6 class=\"clients-content\"><a href=\"https:\/\/www.veeam.com\" target=\"_blank\" title=\"Veeam\"><img width=\"123\" height=\"29\" src=\"https:\/\/www.v2s.us\/wp-content\/uploads\/2017\/05\/veeam-logo.png\" class=\"attachment-full\" alt=\"\" loading=\"lazy\" title=\"veeam-logo\" \/><\/a><\/h6><h6 class=\"clients-content\"><a href=\"https:\/\/www.vmware.com\" target=\"_blank\" title=\"VMware\"><img width=\"123\" height=\"29\" src=\"https:\/\/www.v2s.us\/wp-content\/uploads\/2017\/06\/vmware_logo.png\" class=\"attachment-full\" alt=\"\" loading=\"lazy\" title=\"vmware_logo\" \/><\/a><\/h6><h6 class=\"clients-content\"><a href=\"https:\/\/www.zimbra.com\" target=\"_blank\" title=\"Veeam\"><img width=\"123\" height=\"29\" src=\"https:\/\/www.v2s.us\/wp-content\/uploads\/2017\/06\/zimbra-1.png\" class=\"attachment-full\" alt=\"\" loading=\"lazy\" title=\"zimbra\" \/><\/a><\/h6><\/div><script type=\"text\/javascript\">\r\n              jQuery(document).ready(function($){\r\n                if ($(\".slider.clients.kd-client-69e5f778b49df\").length) {\r\n                  $(\".slider.clients.kd-client-69e5f778b49df\").owlCarousel({\r\n                    navigation: false,\r\n                    pagination: false,autoPlay: 3000,stopOnHover: false,\r\n                    items: 6,\r\n                    addClassActive: true,\r\n                  });\r\n                }\r\n              });\r\n            <\/script>[\/vc_column][\/vc_row]<\/p>\n<\/section>","protected":false},"excerpt":{"rendered":"<p>[vc_row content_placement=&#8221;middle&#8221; el_class=&#8221;container&#8221;][vc_column width=&#8221;2\/3&#8243;][vc_row_inner 0=&#8221;&#8221; css=&#8221;.vc_custom_1497864445751{margin-top: 50px !important;margin-bottom: 50px !important;}&#8221;][vc_column_inner][vc_custom_heading text=&#8221;Impacta a produtividade e o desempenho das equipes de trabalho&#8221; font_container=&#8221;tag:h2|text_align:justify&#8221; use_theme_fonts=&#8221;yes&#8221;][vc_separator color=&#8221;custom&#8221; [&hellip;]<\/p>\n","protected":false},"author":1,"featured_media":4574,"parent":0,"menu_order":0,"comment_status":"closed","ping_status":"closed","template":"","meta":{"_mi_skip_tracking":false},"yoast_head":"<!-- This site is optimized with the Yoast SEO plugin v19.8 - https:\/\/yoast.com\/wordpress\/plugins\/seo\/ -->\n<title>Melhore o seu caminho de colabora\u00e7\u00e3o - V2S Corporation<\/title>\n<meta name=\"robots\" content=\"index, follow, max-snippet:-1, max-image-preview:large, max-video-preview:-1\" \/>\n<link rel=\"canonical\" href=\"https:\/\/www.v2s.us\/pt-br\/melhore-o-seu-caminho-de-colaboracao\/\" \/>\n<meta property=\"og:locale\" content=\"pt_BR\" \/>\n<meta property=\"og:type\" content=\"article\" \/>\n<meta property=\"og:title\" content=\"Melhore o seu caminho de colabora\u00e7\u00e3o - V2S Corporation\" \/>\n<meta property=\"og:description\" content=\"[vc_row content_placement=&#8221;middle&#8221; el_class=&#8221;container&#8221;][vc_column width=&#8221;2\/3&#8243;][vc_row_inner 0=&#8221;&#8221; css=&#8221;.vc_custom_1497864445751{margin-top: 50px !important;margin-bottom: 50px !important;}&#8221;][vc_column_inner][vc_custom_heading text=&#8221;Impacta a produtividade e o desempenho das equipes de trabalho&#8221; font_container=&#8221;tag:h2|text_align:justify&#8221; use_theme_fonts=&#8221;yes&#8221;][vc_separator color=&#8221;custom&#8221; [&hellip;]\" \/>\n<meta property=\"og:url\" content=\"https:\/\/www.v2s.us\/pt-br\/melhore-o-seu-caminho-de-colaboracao\/\" \/>\n<meta property=\"og:site_name\" content=\"V2S Corporation\" \/>\n<meta property=\"article:modified_time\" content=\"2018-11-27T12:14:30+00:00\" \/>\n<meta property=\"og:image\" content=\"https:\/\/www.v2s.us\/wp-content\/uploads\/2017\/06\/Colaboraci\u00f3n_ian-schneider-108618.jpg\" \/>\n\t<meta property=\"og:image:width\" content=\"1600\" \/>\n\t<meta property=\"og:image:height\" content=\"1068\" \/>\n\t<meta property=\"og:image:type\" content=\"image\/jpeg\" \/>\n<meta name=\"twitter:card\" content=\"summary_large_image\" \/>\n<meta name=\"twitter:label1\" content=\"Est. tempo de leitura\" \/>\n\t<meta name=\"twitter:data1\" content=\"5 minutos\" \/>\n<script type=\"application\/ld+json\" class=\"yoast-schema-graph\">{\"@context\":\"https:\/\/schema.org\",\"@graph\":[{\"@type\":\"WebPage\",\"@id\":\"https:\/\/www.v2s.us\/pt-br\/melhore-o-seu-caminho-de-colaboracao\/\",\"url\":\"https:\/\/www.v2s.us\/pt-br\/melhore-o-seu-caminho-de-colaboracao\/\",\"name\":\"Melhore o seu caminho de colabora\u00e7\u00e3o - V2S Corporation\",\"isPartOf\":{\"@id\":\"https:\/\/www.v2s.us\/#website\"},\"datePublished\":\"2018-11-26T22:45:35+00:00\",\"dateModified\":\"2018-11-27T12:14:30+00:00\",\"breadcrumb\":{\"@id\":\"https:\/\/www.v2s.us\/pt-br\/melhore-o-seu-caminho-de-colaboracao\/#breadcrumb\"},\"inLanguage\":\"pt-BR\",\"potentialAction\":[{\"@type\":\"ReadAction\",\"target\":[\"https:\/\/www.v2s.us\/pt-br\/melhore-o-seu-caminho-de-colaboracao\/\"]}]},{\"@type\":\"BreadcrumbList\",\"@id\":\"https:\/\/www.v2s.us\/pt-br\/melhore-o-seu-caminho-de-colaboracao\/#breadcrumb\",\"itemListElement\":[{\"@type\":\"ListItem\",\"position\":1,\"name\":\"Home\",\"item\":\"https:\/\/www.v2s.us\/pt-br\/\"},{\"@type\":\"ListItem\",\"position\":2,\"name\":\"Melhore o seu caminho de colabora\u00e7\u00e3o\"}]},{\"@type\":\"WebSite\",\"@id\":\"https:\/\/www.v2s.us\/#website\",\"url\":\"https:\/\/www.v2s.us\/\",\"name\":\"V2S Corporation\",\"description\":\"Add value to Digital Transformation\",\"potentialAction\":[{\"@type\":\"SearchAction\",\"target\":{\"@type\":\"EntryPoint\",\"urlTemplate\":\"https:\/\/www.v2s.us\/?s={search_term_string}\"},\"query-input\":\"required name=search_term_string\"}],\"inLanguage\":\"pt-BR\"}]}<\/script>\n<!-- \/ Yoast SEO plugin. -->","yoast_head_json":{"title":"Melhore o seu caminho de colabora\u00e7\u00e3o - V2S Corporation","robots":{"index":"index","follow":"follow","max-snippet":"max-snippet:-1","max-image-preview":"max-image-preview:large","max-video-preview":"max-video-preview:-1"},"canonical":"https:\/\/www.v2s.us\/pt-br\/melhore-o-seu-caminho-de-colaboracao\/","og_locale":"pt_BR","og_type":"article","og_title":"Melhore o seu caminho de colabora\u00e7\u00e3o - V2S Corporation","og_description":"[vc_row content_placement=&#8221;middle&#8221; el_class=&#8221;container&#8221;][vc_column width=&#8221;2\/3&#8243;][vc_row_inner 0=&#8221;&#8221; css=&#8221;.vc_custom_1497864445751{margin-top: 50px !important;margin-bottom: 50px !important;}&#8221;][vc_column_inner][vc_custom_heading text=&#8221;Impacta a produtividade e o desempenho das equipes de trabalho&#8221; font_container=&#8221;tag:h2|text_align:justify&#8221; use_theme_fonts=&#8221;yes&#8221;][vc_separator color=&#8221;custom&#8221; [&hellip;]","og_url":"https:\/\/www.v2s.us\/pt-br\/melhore-o-seu-caminho-de-colaboracao\/","og_site_name":"V2S Corporation","article_modified_time":"2018-11-27T12:14:30+00:00","og_image":[{"width":1600,"height":1068,"url":"https:\/\/www.v2s.us\/wp-content\/uploads\/2017\/06\/Colaboraci\u00f3n_ian-schneider-108618.jpg","type":"image\/jpeg"}],"twitter_card":"summary_large_image","twitter_misc":{"Est. tempo de leitura":"5 minutos"},"schema":{"@context":"https:\/\/schema.org","@graph":[{"@type":"WebPage","@id":"https:\/\/www.v2s.us\/pt-br\/melhore-o-seu-caminho-de-colaboracao\/","url":"https:\/\/www.v2s.us\/pt-br\/melhore-o-seu-caminho-de-colaboracao\/","name":"Melhore o seu caminho de colabora\u00e7\u00e3o - V2S Corporation","isPartOf":{"@id":"https:\/\/www.v2s.us\/#website"},"datePublished":"2018-11-26T22:45:35+00:00","dateModified":"2018-11-27T12:14:30+00:00","breadcrumb":{"@id":"https:\/\/www.v2s.us\/pt-br\/melhore-o-seu-caminho-de-colaboracao\/#breadcrumb"},"inLanguage":"pt-BR","potentialAction":[{"@type":"ReadAction","target":["https:\/\/www.v2s.us\/pt-br\/melhore-o-seu-caminho-de-colaboracao\/"]}]},{"@type":"BreadcrumbList","@id":"https:\/\/www.v2s.us\/pt-br\/melhore-o-seu-caminho-de-colaboracao\/#breadcrumb","itemListElement":[{"@type":"ListItem","position":1,"name":"Home","item":"https:\/\/www.v2s.us\/pt-br\/"},{"@type":"ListItem","position":2,"name":"Melhore o seu caminho de colabora\u00e7\u00e3o"}]},{"@type":"WebSite","@id":"https:\/\/www.v2s.us\/#website","url":"https:\/\/www.v2s.us\/","name":"V2S Corporation","description":"Add value to Digital Transformation","potentialAction":[{"@type":"SearchAction","target":{"@type":"EntryPoint","urlTemplate":"https:\/\/www.v2s.us\/?s={search_term_string}"},"query-input":"required name=search_term_string"}],"inLanguage":"pt-BR"}]}},"_links":{"self":[{"href":"https:\/\/www.v2s.us\/pt-br\/wp-json\/wp\/v2\/pages\/5083\/"}],"collection":[{"href":"https:\/\/www.v2s.us\/pt-br\/wp-json\/wp\/v2\/pages\/"}],"about":[{"href":"https:\/\/www.v2s.us\/pt-br\/wp-json\/wp\/v2\/types\/page\/"}],"author":[{"embeddable":true,"href":"https:\/\/www.v2s.us\/pt-br\/wp-json\/wp\/v2\/users\/1\/"}],"replies":[{"embeddable":true,"href":"https:\/\/www.v2s.us\/pt-br\/wp-json\/wp\/v2\/comments\/?post=5083"}],"version-history":[{"count":5,"href":"https:\/\/www.v2s.us\/pt-br\/wp-json\/wp\/v2\/pages\/5083\/revisions\/"}],"predecessor-version":[{"id":5158,"href":"https:\/\/www.v2s.us\/pt-br\/wp-json\/wp\/v2\/pages\/5083\/revisions\/5158\/"}],"wp:featuredmedia":[{"embeddable":true,"href":"https:\/\/www.v2s.us\/pt-br\/wp-json\/wp\/v2\/media\/4574\/"}],"wp:attachment":[{"href":"https:\/\/www.v2s.us\/pt-br\/wp-json\/wp\/v2\/media\/?parent=5083"}],"curies":[{"name":"wp","href":"https:\/\/api.w.org\/{rel}","templated":true}]}}