{"id":5085,"date":"2018-11-26T22:45:58","date_gmt":"2018-11-26T22:45:58","guid":{"rendered":"https:\/\/www.v2s.us\/consultoria\/"},"modified":"2018-11-27T12:23:16","modified_gmt":"2018-11-27T12:23:16","slug":"consultoria","status":"publish","type":"page","link":"https:\/\/www.v2s.us\/pt-br\/consultoria\/","title":{"rendered":"Consultoria"},"content":{"rendered":"<section class=\"wpb-content-wrapper\"><p>[vc_row content_placement=&#8221;middle&#8221;][vc_column][vc_row_inner 0=&#8221;&#8221; css=&#8221;.vc_custom_1497863538711{margin-top: 50px !important;margin-bottom: 50px !important;}&#8221; el_class=&#8221;container&#8221;][vc_column_inner css=&#8221;.vc_custom_1486561683026{padding-left: 0px !important;}&#8221;][vc_custom_heading text=&#8221;Acelere o retorno do seu investimento em TI com um plano personalizado&#8221; font_container=&#8221;tag:h2|text_align:justify&#8221; use_theme_fonts=&#8221;yes&#8221;][vc_separator color=&#8221;custom&#8221; align=&#8221;align_left&#8221; border_width=&#8221;2&#8243; el_width=&#8221;10&#8243;][vc_custom_heading text=&#8221;Nossos servi\u00e7os de consultoria s\u00e3o projetados para orient\u00e1-lo ao definir proposi\u00e7\u00f5es de valor para os novos modelos de neg\u00f3cios associados \u00e0 sua Transforma\u00e7\u00e3o Digital.<br \/>\nAlinhando as estrat\u00e9gias de tecnologia com os objetivos de sua empresa, a tecnologia \u00e9 vista n\u00e3o como um custo, mas como elemento facilitador e catalisador.<br \/>\nO nosso foco e valor agregado \u00e9 a vasta experi\u00eancia que temos para recomendar as melhores estrat\u00e9gias de virtualiza\u00e7\u00e3o de data centers, aplica\u00e7\u00f5es, armazenamento e redes de acordo com as mudan\u00e7as nas necessidades dos diferentes setores industriais.&#8221; font_container=&#8221;tag:p|font_size:18|text_align:justify|line_height:1.4&#8243; use_theme_fonts=&#8221;yes&#8221;][\/vc_column_inner][\/vc_row_inner][\/vc_column][\/vc_row][vc_row el_class=&#8221;container&#8221;][vc_column width=&#8221;1\/4&#8243;][vc_empty_space]<div class=\"kd-photobox flash-effect  \" ><div class=\"photobox-img\"><img width=\"400\" height=\"260\" src=\"https:\/\/www.v2s.us\/wp-content\/uploads\/2017\/06\/Centro-de-datos_claro.png\" class=\"attachment-full\" alt=\"\" loading=\"lazy\" title=\"Centro-de-datos_claro\" srcset=\"https:\/\/www.v2s.us\/wp-content\/uploads\/2017\/06\/Centro-de-datos_claro.png 400w, https:\/\/www.v2s.us\/wp-content\/uploads\/2017\/06\/Centro-de-datos_claro-300x195.png 300w\" sizes=\"(max-width: 400px) 100vw, 400px\" \/><\/div><div class=\"phb-content text-center\" >\n                  <h4 > Workshops Estrat\u00e9gicos <\/h4>\n                  <p >Compreender os objetivos de neg\u00f3cios alinhando a tecnologia certa para alcan\u00e7\u00e1-los.<br \/>\nDefini\u00e7\u00e3o de um roteiro priorizando recomenda\u00e7\u00f5es baseadas em pessoas, processos e tecnologia<\/p><\/div><\/div>[\/vc_column][vc_column width=&#8221;1\/4&#8243;][vc_empty_space]<div class=\"kd-photobox flash-effect  \" ><div class=\"photobox-img\"><img width=\"400\" height=\"260\" src=\"https:\/\/www.v2s.us\/wp-content\/uploads\/2017\/06\/consultor\u00eda2.png\" class=\"attachment-full\" alt=\"\" loading=\"lazy\" title=\"consultor\u00eda2\" srcset=\"https:\/\/www.v2s.us\/wp-content\/uploads\/2017\/06\/consultor\u00eda2.png 400w, https:\/\/www.v2s.us\/wp-content\/uploads\/2017\/06\/consultor\u00eda2-300x195.png 300w\" sizes=\"(max-width: 400px) 100vw, 400px\" \/><\/div><div class=\"phb-content text-center\" >\n                  <h4 > Auditorias e Healthchecks<\/h4>\n                  <p >An\u00e1lise aprofundada do ambiente atual contra as melhores pr\u00e1ticas recomendadas<br \/>\nApresenta\u00e7\u00e3o de um relat\u00f3rio de detec\u00e7\u00e3o de problemas e solu\u00e7\u00f5es de remedia\u00e7\u00e3o e otimiza\u00e7\u00e3o<\/p><\/div><\/div>[\/vc_column][vc_column width=&#8221;1\/4&#8243;][vc_empty_space]<div class=\"kd-photobox flash-effect  \" ><div class=\"photobox-img\"><img width=\"400\" height=\"260\" src=\"https:\/\/www.v2s.us\/wp-content\/uploads\/2017\/06\/consultor\u00eda3.png\" class=\"attachment-full\" alt=\"\" loading=\"lazy\" title=\"consultor\u00eda3\" srcset=\"https:\/\/www.v2s.us\/wp-content\/uploads\/2017\/06\/consultor\u00eda3.png 400w, https:\/\/www.v2s.us\/wp-content\/uploads\/2017\/06\/consultor\u00eda3-300x195.png 300w\" sizes=\"(max-width: 400px) 100vw, 400px\" \/><\/div><div class=\"phb-content text-center\" >\n                  <h4 >Gerenciamento Avan\u00e7ado de Projetos<\/h4>\n                  <p >Gerenciamento e melhoria de projetos \/ processos (PMO, ITIL, COBIT, Lean, Six Sigma)<br \/>\nServi\u00e7os que cobrem o ciclo de vida de um projeto, aprofundando as diferentes \u00e1reas de planejamento e gerenciamento<\/p><\/div><\/div>[\/vc_column][vc_column width=&#8221;1\/4&#8243;][vc_empty_space]<div class=\"kd-photobox flash-effect  \" ><div class=\"photobox-img\"><img width=\"400\" height=\"260\" src=\"https:\/\/www.v2s.us\/wp-content\/uploads\/2017\/06\/consultoria4-1.png\" class=\"attachment-full\" alt=\"\" loading=\"lazy\" title=\"consultoria4\" srcset=\"https:\/\/www.v2s.us\/wp-content\/uploads\/2017\/06\/consultoria4-1.png 400w, https:\/\/www.v2s.us\/wp-content\/uploads\/2017\/06\/consultoria4-1-300x195.png 300w\" sizes=\"(max-width: 400px) 100vw, 400px\" \/><\/div><div class=\"phb-content text-center\" >\n                  <h4 >Automa\u00e7\u00e3o de fluxos e opera\u00e7\u00f5es<\/h4>\n                  <p >Desenvolvimento de um plano de otimiza\u00e7\u00e3o para automatizar a execu\u00e7\u00e3o de atividades repetitivas para gerenciamento eficiente, gra\u00e7as a uma redu\u00e7\u00e3o nos custos de suporte e opera\u00e7\u00f5es<br \/>\n<\/p><\/div><\/div>[\/vc_column][\/vc_row][vc_row][vc_column][vc_empty_space height=&#8221;50px&#8221;][vc_empty_space height=&#8221;50px&#8221;][\/vc_column][\/vc_row][vc_row full_width=&#8221;stretch_row_content_no_spaces&#8221; css=&#8221;.vc_custom_1543321374888{padding-bottom: 0px !important;background-color: #ffffff !important;}&#8221;][vc_column css=&#8221;.vc_custom_1501668841265{padding-top: 0px !important;}&#8221;]<div class=\"kd-calltoaction no_icon \" style=\"background-color: #26a9e0;\">\n                <div class=\"container\"><div class=\"cta-text\">\n                        <h3 >Nossos especialistas est\u00e3o aconselhando muitos clientes em suas estrat\u00e9gias de Transforma\u00e7\u00e3o Digital.<\/h3>\n                        <p ><\/p>\n                    <\/div>\n                    <div class=\"cta-btncontainer\">\n                        <a href=\"https:\/\/www.v2s.us\/pt-br\/inicio\/contacte-conosco\/\"  title=\"\" class=\"tt_button tt_secondary_button kd-animated zoomIn\" data-animation-delay=\"200\">Entre em contato conosco<\/a>\n                    <\/div>\n                <\/div>\n            <\/div>[\/vc_column][\/vc_row]<\/p>\n<\/section>","protected":false},"excerpt":{"rendered":"<p>[vc_row content_placement=&#8221;middle&#8221;][vc_column][vc_row_inner 0=&#8221;&#8221; css=&#8221;.vc_custom_1497863538711{margin-top: 50px !important;margin-bottom: 50px !important;}&#8221; el_class=&#8221;container&#8221;][vc_column_inner css=&#8221;.vc_custom_1486561683026{padding-left: 0px !important;}&#8221;][vc_custom_heading text=&#8221;Acelere o retorno do seu investimento em TI com um plano [&hellip;]<\/p>\n","protected":false},"author":1,"featured_media":4520,"parent":0,"menu_order":0,"comment_status":"closed","ping_status":"closed","template":"","meta":{"_mi_skip_tracking":false},"yoast_head":"<!-- This site is optimized with the Yoast SEO plugin v19.8 - https:\/\/yoast.com\/wordpress\/plugins\/seo\/ -->\n<title>Consultoria - V2S Corporation<\/title>\n<meta name=\"robots\" content=\"index, follow, max-snippet:-1, max-image-preview:large, max-video-preview:-1\" \/>\n<link rel=\"canonical\" href=\"https:\/\/www.v2s.us\/pt-br\/consultoria\/\" \/>\n<meta property=\"og:locale\" content=\"pt_BR\" \/>\n<meta property=\"og:type\" content=\"article\" \/>\n<meta property=\"og:title\" content=\"Consultoria - V2S Corporation\" \/>\n<meta property=\"og:description\" content=\"[vc_row content_placement=&#8221;middle&#8221;][vc_column][vc_row_inner 0=&#8221;&#8221; css=&#8221;.vc_custom_1497863538711{margin-top: 50px !important;margin-bottom: 50px !important;}&#8221; el_class=&#8221;container&#8221;][vc_column_inner css=&#8221;.vc_custom_1486561683026{padding-left: 0px !important;}&#8221;][vc_custom_heading text=&#8221;Acelere o retorno do seu investimento em TI com um plano [&hellip;]\" \/>\n<meta property=\"og:url\" content=\"https:\/\/www.v2s.us\/pt-br\/consultoria\/\" \/>\n<meta property=\"og:site_name\" content=\"V2S Corporation\" \/>\n<meta property=\"article:modified_time\" content=\"2018-11-27T12:23:16+00:00\" \/>\n<meta property=\"og:image\" content=\"https:\/\/www.v2s.us\/wp-content\/uploads\/2017\/05\/olu-eletu-13086-2.jpg\" \/>\n\t<meta property=\"og:image:width\" content=\"1920\" \/>\n\t<meta property=\"og:image:height\" content=\"1272\" \/>\n\t<meta property=\"og:image:type\" content=\"image\/jpeg\" \/>\n<meta name=\"twitter:card\" content=\"summary_large_image\" \/>\n<meta name=\"twitter:label1\" content=\"Est. tempo de leitura\" \/>\n\t<meta name=\"twitter:data1\" content=\"3 minutos\" \/>\n<script type=\"application\/ld+json\" class=\"yoast-schema-graph\">{\"@context\":\"https:\/\/schema.org\",\"@graph\":[{\"@type\":\"WebPage\",\"@id\":\"https:\/\/www.v2s.us\/pt-br\/consultoria\/\",\"url\":\"https:\/\/www.v2s.us\/pt-br\/consultoria\/\",\"name\":\"Consultoria - V2S Corporation\",\"isPartOf\":{\"@id\":\"https:\/\/www.v2s.us\/#website\"},\"datePublished\":\"2018-11-26T22:45:58+00:00\",\"dateModified\":\"2018-11-27T12:23:16+00:00\",\"breadcrumb\":{\"@id\":\"https:\/\/www.v2s.us\/pt-br\/consultoria\/#breadcrumb\"},\"inLanguage\":\"pt-BR\",\"potentialAction\":[{\"@type\":\"ReadAction\",\"target\":[\"https:\/\/www.v2s.us\/pt-br\/consultoria\/\"]}]},{\"@type\":\"BreadcrumbList\",\"@id\":\"https:\/\/www.v2s.us\/pt-br\/consultoria\/#breadcrumb\",\"itemListElement\":[{\"@type\":\"ListItem\",\"position\":1,\"name\":\"Home\",\"item\":\"https:\/\/www.v2s.us\/pt-br\/\"},{\"@type\":\"ListItem\",\"position\":2,\"name\":\"Consultoria\"}]},{\"@type\":\"WebSite\",\"@id\":\"https:\/\/www.v2s.us\/#website\",\"url\":\"https:\/\/www.v2s.us\/\",\"name\":\"V2S Corporation\",\"description\":\"Add value to Digital Transformation\",\"potentialAction\":[{\"@type\":\"SearchAction\",\"target\":{\"@type\":\"EntryPoint\",\"urlTemplate\":\"https:\/\/www.v2s.us\/?s={search_term_string}\"},\"query-input\":\"required name=search_term_string\"}],\"inLanguage\":\"pt-BR\"}]}<\/script>\n<!-- \/ Yoast SEO plugin. -->","yoast_head_json":{"title":"Consultoria - V2S Corporation","robots":{"index":"index","follow":"follow","max-snippet":"max-snippet:-1","max-image-preview":"max-image-preview:large","max-video-preview":"max-video-preview:-1"},"canonical":"https:\/\/www.v2s.us\/pt-br\/consultoria\/","og_locale":"pt_BR","og_type":"article","og_title":"Consultoria - V2S Corporation","og_description":"[vc_row content_placement=&#8221;middle&#8221;][vc_column][vc_row_inner 0=&#8221;&#8221; css=&#8221;.vc_custom_1497863538711{margin-top: 50px !important;margin-bottom: 50px !important;}&#8221; el_class=&#8221;container&#8221;][vc_column_inner css=&#8221;.vc_custom_1486561683026{padding-left: 0px !important;}&#8221;][vc_custom_heading text=&#8221;Acelere o retorno do seu investimento em TI com um plano [&hellip;]","og_url":"https:\/\/www.v2s.us\/pt-br\/consultoria\/","og_site_name":"V2S Corporation","article_modified_time":"2018-11-27T12:23:16+00:00","og_image":[{"width":1920,"height":1272,"url":"https:\/\/www.v2s.us\/wp-content\/uploads\/2017\/05\/olu-eletu-13086-2.jpg","type":"image\/jpeg"}],"twitter_card":"summary_large_image","twitter_misc":{"Est. tempo de leitura":"3 minutos"},"schema":{"@context":"https:\/\/schema.org","@graph":[{"@type":"WebPage","@id":"https:\/\/www.v2s.us\/pt-br\/consultoria\/","url":"https:\/\/www.v2s.us\/pt-br\/consultoria\/","name":"Consultoria - V2S Corporation","isPartOf":{"@id":"https:\/\/www.v2s.us\/#website"},"datePublished":"2018-11-26T22:45:58+00:00","dateModified":"2018-11-27T12:23:16+00:00","breadcrumb":{"@id":"https:\/\/www.v2s.us\/pt-br\/consultoria\/#breadcrumb"},"inLanguage":"pt-BR","potentialAction":[{"@type":"ReadAction","target":["https:\/\/www.v2s.us\/pt-br\/consultoria\/"]}]},{"@type":"BreadcrumbList","@id":"https:\/\/www.v2s.us\/pt-br\/consultoria\/#breadcrumb","itemListElement":[{"@type":"ListItem","position":1,"name":"Home","item":"https:\/\/www.v2s.us\/pt-br\/"},{"@type":"ListItem","position":2,"name":"Consultoria"}]},{"@type":"WebSite","@id":"https:\/\/www.v2s.us\/#website","url":"https:\/\/www.v2s.us\/","name":"V2S Corporation","description":"Add value to Digital Transformation","potentialAction":[{"@type":"SearchAction","target":{"@type":"EntryPoint","urlTemplate":"https:\/\/www.v2s.us\/?s={search_term_string}"},"query-input":"required name=search_term_string"}],"inLanguage":"pt-BR"}]}},"_links":{"self":[{"href":"https:\/\/www.v2s.us\/pt-br\/wp-json\/wp\/v2\/pages\/5085\/"}],"collection":[{"href":"https:\/\/www.v2s.us\/pt-br\/wp-json\/wp\/v2\/pages\/"}],"about":[{"href":"https:\/\/www.v2s.us\/pt-br\/wp-json\/wp\/v2\/types\/page\/"}],"author":[{"embeddable":true,"href":"https:\/\/www.v2s.us\/pt-br\/wp-json\/wp\/v2\/users\/1\/"}],"replies":[{"embeddable":true,"href":"https:\/\/www.v2s.us\/pt-br\/wp-json\/wp\/v2\/comments\/?post=5085"}],"version-history":[{"count":3,"href":"https:\/\/www.v2s.us\/pt-br\/wp-json\/wp\/v2\/pages\/5085\/revisions\/"}],"predecessor-version":[{"id":5160,"href":"https:\/\/www.v2s.us\/pt-br\/wp-json\/wp\/v2\/pages\/5085\/revisions\/5160\/"}],"wp:featuredmedia":[{"embeddable":true,"href":"https:\/\/www.v2s.us\/pt-br\/wp-json\/wp\/v2\/media\/4520\/"}],"wp:attachment":[{"href":"https:\/\/www.v2s.us\/pt-br\/wp-json\/wp\/v2\/media\/?parent=5085"}],"curies":[{"name":"wp","href":"https:\/\/api.w.org\/{rel}","templated":true}]}}