{"id":5087,"date":"2018-11-26T22:46:23","date_gmt":"2018-11-26T22:46:23","guid":{"rendered":"https:\/\/www.v2s.us\/projeto-e-implementacao\/"},"modified":"2018-11-27T12:53:15","modified_gmt":"2018-11-27T12:53:15","slug":"projeto-e-implementacao","status":"publish","type":"page","link":"https:\/\/www.v2s.us\/pt-br\/projeto-e-implementacao\/","title":{"rendered":"Projeto e Implementa\u00e7\u00e3o"},"content":{"rendered":"<section class=\"wpb-content-wrapper\"><p>[vc_row content_placement=&#8221;middle&#8221;][vc_column][vc_row_inner 0=&#8221;&#8221; css=&#8221;.vc_custom_1497863639864{margin-top: 50px !important;margin-bottom: 50px !important;}&#8221; el_class=&#8221;container&#8221;][vc_column_inner css=&#8221;.vc_custom_1486561683026{padding-left: 0px !important;}&#8221;][vc_custom_heading text=&#8221;Diminui o tempo de comercializa\u00e7\u00e3o de novas solu\u00e7\u00f5es gra\u00e7as \u00e0 nossa experi\u00eancia&#8221; use_theme_fonts=&#8221;yes&#8221;][vc_separator color=&#8221;custom&#8221; align=&#8221;align_left&#8221; border_width=&#8221;2&#8243; el_width=&#8221;10&#8243;][vc_custom_heading text=&#8221;Uma vez escolhida a estrat\u00e9gia tecnol\u00f3gica a seguir, o pr\u00f3ximo passo \u00e9 o design da solu\u00e7\u00e3o para sua implementa\u00e7\u00e3o subseq\u00fcente.<br \/>\nAtrav\u00e9s de anos de experi\u00eancia, nossos especialistas desenvolveram projetos e metodologias baseadas em boas pr\u00e1ticas para garantir que os projetos que realizamos atendam aos hor\u00e1rios, qualidade e or\u00e7amentos projetados.<br \/>\nTrabalhamos com os respons\u00e1veis \u200b\u200bpelo seu neg\u00f3cio para preparar um plano de implementa\u00e7\u00e3o e testes de acordo com suas necessidades. E antes do lan\u00e7amento, nossos servi\u00e7os de transfer\u00eancia de conhecimento e inicializa\u00e7\u00e3o garantem que sua equipe esteja pronta para liderar com novas solu\u00e7\u00f5es.&#8221; font_container=&#8221;tag:p|font_size:18|text_align:left|line_height:1.4&#8243; use_theme_fonts=&#8221;yes&#8221;][\/vc_column_inner][\/vc_row_inner][vc_empty_space][vc_custom_heading text=&#8221;Nossa metodologia&#8221; font_container=&#8221;tag:h3|text_align:center&#8221; use_theme_fonts=&#8221;yes&#8221;][vc_empty_space][\/vc_column][\/vc_row][vc_row gap=&#8221;10&#8243; content_placement=&#8221;middle&#8221; css_animation=&#8221;fadeInLeft&#8221; el_class=&#8221;container&#8221;][vc_column]\r\n            <div class=\"kd-process-steps process_five_elem \">\r\n                <ul>\r\n                <li>\r\n                    <div class=\"pss-container kd-animated zoomIn \" data-animation-delay=400><div class=\"pss-step-number\"><span>1<\/span><\/div><div class=\"pss-img-area\" style=\"background-color: ;\"><div class=\"process-icon\"><i class=\"iconsmind-Apple-Store fa\" style=\" \"><\/i><\/div><\/div>\r\n                        <div class=\"pss-text-area\">\r\n                            <h4 >Projeto da Solu\u00e7\u00e3o<\/h4>\r\n                            <p >Alto e Baixo N\u00edvel<\/p><\/div>\r\n                    <\/div>\r\n                <\/li>\r\n                <li>\r\n                    <div class=\"pss-container kd-animated zoomIn \" data-animation-delay=400><div class=\"pss-step-number\"><span>2<\/span><\/div><div class=\"pss-img-area\" style=\"background-color: ;\"><div class=\"process-icon\"><i class=\"iconsmind-Add-SpaceBeforeParagraph fa\" style=\" \"><\/i><\/div><\/div>\r\n                        <div class=\"pss-text-area\">\r\n                            <h4 >Implementa\u00e7\u00e3o <\/h4>\r\n                            <p >Seguindo metodologias comprovadas<\/p><\/div>\r\n                    <\/div>\r\n                <\/li>\r\n                <li>\r\n                    <div class=\"pss-container kd-animated zoomIn \" data-animation-delay=400><div class=\"pss-step-number\"><span>3<\/span><\/div><div class=\"pss-img-area\" style=\"background-color: ;\"><div class=\"process-icon\"><i class=\"iconsmind-Aerobics fa\" style=\" \"><\/i><\/div><\/div>\r\n                        <div class=\"pss-text-area\">\r\n                            <h4 >Plano de Testes<\/h4>\r\n                            <p >Testes Personalizados<\/p><\/div>\r\n                    <\/div>\r\n                <\/li>\r\n                <li>\r\n                    <div class=\"pss-container kd-animated zoomIn \" data-animation-delay=400><div class=\"pss-step-number\"><span>4<\/span><\/div><div class=\"pss-img-area\" style=\"background-color: ;\"><div class=\"process-icon\"><i class=\"iconsmind-Affiliate fa\" style=\" \"><\/i><\/div><\/div>\r\n                        <div class=\"pss-text-area\">\r\n                            <h4 >Transfer\u00eancia de Conhecimento<\/h4>\r\n                            <p >Transfer\u00eancia de Conhecimento<\/p><\/div>\r\n                    <\/div>\r\n                <\/li>\r\n                <li>\r\n                    <div class=\"pss-container kd-animated zoomIn \" data-animation-delay=400><div class=\"pss-step-number\"><span>5<\/span><\/div><div class=\"pss-img-area\" style=\"background-color: ;\"><div class=\"process-icon\"><i class=\"iconsmind-Airbrush fa\" style=\" \"><\/i><\/div><\/div>\r\n                        <div class=\"pss-text-area\">\r\n                            <h4 >Start-up<\/h4>\r\n                            <p >V\u00e1 em frente<\/p><\/div>\r\n                    <\/div>\r\n                <\/li><\/ul>\r\n            <\/div>[\/vc_column][\/vc_row][vc_row el_class=&#8221;container&#8221;][vc_column]<div class=\"kd-divider solid_line divider_full_width thin_solid\">\n                <div class=\"divider-line\" style=\"border-color:\"><\/div>\n            <\/div>[vc_empty_space height=&#8221;50px&#8221;][vc_custom_heading text=&#8221;Ambientes&#8221; font_container=&#8221;tag:h3|text_align:center&#8221; use_theme_fonts=&#8221;yes&#8221; css=&#8221;.vc_custom_1543322236638{margin-top: 100px !important;}&#8221;][\/vc_column][\/vc_row][vc_row el_class=&#8221;container&#8221;][vc_column width=&#8221;1\/3&#8243;][vc_empty_space]<div class=\"kd-photobox flash-effect  \" ><div class=\"photobox-img\"><img width=\"400\" height=\"260\" src=\"https:\/\/www.v2s.us\/wp-content\/uploads\/2017\/06\/on-premise.png\" class=\"attachment-full\" alt=\"\" loading=\"lazy\" title=\"on-premise\" srcset=\"https:\/\/www.v2s.us\/wp-content\/uploads\/2017\/06\/on-premise.png 400w, https:\/\/www.v2s.us\/wp-content\/uploads\/2017\/06\/on-premise-300x195.png 300w\" sizes=\"(max-width: 400px) 100vw, 400px\" \/><\/div><div class=\"phb-content text-center\" >\n                  <h4 >No Local<\/h4>\n                  <p >Os servidores f\u00edsicos e os aplicativos de gerenciamento de neg\u00f3cios s\u00e3o armazenados fisicamente nas pr\u00f3prias instala\u00e7\u00f5es da empresa.<br \/>\nO start-up e gerenciamento de solu\u00e7\u00f5es de TI s\u00e3o realizados pela mesma empresa, bem como por todas as decis\u00f5es associadas.<\/p>\n<p><\/p><\/div><\/div>[\/vc_column][vc_column width=&#8221;1\/3&#8243;][vc_empty_space]<div class=\"kd-photobox flash-effect  \" ><div class=\"photobox-img\"><img width=\"400\" height=\"260\" src=\"https:\/\/www.v2s.us\/wp-content\/uploads\/2017\/06\/cloud.png\" class=\"attachment-full\" alt=\"\" loading=\"lazy\" title=\"cloud\" srcset=\"https:\/\/www.v2s.us\/wp-content\/uploads\/2017\/06\/cloud.png 400w, https:\/\/www.v2s.us\/wp-content\/uploads\/2017\/06\/cloud-300x195.png 300w\" sizes=\"(max-width: 400px) 100vw, 400px\" \/><\/div><div class=\"phb-content text-center\" >\n                  <h4 >Nuvem<\/h4>\n                  <p >Os servidores e aplicativos s\u00e3o hospedados na nuvem e s\u00e3o gerenciados a partir da\u00ed:<br \/>\n\u2022 Migra\u00e7\u00e3o de ambientes n\u00e3o virtualizados para os principais ambientes (AWS, Azure)<br \/>\n\u2022 Greenfield: Novas implementa\u00e7\u00f5es<br \/>\n\u2022 Migra\u00e7\u00e3o de solu\u00e7\u00f5es de correio para a nuvem<\/p><\/div><\/div>[\/vc_column][vc_column width=&#8221;1\/3&#8243;][vc_empty_space]<div class=\"kd-photobox flash-effect  \" ><div class=\"photobox-img\"><img width=\"400\" height=\"260\" src=\"https:\/\/www.v2s.us\/wp-content\/uploads\/2017\/06\/hibrido.png\" class=\"attachment-full\" alt=\"\" loading=\"lazy\" title=\"hibrido\" srcset=\"https:\/\/www.v2s.us\/wp-content\/uploads\/2017\/06\/hibrido.png 400w, https:\/\/www.v2s.us\/wp-content\/uploads\/2017\/06\/hibrido-300x195.png 300w\" sizes=\"(max-width: 400px) 100vw, 400px\" \/><\/div><div class=\"phb-content text-center\" >\n                  <h4 >H\u00edbrido<\/h4>\n                  <p >Combina o melhor de um ambiente on-premise e cloud. Um dos nossos servi\u00e7os h\u00edbridos \u00e9:<br \/>\n\u2022 Cloud Disaster Recovery Service (CloudDRP) que replica dados cr\u00edticos para sua empresa usando t\u00e9cnicas de virtualiza\u00e7\u00e3o de armazenamento <\/p><\/div><\/div>[\/vc_column][\/vc_row][vc_row][vc_column][vc_empty_space height=&#8221;50px&#8221;][vc_empty_space height=&#8221;50px&#8221;][\/vc_column][\/vc_row][vc_row full_width=&#8221;stretch_row_content_no_spaces&#8221; css=&#8221;.vc_custom_1543322757706{padding-bottom: 0px !important;background-color: #ffffff !important;}&#8221;][vc_column css=&#8221;.vc_custom_1501668942088{padding-top: 0px !important;}&#8221;]<div class=\"kd-calltoaction no_icon \" style=\"background-color: #26a9e0;\">\n                <div class=\"container\"><div class=\"cta-text\">\n                        <h3 >Nossos especialistas est\u00e3o aconselhando muitos clientes em suas estrat\u00e9gias de Transforma\u00e7\u00e3o Digital.<\/h3>\n                        <p ><\/p>\n                    <\/div>\n                    <div class=\"cta-btncontainer\">\n                        <a href=\"https:\/\/www.v2s.us\/pt-br\/inicio\/contacte-conosco\/\"  title=\"\" class=\"tt_button tt_secondary_button kd-animated zoomIn\" data-animation-delay=\"200\">Entre em contato conosco<\/a>\n                    <\/div>\n                <\/div>\n            <\/div>[\/vc_column][\/vc_row]<\/p>\n<\/section>","protected":false},"excerpt":{"rendered":"<p>[vc_row content_placement=&#8221;middle&#8221;][vc_column][vc_row_inner 0=&#8221;&#8221; css=&#8221;.vc_custom_1497863639864{margin-top: 50px !important;margin-bottom: 50px !important;}&#8221; el_class=&#8221;container&#8221;][vc_column_inner css=&#8221;.vc_custom_1486561683026{padding-left: 0px !important;}&#8221;][vc_custom_heading text=&#8221;Diminui o tempo de comercializa\u00e7\u00e3o de novas solu\u00e7\u00f5es gra\u00e7as \u00e0 nossa [&hellip;]<\/p>\n","protected":false},"author":1,"featured_media":4715,"parent":0,"menu_order":0,"comment_status":"closed","ping_status":"closed","template":"","meta":{"_mi_skip_tracking":false},"yoast_head":"<!-- This site is optimized with the Yoast SEO plugin v19.8 - https:\/\/yoast.com\/wordpress\/plugins\/seo\/ -->\n<title>Projeto e Implementa\u00e7\u00e3o - V2S Corporation<\/title>\n<meta name=\"robots\" content=\"index, follow, max-snippet:-1, max-image-preview:large, max-video-preview:-1\" \/>\n<link rel=\"canonical\" href=\"https:\/\/www.v2s.us\/pt-br\/projeto-e-implementacao\/\" \/>\n<meta property=\"og:locale\" content=\"pt_BR\" \/>\n<meta property=\"og:type\" content=\"article\" \/>\n<meta property=\"og:title\" content=\"Projeto e Implementa\u00e7\u00e3o - V2S Corporation\" \/>\n<meta property=\"og:description\" content=\"[vc_row content_placement=&#8221;middle&#8221;][vc_column][vc_row_inner 0=&#8221;&#8221; css=&#8221;.vc_custom_1497863639864{margin-top: 50px !important;margin-bottom: 50px !important;}&#8221; el_class=&#8221;container&#8221;][vc_column_inner css=&#8221;.vc_custom_1486561683026{padding-left: 0px !important;}&#8221;][vc_custom_heading text=&#8221;Diminui o tempo de comercializa\u00e7\u00e3o de novas solu\u00e7\u00f5es gra\u00e7as \u00e0 nossa [&hellip;]\" \/>\n<meta property=\"og:url\" content=\"https:\/\/www.v2s.us\/pt-br\/projeto-e-implementacao\/\" \/>\n<meta property=\"og:site_name\" content=\"V2S Corporation\" \/>\n<meta property=\"article:modified_time\" content=\"2018-11-27T12:53:15+00:00\" \/>\n<meta property=\"og:image\" content=\"https:\/\/www.v2s.us\/wp-content\/uploads\/2017\/06\/Dise\u00f1o-e-Implementacion.jpg\" \/>\n\t<meta property=\"og:image:width\" content=\"1600\" \/>\n\t<meta property=\"og:image:height\" content=\"1068\" \/>\n\t<meta property=\"og:image:type\" content=\"image\/jpeg\" \/>\n<meta name=\"twitter:card\" content=\"summary_large_image\" \/>\n<meta name=\"twitter:label1\" content=\"Est. tempo de leitura\" \/>\n\t<meta name=\"twitter:data1\" content=\"4 minutos\" \/>\n<script type=\"application\/ld+json\" class=\"yoast-schema-graph\">{\"@context\":\"https:\/\/schema.org\",\"@graph\":[{\"@type\":\"WebPage\",\"@id\":\"https:\/\/www.v2s.us\/pt-br\/projeto-e-implementacao\/\",\"url\":\"https:\/\/www.v2s.us\/pt-br\/projeto-e-implementacao\/\",\"name\":\"Projeto e Implementa\u00e7\u00e3o - V2S Corporation\",\"isPartOf\":{\"@id\":\"https:\/\/www.v2s.us\/#website\"},\"datePublished\":\"2018-11-26T22:46:23+00:00\",\"dateModified\":\"2018-11-27T12:53:15+00:00\",\"breadcrumb\":{\"@id\":\"https:\/\/www.v2s.us\/pt-br\/projeto-e-implementacao\/#breadcrumb\"},\"inLanguage\":\"pt-BR\",\"potentialAction\":[{\"@type\":\"ReadAction\",\"target\":[\"https:\/\/www.v2s.us\/pt-br\/projeto-e-implementacao\/\"]}]},{\"@type\":\"BreadcrumbList\",\"@id\":\"https:\/\/www.v2s.us\/pt-br\/projeto-e-implementacao\/#breadcrumb\",\"itemListElement\":[{\"@type\":\"ListItem\",\"position\":1,\"name\":\"Home\",\"item\":\"https:\/\/www.v2s.us\/pt-br\/\"},{\"@type\":\"ListItem\",\"position\":2,\"name\":\"Projeto e Implementa\u00e7\u00e3o\"}]},{\"@type\":\"WebSite\",\"@id\":\"https:\/\/www.v2s.us\/#website\",\"url\":\"https:\/\/www.v2s.us\/\",\"name\":\"V2S Corporation\",\"description\":\"Add value to Digital Transformation\",\"potentialAction\":[{\"@type\":\"SearchAction\",\"target\":{\"@type\":\"EntryPoint\",\"urlTemplate\":\"https:\/\/www.v2s.us\/?s={search_term_string}\"},\"query-input\":\"required name=search_term_string\"}],\"inLanguage\":\"pt-BR\"}]}<\/script>\n<!-- \/ Yoast SEO plugin. -->","yoast_head_json":{"title":"Projeto e Implementa\u00e7\u00e3o - V2S Corporation","robots":{"index":"index","follow":"follow","max-snippet":"max-snippet:-1","max-image-preview":"max-image-preview:large","max-video-preview":"max-video-preview:-1"},"canonical":"https:\/\/www.v2s.us\/pt-br\/projeto-e-implementacao\/","og_locale":"pt_BR","og_type":"article","og_title":"Projeto e Implementa\u00e7\u00e3o - V2S Corporation","og_description":"[vc_row content_placement=&#8221;middle&#8221;][vc_column][vc_row_inner 0=&#8221;&#8221; css=&#8221;.vc_custom_1497863639864{margin-top: 50px !important;margin-bottom: 50px !important;}&#8221; el_class=&#8221;container&#8221;][vc_column_inner css=&#8221;.vc_custom_1486561683026{padding-left: 0px !important;}&#8221;][vc_custom_heading text=&#8221;Diminui o tempo de comercializa\u00e7\u00e3o de novas solu\u00e7\u00f5es gra\u00e7as \u00e0 nossa [&hellip;]","og_url":"https:\/\/www.v2s.us\/pt-br\/projeto-e-implementacao\/","og_site_name":"V2S Corporation","article_modified_time":"2018-11-27T12:53:15+00:00","og_image":[{"width":1600,"height":1068,"url":"https:\/\/www.v2s.us\/wp-content\/uploads\/2017\/06\/Dise\u00f1o-e-Implementacion.jpg","type":"image\/jpeg"}],"twitter_card":"summary_large_image","twitter_misc":{"Est. tempo de leitura":"4 minutos"},"schema":{"@context":"https:\/\/schema.org","@graph":[{"@type":"WebPage","@id":"https:\/\/www.v2s.us\/pt-br\/projeto-e-implementacao\/","url":"https:\/\/www.v2s.us\/pt-br\/projeto-e-implementacao\/","name":"Projeto e Implementa\u00e7\u00e3o - V2S Corporation","isPartOf":{"@id":"https:\/\/www.v2s.us\/#website"},"datePublished":"2018-11-26T22:46:23+00:00","dateModified":"2018-11-27T12:53:15+00:00","breadcrumb":{"@id":"https:\/\/www.v2s.us\/pt-br\/projeto-e-implementacao\/#breadcrumb"},"inLanguage":"pt-BR","potentialAction":[{"@type":"ReadAction","target":["https:\/\/www.v2s.us\/pt-br\/projeto-e-implementacao\/"]}]},{"@type":"BreadcrumbList","@id":"https:\/\/www.v2s.us\/pt-br\/projeto-e-implementacao\/#breadcrumb","itemListElement":[{"@type":"ListItem","position":1,"name":"Home","item":"https:\/\/www.v2s.us\/pt-br\/"},{"@type":"ListItem","position":2,"name":"Projeto e Implementa\u00e7\u00e3o"}]},{"@type":"WebSite","@id":"https:\/\/www.v2s.us\/#website","url":"https:\/\/www.v2s.us\/","name":"V2S Corporation","description":"Add value to Digital Transformation","potentialAction":[{"@type":"SearchAction","target":{"@type":"EntryPoint","urlTemplate":"https:\/\/www.v2s.us\/?s={search_term_string}"},"query-input":"required name=search_term_string"}],"inLanguage":"pt-BR"}]}},"_links":{"self":[{"href":"https:\/\/www.v2s.us\/pt-br\/wp-json\/wp\/v2\/pages\/5087\/"}],"collection":[{"href":"https:\/\/www.v2s.us\/pt-br\/wp-json\/wp\/v2\/pages\/"}],"about":[{"href":"https:\/\/www.v2s.us\/pt-br\/wp-json\/wp\/v2\/types\/page\/"}],"author":[{"embeddable":true,"href":"https:\/\/www.v2s.us\/pt-br\/wp-json\/wp\/v2\/users\/1\/"}],"replies":[{"embeddable":true,"href":"https:\/\/www.v2s.us\/pt-br\/wp-json\/wp\/v2\/comments\/?post=5087"}],"version-history":[{"count":3,"href":"https:\/\/www.v2s.us\/pt-br\/wp-json\/wp\/v2\/pages\/5087\/revisions\/"}],"predecessor-version":[{"id":5162,"href":"https:\/\/www.v2s.us\/pt-br\/wp-json\/wp\/v2\/pages\/5087\/revisions\/5162\/"}],"wp:featuredmedia":[{"embeddable":true,"href":"https:\/\/www.v2s.us\/pt-br\/wp-json\/wp\/v2\/media\/4715\/"}],"wp:attachment":[{"href":"https:\/\/www.v2s.us\/pt-br\/wp-json\/wp\/v2\/media\/?parent=5087"}],"curies":[{"name":"wp","href":"https:\/\/api.w.org\/{rel}","templated":true}]}}