{"id":5089,"date":"2018-11-26T22:46:41","date_gmt":"2018-11-26T22:46:41","guid":{"rendered":"https:\/\/www.v2s.us\/formacao\/"},"modified":"2018-11-27T14:34:41","modified_gmt":"2018-11-27T14:34:41","slug":"formacao","status":"publish","type":"page","link":"https:\/\/www.v2s.us\/pt-br\/formacao\/","title":{"rendered":"Forma\u00e7\u00e3o"},"content":{"rendered":"<section class=\"wpb-content-wrapper\"><p>[vc_row content_placement=&#8221;middle&#8221;][vc_column][vc_row_inner 0=&#8221;&#8221; css=&#8221;.vc_custom_1497863999041{margin-top: 50px !important;margin-bottom: 50px !important;}&#8221; el_class=&#8221;container&#8221;][vc_column_inner css=&#8221;.vc_custom_1486561683026{padding-left: 0px !important;}&#8221;][vc_custom_heading text=&#8221;Confie nos nossos especialistas para o seu crescimento t\u00e9cnico&#8221; font_container=&#8221;tag:h2|text_align:justify&#8221; use_theme_fonts=&#8221;yes&#8221;][vc_separator color=&#8221;custom&#8221; align=&#8221;align_left&#8221; border_width=&#8221;2&#8243; el_width=&#8221;10&#8243;][vc_custom_heading text=&#8221;Sabemos que os recursos humanos s\u00e3o o mais importante em uma organiza\u00e7\u00e3o. Portanto, desde nossos in\u00edcios como uma empresa, estamos altamente empenhados no desenvolvimento profissional e no crescimento t\u00e9cnico de pessoas. N\u00f3s colocamos \u00e0 sua disposi\u00e7\u00e3o profissionais altamente qualificados do setor, bem como m\u00e9todos de gamifica\u00e7\u00e3o para tornar sua experi\u00eancia o mais interessante poss\u00edvel durante o treinamento. Al\u00e9m de fornecer treinamento, nossos profissionais est\u00e3o implementando projetos no seu dia a dia para que os cursos sejam preenchidos com experi\u00eancias enriquecedoras do mundo real.&#8221; font_container=&#8221;tag:p|font_size:18|text_align:justify|line_height:1.4&#8243; use_theme_fonts=&#8221;yes&#8221;][\/vc_column_inner][\/vc_row_inner][\/vc_column][\/vc_row][vc_row gap=&#8221;35&#8243; el_class=&#8221;container&#8221;][vc_column width=&#8221;1\/3&#8243; css=&#8221;.vc_custom_1497441852093{margin-right: 50px !important;}&#8221;]<div class=\"cb-container kd-animated fadeIn  \" data-animation-delay=200><div class=\"cb-img-area\"><i class=\"iconsmind-Add-Window fa\" style=\" \"><\/i> <\/div><div class=\"cb-text-area\">\n                    <h4 class=\"cb-heading\"><span class=\"cb-highlighted\">Certifica\u00e7\u00f5es oficiais<\/span><\/h4>\n                    <p>A possibilidade de acompanh\u00e1-lo na sua certifica\u00e7\u00e3o oficial durante o curso escolhido. Buscamos maximizar a experi\u00eancia do curso discutindo fatores-chave sobre o exame de certifica\u00e7\u00e3o.<\/p><\/div><\/div>[\/vc_column][vc_column width=&#8221;1\/3&#8243;]<div class=\"cb-container kd-animated fadeIn  \" data-animation-delay=200><div class=\"cb-img-area\"><i class=\"iconsmind-Aerobics-3 fa\" style=\" \"><\/i> <\/div><div class=\"cb-text-area\">\n                    <h4 class=\"cb-heading\"><span class=\"cb-highlighted\">Oficinas personalizadas<\/span><\/h4>\n                    <p>Acesse conte\u00fado personalizado de acordo com suas necessidades de TI. Nossos especialistas projetam o conte\u00fado mais adequado que ser\u00e1 intercalado com as experi\u00eancias adquiridas em projetos reais.<\/p><\/div><\/div>[\/vc_column][vc_column width=&#8221;1\/3&#8243;]<div class=\"cb-container kd-animated fadeIn  \" data-animation-delay=200><div class=\"cb-img-area\"><i class=\"iconsmind-Add-File fa\" style=\" \"><\/i> <\/div><div class=\"cb-text-area\">\n                    <h4 class=\"cb-heading\"><span class=\"cb-highlighted\">Laborat\u00f3rio como servi\u00e7o<\/span><\/h4>\n                    <p>Loca\u00e7\u00e3o de laborat\u00f3rios e infra-estrutura de treinamento.<br \/>\nO acesso virtual oferece uma maneira conveniente e simples de simplificar sua aprendizagem ao ter acesso \u00e0s \u00faltimas tecnologias.<\/p><\/div><\/div>[\/vc_column][\/vc_row][vc_row][vc_column][vc_empty_space height=&#8221;100px&#8221;][vc_custom_heading text=&#8221;M\u00e9todos de Entrega&#8221; font_container=&#8221;tag:h2|font_size:24|text_align:center|line_height:1.4&#8243; use_theme_fonts=&#8221;yes&#8221;][vc_empty_space height=&#8221;50px&#8221;][\/vc_column][\/vc_row][vc_row gap=&#8221;35&#8243; equal_height=&#8221;yes&#8221; el_class=&#8221;container&#8221;][vc_column width=&#8221;1\/3&#8243;]<div class=\"key-icon-box icon-default icon-top  kd-animated zoomIn \" style=\"background-color: none;\" data-animation-delay=400><div class=\"tt-iconbox-customimg img_small_size\"><img width=\"92\" height=\"68\" src=\"https:\/\/www.v2s.us\/wp-content\/uploads\/2017\/06\/Formacion_Icono1.png\" class=\"attachment-full\" alt=\"\" loading=\"lazy\" title=\"Formacion_Icono1\" \/><\/div><h4 class=\"service-heading\" >Cursos On-line<\/h4><\/div>[\/vc_column][vc_column width=&#8221;1\/3&#8243;]<div class=\"key-icon-box icon-default icon-top  kd-animated zoomIn \" style=\"background-color: none;\" data-animation-delay=400><div class=\"tt-iconbox-customimg img_small_size\"><img width=\"58\" height=\"88\" src=\"https:\/\/www.v2s.us\/wp-content\/uploads\/2017\/06\/Formacion_Icono2.png\" class=\"attachment-full\" alt=\"\" loading=\"lazy\" title=\"Formacion_Icono2\" \/><\/div><h4 class=\"service-heading\" >Cursos de Sala de Aula<\/h4><\/div>[\/vc_column][vc_column width=&#8221;1\/3&#8243;]<div class=\"key-icon-box icon-default icon-top  kd-animated zoomIn \" style=\"background-color: none;\" data-animation-delay=400><div class=\"tt-iconbox-customimg img_small_size\"><img width=\"64\" height=\"68\" src=\"https:\/\/www.v2s.us\/wp-content\/uploads\/2017\/06\/Formacion_Icono3.png\" class=\"attachment-full\" alt=\"\" loading=\"lazy\" title=\"Formacion_Icono3\" \/><\/div><h4 class=\"service-heading\" >Laborat\u00f3rios dedicados por aluno<\/h4><\/div>[\/vc_column][\/vc_row][vc_row][vc_column][vc_empty_space height=&#8221;100px&#8221;][vc_custom_heading text=&#8221;Somos instrutores especializados em:&#8221; font_container=&#8221;tag:h2|font_size:24|text_align:center|line_height:1.4&#8243; use_theme_fonts=&#8221;yes&#8221;][vc_empty_space height=&#8221;50px&#8221;][\/vc_column][\/vc_row][vc_row full_width=&#8221;stretch_row_content_no_spaces&#8221; css=&#8221;.vc_custom_1543329260187{padding-bottom: 0px !important;background-color: #ffffff !important;}&#8221;][vc_column]<div class=\"slider clients zoomin-effect kd-client-69f4ea22e8111 \"><h6 class=\"clients-content\"><a href=\"http:\/\/www.datacore.com\" target=\"_blank\" title=\"Datacore Software\"><img width=\"123\" height=\"29\" src=\"https:\/\/www.v2s.us\/wp-content\/uploads\/2017\/05\/datacore_site.png\" class=\"attachment-full\" alt=\"\" loading=\"lazy\" title=\"datacore_site\" \/><\/a><\/h6><h6 class=\"clients-content\"><a href=\"http:\/\/www.vmware.com\" target=\"_blank\" title=\"VMware\"><img width=\"123\" height=\"29\" src=\"https:\/\/www.v2s.us\/wp-content\/uploads\/2017\/06\/vmware_logo.png\" class=\"attachment-full\" alt=\"\" loading=\"lazy\" title=\"vmware_logo\" \/><\/a><\/h6><\/div><script type=\"text\/javascript\">\r\n              jQuery(document).ready(function($){\r\n                if ($(\".slider.clients.kd-client-69f4ea22e8111\").length) {\r\n                  $(\".slider.clients.kd-client-69f4ea22e8111\").owlCarousel({\r\n                    navigation: false,\r\n                    pagination: false,autoPlay: 4000,stopOnHover: false,\r\n                    items: 6,\r\n                    addClassActive: true,\r\n                  });\r\n                }\r\n              });\r\n            <\/script>[vc_empty_space height=&#8221;50px&#8221;]<div class=\"kd-calltoaction no_icon \" style=\"background-color: #26a9e0;\">\n                <div class=\"container\"><div class=\"cta-text\">\n                        <h3 >Nossos especialistas est\u00e3o orientando muitos clientes em treinamento t\u00e9cnico. <\/h3>\n                        <p ><\/p>\n                    <\/div>\n                    <div class=\"cta-btncontainer\">\n                        <a href=\"https:\/\/www.v2s.us\/pt-br\/inicio\/contacte-conosco\/\"  title=\"\" class=\"tt_button tt_secondary_button kd-animated zoomIn\" data-animation-delay=\"200\">Entre em contaco conosco<\/a>\n                    <\/div>\n                <\/div>\n            <\/div>[\/vc_column][\/vc_row]<\/p>\n<\/section>","protected":false},"excerpt":{"rendered":"<p>[vc_row content_placement=&#8221;middle&#8221;][vc_column][vc_row_inner 0=&#8221;&#8221; css=&#8221;.vc_custom_1497863999041{margin-top: 50px !important;margin-bottom: 50px !important;}&#8221; el_class=&#8221;container&#8221;][vc_column_inner css=&#8221;.vc_custom_1486561683026{padding-left: 0px !important;}&#8221;][vc_custom_heading text=&#8221;Confie nos nossos especialistas para o seu crescimento t\u00e9cnico&#8221; font_container=&#8221;tag:h2|text_align:justify&#8221; use_theme_fonts=&#8221;yes&#8221;][vc_separator [&hellip;]<\/p>\n","protected":false},"author":1,"featured_media":4721,"parent":0,"menu_order":0,"comment_status":"closed","ping_status":"closed","template":"","meta":{"_mi_skip_tracking":false},"yoast_head":"<!-- This site is optimized with the Yoast SEO plugin v19.8 - https:\/\/yoast.com\/wordpress\/plugins\/seo\/ -->\n<title>Forma\u00e7\u00e3o - V2S Corporation<\/title>\n<meta name=\"robots\" content=\"index, follow, max-snippet:-1, max-image-preview:large, max-video-preview:-1\" \/>\n<link rel=\"canonical\" href=\"https:\/\/www.v2s.us\/pt-br\/formacao\/\" \/>\n<meta property=\"og:locale\" content=\"pt_BR\" \/>\n<meta property=\"og:type\" content=\"article\" \/>\n<meta property=\"og:title\" content=\"Forma\u00e7\u00e3o - V2S Corporation\" \/>\n<meta property=\"og:description\" content=\"[vc_row content_placement=&#8221;middle&#8221;][vc_column][vc_row_inner 0=&#8221;&#8221; css=&#8221;.vc_custom_1497863999041{margin-top: 50px !important;margin-bottom: 50px !important;}&#8221; el_class=&#8221;container&#8221;][vc_column_inner css=&#8221;.vc_custom_1486561683026{padding-left: 0px !important;}&#8221;][vc_custom_heading text=&#8221;Confie nos nossos especialistas para o seu crescimento t\u00e9cnico&#8221; font_container=&#8221;tag:h2|text_align:justify&#8221; use_theme_fonts=&#8221;yes&#8221;][vc_separator [&hellip;]\" \/>\n<meta property=\"og:url\" content=\"https:\/\/www.v2s.us\/pt-br\/formacao\/\" \/>\n<meta property=\"og:site_name\" content=\"V2S Corporation\" \/>\n<meta property=\"article:modified_time\" content=\"2018-11-27T14:34:41+00:00\" \/>\n<meta property=\"og:image\" content=\"https:\/\/www.v2s.us\/wp-content\/uploads\/2017\/06\/Foto-Oscar-Formaci\u00f3n.jpg\" \/>\n\t<meta property=\"og:image:width\" content=\"1600\" \/>\n\t<meta property=\"og:image:height\" content=\"911\" \/>\n\t<meta property=\"og:image:type\" content=\"image\/jpeg\" \/>\n<meta name=\"twitter:card\" content=\"summary_large_image\" \/>\n<meta name=\"twitter:label1\" content=\"Est. tempo de leitura\" \/>\n\t<meta name=\"twitter:data1\" content=\"4 minutos\" \/>\n<script type=\"application\/ld+json\" class=\"yoast-schema-graph\">{\"@context\":\"https:\/\/schema.org\",\"@graph\":[{\"@type\":\"WebPage\",\"@id\":\"https:\/\/www.v2s.us\/pt-br\/formacao\/\",\"url\":\"https:\/\/www.v2s.us\/pt-br\/formacao\/\",\"name\":\"Forma\u00e7\u00e3o - V2S Corporation\",\"isPartOf\":{\"@id\":\"https:\/\/www.v2s.us\/#website\"},\"datePublished\":\"2018-11-26T22:46:41+00:00\",\"dateModified\":\"2018-11-27T14:34:41+00:00\",\"breadcrumb\":{\"@id\":\"https:\/\/www.v2s.us\/pt-br\/formacao\/#breadcrumb\"},\"inLanguage\":\"pt-BR\",\"potentialAction\":[{\"@type\":\"ReadAction\",\"target\":[\"https:\/\/www.v2s.us\/pt-br\/formacao\/\"]}]},{\"@type\":\"BreadcrumbList\",\"@id\":\"https:\/\/www.v2s.us\/pt-br\/formacao\/#breadcrumb\",\"itemListElement\":[{\"@type\":\"ListItem\",\"position\":1,\"name\":\"Home\",\"item\":\"https:\/\/www.v2s.us\/pt-br\/\"},{\"@type\":\"ListItem\",\"position\":2,\"name\":\"Forma\u00e7\u00e3o\"}]},{\"@type\":\"WebSite\",\"@id\":\"https:\/\/www.v2s.us\/#website\",\"url\":\"https:\/\/www.v2s.us\/\",\"name\":\"V2S Corporation\",\"description\":\"Add value to Digital Transformation\",\"potentialAction\":[{\"@type\":\"SearchAction\",\"target\":{\"@type\":\"EntryPoint\",\"urlTemplate\":\"https:\/\/www.v2s.us\/?s={search_term_string}\"},\"query-input\":\"required name=search_term_string\"}],\"inLanguage\":\"pt-BR\"}]}<\/script>\n<!-- \/ Yoast SEO plugin. -->","yoast_head_json":{"title":"Forma\u00e7\u00e3o - V2S Corporation","robots":{"index":"index","follow":"follow","max-snippet":"max-snippet:-1","max-image-preview":"max-image-preview:large","max-video-preview":"max-video-preview:-1"},"canonical":"https:\/\/www.v2s.us\/pt-br\/formacao\/","og_locale":"pt_BR","og_type":"article","og_title":"Forma\u00e7\u00e3o - V2S Corporation","og_description":"[vc_row content_placement=&#8221;middle&#8221;][vc_column][vc_row_inner 0=&#8221;&#8221; css=&#8221;.vc_custom_1497863999041{margin-top: 50px !important;margin-bottom: 50px !important;}&#8221; el_class=&#8221;container&#8221;][vc_column_inner css=&#8221;.vc_custom_1486561683026{padding-left: 0px !important;}&#8221;][vc_custom_heading text=&#8221;Confie nos nossos especialistas para o seu crescimento t\u00e9cnico&#8221; font_container=&#8221;tag:h2|text_align:justify&#8221; use_theme_fonts=&#8221;yes&#8221;][vc_separator [&hellip;]","og_url":"https:\/\/www.v2s.us\/pt-br\/formacao\/","og_site_name":"V2S Corporation","article_modified_time":"2018-11-27T14:34:41+00:00","og_image":[{"width":1600,"height":911,"url":"https:\/\/www.v2s.us\/wp-content\/uploads\/2017\/06\/Foto-Oscar-Formaci\u00f3n.jpg","type":"image\/jpeg"}],"twitter_card":"summary_large_image","twitter_misc":{"Est. tempo de leitura":"4 minutos"},"schema":{"@context":"https:\/\/schema.org","@graph":[{"@type":"WebPage","@id":"https:\/\/www.v2s.us\/pt-br\/formacao\/","url":"https:\/\/www.v2s.us\/pt-br\/formacao\/","name":"Forma\u00e7\u00e3o - V2S Corporation","isPartOf":{"@id":"https:\/\/www.v2s.us\/#website"},"datePublished":"2018-11-26T22:46:41+00:00","dateModified":"2018-11-27T14:34:41+00:00","breadcrumb":{"@id":"https:\/\/www.v2s.us\/pt-br\/formacao\/#breadcrumb"},"inLanguage":"pt-BR","potentialAction":[{"@type":"ReadAction","target":["https:\/\/www.v2s.us\/pt-br\/formacao\/"]}]},{"@type":"BreadcrumbList","@id":"https:\/\/www.v2s.us\/pt-br\/formacao\/#breadcrumb","itemListElement":[{"@type":"ListItem","position":1,"name":"Home","item":"https:\/\/www.v2s.us\/pt-br\/"},{"@type":"ListItem","position":2,"name":"Forma\u00e7\u00e3o"}]},{"@type":"WebSite","@id":"https:\/\/www.v2s.us\/#website","url":"https:\/\/www.v2s.us\/","name":"V2S Corporation","description":"Add value to Digital Transformation","potentialAction":[{"@type":"SearchAction","target":{"@type":"EntryPoint","urlTemplate":"https:\/\/www.v2s.us\/?s={search_term_string}"},"query-input":"required name=search_term_string"}],"inLanguage":"pt-BR"}]}},"_links":{"self":[{"href":"https:\/\/www.v2s.us\/pt-br\/wp-json\/wp\/v2\/pages\/5089\/"}],"collection":[{"href":"https:\/\/www.v2s.us\/pt-br\/wp-json\/wp\/v2\/pages\/"}],"about":[{"href":"https:\/\/www.v2s.us\/pt-br\/wp-json\/wp\/v2\/types\/page\/"}],"author":[{"embeddable":true,"href":"https:\/\/www.v2s.us\/pt-br\/wp-json\/wp\/v2\/users\/1\/"}],"replies":[{"embeddable":true,"href":"https:\/\/www.v2s.us\/pt-br\/wp-json\/wp\/v2\/comments\/?post=5089"}],"version-history":[{"count":3,"href":"https:\/\/www.v2s.us\/pt-br\/wp-json\/wp\/v2\/pages\/5089\/revisions\/"}],"predecessor-version":[{"id":5170,"href":"https:\/\/www.v2s.us\/pt-br\/wp-json\/wp\/v2\/pages\/5089\/revisions\/5170\/"}],"wp:featuredmedia":[{"embeddable":true,"href":"https:\/\/www.v2s.us\/pt-br\/wp-json\/wp\/v2\/media\/4721\/"}],"wp:attachment":[{"href":"https:\/\/www.v2s.us\/pt-br\/wp-json\/wp\/v2\/media\/?parent=5089"}],"curies":[{"name":"wp","href":"https:\/\/api.w.org\/{rel}","templated":true}]}}