{"id":5091,"date":"2018-11-26T22:47:01","date_gmt":"2018-11-26T22:47:01","guid":{"rendered":"https:\/\/www.v2s.us\/suporte-e-gerenciamento\/"},"modified":"2018-11-27T13:17:36","modified_gmt":"2018-11-27T13:17:36","slug":"suporte-e-gerenciamento","status":"publish","type":"page","link":"https:\/\/www.v2s.us\/pt-br\/suporte-e-gerenciamento\/","title":{"rendered":"Suporte e Gerenciamento"},"content":{"rendered":"<section class=\"wpb-content-wrapper\"><p>[vc_row css=&#8221;.vc_custom_1497863771239{margin-top: 50px !important;margin-bottom: 50px !important;}&#8221; el_class=&#8221;container&#8221;][vc_column][vc_custom_heading text=&#8221;Minimiza interrup\u00e7\u00f5es do servi\u00e7o e per\u00edodos de inatividade&#8221; font_container=&#8221;tag:h2|text_align:justify&#8221; use_theme_fonts=&#8221;yes&#8221;][vc_separator align=&#8221;align_left&#8221; border_width=&#8221;2&#8243; el_width=&#8221;10&#8243;][vc_custom_heading text=&#8221;Para garantir a gest\u00e3o do estado atual das solu\u00e7\u00f5es de TI e para garantir o melhor desempenho, oferecemos diferentes n\u00edveis de servi\u00e7o.&#8221; font_container=&#8221;tag:p|font_size:18|text_align:left|line_height:1.4&#8243; use_theme_fonts=&#8221;yes&#8221;][\/vc_column][\/vc_row][vc_row content_placement=&#8221;middle&#8221; css=&#8221;.vc_custom_1497863781194{margin-top: 50px !important;margin-bottom: 100px !important;background-color: #ffffff !important;border-radius: 10px !important;}&#8221; el_class=&#8221;container&#8221;][vc_column width=&#8221;1\/2&#8243;][vc_row_inner 0=&#8221;&#8221; css=&#8221;.vc_custom_1497863825382{margin-top: 50px !important;margin-bottom: 50px !important;}&#8221;][vc_column_inner][vc_custom_heading text=&#8221;Suporte T\u00e9cnico (Reagente)&#8221; use_theme_fonts=&#8221;yes&#8221;][vc_separator color=&#8221;custom&#8221; align=&#8221;align_left&#8221; border_width=&#8221;2&#8243; el_width=&#8221;10&#8243;][vc_custom_heading text=&#8221;Os servi\u00e7os reativos fornecem assist\u00eancia com problemas de software ou hardware para minimizar as interrup\u00e7\u00f5es do servi\u00e7o.&#8221; font_container=&#8221;tag:p|font_size:18|text_align:left|line_height:1.4&#8243; use_theme_fonts=&#8221;yes&#8221;][\/vc_column_inner][\/vc_row_inner][\/vc_column][vc_column width=&#8221;1\/4&#8243;][vc_empty_space]<div class=\"cb-container  cb_transparent_color \" ><div class=\"cb-img-area\"><div class=\"cb-customimg\"><img width=\"55\" height=\"65\" src=\"https:\/\/www.v2s.us\/wp-content\/uploads\/2017\/06\/soporte-tecnico1.png\" class=\"attachment-full\" alt=\"\" loading=\"lazy\" title=\"soporte-tecnico1\" \/><\/div><\/div><div class=\"cb-text-area\">\n                    <h4 class=\"cb-heading\"><span class=\"cb-highlighted\">Suporte de software e hardware<\/span><\/h4>\n                    <p>Modalidades 8x5 e 24x7<br \/>\n(siga o sol)<\/p><\/div><\/div>[vc_empty_space]<div class=\"cb-container  cb_transparent_color \" ><div class=\"cb-img-area\"><div class=\"cb-customimg\"><img width=\"65\" height=\"65\" src=\"https:\/\/www.v2s.us\/wp-content\/uploads\/2017\/06\/servicios_gestionados_2.png\" class=\"attachment-full\" alt=\"\" loading=\"lazy\" title=\"servicios_gestionados_2\" \/><\/div><\/div><div class=\"cb-text-area\">\n                    <h4 class=\"cb-heading\"><span class=\"cb-highlighted\">Diagn\u00f3stico remoto<\/span><\/h4>\n                    <p>Resolu\u00e7\u00f5es r\u00e1pidas de problemas em qualquer momento e local<\/p><\/div><\/div>[vc_empty_space][\/vc_column][vc_column width=&#8221;1\/4&#8243;][vc_empty_space]<div class=\"cb-container  cb_transparent_color \" ><div class=\"cb-img-area\"><div class=\"cb-customimg\"><img width=\"96\" height=\"96\" src=\"https:\/\/www.v2s.us\/wp-content\/uploads\/2017\/07\/SoporteTecnico_3.png\" class=\"attachment-full\" alt=\"\" loading=\"lazy\" title=\"SoporteTecnico_3\" \/><\/div><\/div><div class=\"cb-text-area\">\n                    <h4 class=\"cb-heading\"><span class=\"cb-highlighted\">Deslocamento t\u00e9cnico no local<\/span><\/h4>\n                    <p>Resolu\u00e7\u00e3o final de incidentes quando necess\u00e1rio<\/p><\/div><\/div>[vc_empty_space]<div class=\"cb-container  cb_transparent_color \" ><div class=\"cb-img-area\"><div class=\"cb-customimg\"><img width=\"70\" height=\"55\" src=\"https:\/\/www.v2s.us\/wp-content\/uploads\/2017\/06\/soporteTecnico_3-e1499697063474.png\" class=\"attachment-full\" alt=\"\" loading=\"lazy\" title=\"soporteTecnico_3\" \/><\/div><\/div><div class=\"cb-text-area\">\n                    <h4 class=\"cb-heading\"><span class=\"cb-highlighted\">Servi\u00e7o de patch e tarefas de administra\u00e7\u00e3o<\/span><\/h4>\n                    <p>Minimiza\u00e7\u00e3o de riscos que mant\u00eam seus neg\u00f3cios sempre atualizados<\/p><\/div><\/div>[vc_empty_space][\/vc_column][\/vc_row][vc_row content_placement=&#8221;middle&#8221; css=&#8221;.vc_custom_1497863791106{margin-top: 50px !important;margin-bottom: 100px !important;background-color: #ffffff !important;border-radius: 10px !important;}&#8221; el_class=&#8221;container&#8221;][vc_column width=&#8221;1\/2&#8243;][vc_row_inner 0=&#8221;&#8221; css=&#8221;.vc_custom_1497863830910{margin-top: 50px !important;margin-bottom: 50px !important;}&#8221;][vc_column_inner][vc_custom_heading text=&#8221;Servi\u00e7os Gerenciados (Proativo)&#8221; use_theme_fonts=&#8221;yes&#8221;][vc_separator color=&#8221;custom&#8221; align=&#8221;align_left&#8221; border_width=&#8221;2&#8243; el_width=&#8221;10&#8243;][vc_custom_heading text=&#8221;Os servi\u00e7os gerenciados fornecem uma abordagem pr\u00f3-ativa para prevenir e antecipar os problemas que afetam as solu\u00e7\u00f5es de TI.<br \/>\nO monitoramento proativo ajuda a encontrar problemas e corrigi-los rapidamente. Da mesma forma, o monitoramento preventivo de indicadores-chave, como desempenho e capacidade, nos permite antecipar poss\u00edveis situa\u00e7\u00f5es que comprometem o \u00f3timo funcionamento do nosso meio ambiente.&#8221; font_container=&#8221;tag:p|font_size:18|text_align:left|line_height:1.4&#8243; use_theme_fonts=&#8221;yes&#8221;][\/vc_column_inner][\/vc_row_inner][\/vc_column][vc_column width=&#8221;1\/4&#8243;][vc_empty_space]<div class=\"cb-container  cb_transparent_color \" ><div class=\"cb-img-area\"><div class=\"cb-customimg\"><img width=\"65\" height=\"65\" src=\"https:\/\/www.v2s.us\/wp-content\/uploads\/2017\/06\/servicios_gestionados_2.png\" class=\"attachment-full\" alt=\"\" loading=\"lazy\" title=\"servicios_gestionados_2\" \/><\/div><\/div><div class=\"cb-text-area\">\n                    <h4 class=\"cb-heading\"><span class=\"cb-highlighted\">Servi\u00e7o de diagn\u00f3stico remoto e suporte no local, SW e HW, patch e administra\u00e7\u00e3o<\/span><\/h4>\n                    <p>Resolva problemas rapidamente, minimizando o risco de interrup\u00e7\u00e3o do servi\u00e7o<\/p><\/div><\/div>[vc_empty_space]<div class=\"cb-container  cb_transparent_color \" ><div class=\"cb-img-area\"><div class=\"cb-customimg\"><img width=\"63\" height=\"65\" src=\"https:\/\/www.v2s.us\/wp-content\/uploads\/2017\/06\/servicios-gestionados-3.png\" class=\"attachment-full\" alt=\"\" loading=\"lazy\" title=\"servicios-gestionados-3\" \/><\/div><\/div><div class=\"cb-text-area\">\n                    <h4 class=\"cb-heading\"><span class=\"cb-highlighted\">Preven\u00e7\u00e3o preventiva proativa<\/span><\/h4>\n                    <p>Antecipar incidentes antes de ocorrer, evitando o impacto nas solu\u00e7\u00f5es de TI<\/p><\/div><\/div>[vc_empty_space][\/vc_column][vc_column width=&#8221;1\/4&#8243;][vc_empty_space]<div class=\"cb-container  cb_transparent_color \" ><div class=\"cb-img-area\"><div class=\"cb-customimg\"><img width=\"70\" height=\"65\" src=\"https:\/\/www.v2s.us\/wp-content\/uploads\/2017\/06\/servicios_gestionados_1.png\" class=\"attachment-full\" alt=\"\" loading=\"lazy\" title=\"servicios_gestionados_1\" \/><\/div><\/div><div class=\"cb-text-area\">\n                    <h4 class=\"cb-heading\"><span class=\"cb-highlighted\">Monitoramento cont\u00ednuo da infra-estrutura.<\/span><\/h4>\n                    <p>Detecta incidentes (24x7) gra\u00e7as ao suporte de uma equipe global<\/p><\/div><\/div>[vc_empty_space]<div class=\"cb-container  cb_transparent_color \" ><div class=\"cb-img-area\"><div class=\"cb-customimg\"><img width=\"100\" height=\"62\" src=\"https:\/\/www.v2s.us\/wp-content\/uploads\/2017\/06\/servicios_gestionados_4.png\" class=\"attachment-full\" alt=\"\" loading=\"lazy\" title=\"servicios_gestionados_4\" \/><\/div><\/div><div class=\"cb-text-area\">\n                    <h4 class=\"cb-heading\"><span class=\"cb-highlighted\">Reuni\u00f5es de acompanhamento<\/span><\/h4>\n                    <p>Relat\u00f3rios peri\u00f3dicos de incidentes e otimiza\u00e7\u00f5es da solu\u00e7\u00e3o<\/p><\/div><\/div>[vc_empty_space][\/vc_column][\/vc_row][vc_row full_width=&#8221;stretch_row_content_no_spaces&#8221; css=&#8221;.vc_custom_1543324604438{padding-bottom: 0px !important;background-color: #ffffff !important;}&#8221;][vc_column css=&#8221;.vc_custom_1501668962559{padding-top: 0px !important;}&#8221;]<div class=\"kd-calltoaction no_icon \" style=\"background-color: #26a9e0;\">\n                <div class=\"container\"><div class=\"cta-text\">\n                        <h3 > Acesse nossa p\u00e1gina de Suporte T\u00e9cnico<\/h3>\n                        <p ><\/p>\n                    <\/div>\n                    <div class=\"cta-btncontainer\">\n                        <a href=\"http:\/\/support.v2s.us\" target=\"_blank\" title=\"Soporte T\u00e9cnico\" class=\"tt_button tt_secondary_button kd-animated zoomIn\" data-animation-delay=\"200\">Suporte T\u00e9cnico<\/a>\n                    <\/div>\n                <\/div>\n            <\/div>[\/vc_column][\/vc_row][vc_column][\/vc_column]<\/p>\n<\/section>","protected":false},"excerpt":{"rendered":"<p>[vc_row css=&#8221;.vc_custom_1497863771239{margin-top: 50px !important;margin-bottom: 50px !important;}&#8221; el_class=&#8221;container&#8221;][vc_column][vc_custom_heading text=&#8221;Minimiza interrup\u00e7\u00f5es do servi\u00e7o e per\u00edodos de inatividade&#8221; font_container=&#8221;tag:h2|text_align:justify&#8221; use_theme_fonts=&#8221;yes&#8221;][vc_separator align=&#8221;align_left&#8221; border_width=&#8221;2&#8243; el_width=&#8221;10&#8243;][vc_custom_heading text=&#8221;Para garantir a [&hellip;]<\/p>\n","protected":false},"author":1,"featured_media":4718,"parent":0,"menu_order":0,"comment_status":"closed","ping_status":"closed","template":"","meta":{"_mi_skip_tracking":false},"yoast_head":"<!-- This site is optimized with the Yoast SEO plugin v19.8 - https:\/\/yoast.com\/wordpress\/plugins\/seo\/ -->\n<title>Suporte e Gerenciamento - V2S Corporation<\/title>\n<meta name=\"robots\" content=\"index, follow, max-snippet:-1, max-image-preview:large, max-video-preview:-1\" \/>\n<link rel=\"canonical\" href=\"https:\/\/www.v2s.us\/pt-br\/suporte-e-gerenciamento\/\" \/>\n<meta property=\"og:locale\" content=\"pt_BR\" \/>\n<meta property=\"og:type\" content=\"article\" \/>\n<meta property=\"og:title\" content=\"Suporte e Gerenciamento - V2S Corporation\" \/>\n<meta property=\"og:description\" content=\"[vc_row css=&#8221;.vc_custom_1497863771239{margin-top: 50px !important;margin-bottom: 50px !important;}&#8221; el_class=&#8221;container&#8221;][vc_column][vc_custom_heading text=&#8221;Minimiza interrup\u00e7\u00f5es do servi\u00e7o e per\u00edodos de inatividade&#8221; font_container=&#8221;tag:h2|text_align:justify&#8221; use_theme_fonts=&#8221;yes&#8221;][vc_separator align=&#8221;align_left&#8221; border_width=&#8221;2&#8243; el_width=&#8221;10&#8243;][vc_custom_heading text=&#8221;Para garantir a [&hellip;]\" \/>\n<meta property=\"og:url\" content=\"https:\/\/www.v2s.us\/pt-br\/suporte-e-gerenciamento\/\" \/>\n<meta property=\"og:site_name\" content=\"V2S Corporation\" \/>\n<meta property=\"article:modified_time\" content=\"2018-11-27T13:17:36+00:00\" \/>\n<meta property=\"og:image\" content=\"https:\/\/www.v2s.us\/wp-content\/uploads\/2017\/06\/Soporte-y-Gestion.jpg\" \/>\n\t<meta property=\"og:image:width\" content=\"1600\" \/>\n\t<meta property=\"og:image:height\" content=\"1092\" \/>\n\t<meta property=\"og:image:type\" content=\"image\/jpeg\" \/>\n<meta name=\"twitter:card\" content=\"summary_large_image\" \/>\n<meta name=\"twitter:label1\" content=\"Est. tempo de leitura\" \/>\n\t<meta name=\"twitter:data1\" content=\"4 minutos\" \/>\n<script type=\"application\/ld+json\" class=\"yoast-schema-graph\">{\"@context\":\"https:\/\/schema.org\",\"@graph\":[{\"@type\":\"WebPage\",\"@id\":\"https:\/\/www.v2s.us\/pt-br\/suporte-e-gerenciamento\/\",\"url\":\"https:\/\/www.v2s.us\/pt-br\/suporte-e-gerenciamento\/\",\"name\":\"Suporte e Gerenciamento - V2S Corporation\",\"isPartOf\":{\"@id\":\"https:\/\/www.v2s.us\/#website\"},\"datePublished\":\"2018-11-26T22:47:01+00:00\",\"dateModified\":\"2018-11-27T13:17:36+00:00\",\"breadcrumb\":{\"@id\":\"https:\/\/www.v2s.us\/pt-br\/suporte-e-gerenciamento\/#breadcrumb\"},\"inLanguage\":\"pt-BR\",\"potentialAction\":[{\"@type\":\"ReadAction\",\"target\":[\"https:\/\/www.v2s.us\/pt-br\/suporte-e-gerenciamento\/\"]}]},{\"@type\":\"BreadcrumbList\",\"@id\":\"https:\/\/www.v2s.us\/pt-br\/suporte-e-gerenciamento\/#breadcrumb\",\"itemListElement\":[{\"@type\":\"ListItem\",\"position\":1,\"name\":\"Home\",\"item\":\"https:\/\/www.v2s.us\/pt-br\/\"},{\"@type\":\"ListItem\",\"position\":2,\"name\":\"Suporte e Gerenciamento\"}]},{\"@type\":\"WebSite\",\"@id\":\"https:\/\/www.v2s.us\/#website\",\"url\":\"https:\/\/www.v2s.us\/\",\"name\":\"V2S Corporation\",\"description\":\"Add value to Digital Transformation\",\"potentialAction\":[{\"@type\":\"SearchAction\",\"target\":{\"@type\":\"EntryPoint\",\"urlTemplate\":\"https:\/\/www.v2s.us\/?s={search_term_string}\"},\"query-input\":\"required name=search_term_string\"}],\"inLanguage\":\"pt-BR\"}]}<\/script>\n<!-- \/ Yoast SEO plugin. -->","yoast_head_json":{"title":"Suporte e Gerenciamento - V2S Corporation","robots":{"index":"index","follow":"follow","max-snippet":"max-snippet:-1","max-image-preview":"max-image-preview:large","max-video-preview":"max-video-preview:-1"},"canonical":"https:\/\/www.v2s.us\/pt-br\/suporte-e-gerenciamento\/","og_locale":"pt_BR","og_type":"article","og_title":"Suporte e Gerenciamento - V2S Corporation","og_description":"[vc_row css=&#8221;.vc_custom_1497863771239{margin-top: 50px !important;margin-bottom: 50px !important;}&#8221; el_class=&#8221;container&#8221;][vc_column][vc_custom_heading text=&#8221;Minimiza interrup\u00e7\u00f5es do servi\u00e7o e per\u00edodos de inatividade&#8221; font_container=&#8221;tag:h2|text_align:justify&#8221; use_theme_fonts=&#8221;yes&#8221;][vc_separator align=&#8221;align_left&#8221; border_width=&#8221;2&#8243; el_width=&#8221;10&#8243;][vc_custom_heading text=&#8221;Para garantir a [&hellip;]","og_url":"https:\/\/www.v2s.us\/pt-br\/suporte-e-gerenciamento\/","og_site_name":"V2S Corporation","article_modified_time":"2018-11-27T13:17:36+00:00","og_image":[{"width":1600,"height":1092,"url":"https:\/\/www.v2s.us\/wp-content\/uploads\/2017\/06\/Soporte-y-Gestion.jpg","type":"image\/jpeg"}],"twitter_card":"summary_large_image","twitter_misc":{"Est. tempo de leitura":"4 minutos"},"schema":{"@context":"https:\/\/schema.org","@graph":[{"@type":"WebPage","@id":"https:\/\/www.v2s.us\/pt-br\/suporte-e-gerenciamento\/","url":"https:\/\/www.v2s.us\/pt-br\/suporte-e-gerenciamento\/","name":"Suporte e Gerenciamento - V2S Corporation","isPartOf":{"@id":"https:\/\/www.v2s.us\/#website"},"datePublished":"2018-11-26T22:47:01+00:00","dateModified":"2018-11-27T13:17:36+00:00","breadcrumb":{"@id":"https:\/\/www.v2s.us\/pt-br\/suporte-e-gerenciamento\/#breadcrumb"},"inLanguage":"pt-BR","potentialAction":[{"@type":"ReadAction","target":["https:\/\/www.v2s.us\/pt-br\/suporte-e-gerenciamento\/"]}]},{"@type":"BreadcrumbList","@id":"https:\/\/www.v2s.us\/pt-br\/suporte-e-gerenciamento\/#breadcrumb","itemListElement":[{"@type":"ListItem","position":1,"name":"Home","item":"https:\/\/www.v2s.us\/pt-br\/"},{"@type":"ListItem","position":2,"name":"Suporte e Gerenciamento"}]},{"@type":"WebSite","@id":"https:\/\/www.v2s.us\/#website","url":"https:\/\/www.v2s.us\/","name":"V2S Corporation","description":"Add value to Digital Transformation","potentialAction":[{"@type":"SearchAction","target":{"@type":"EntryPoint","urlTemplate":"https:\/\/www.v2s.us\/?s={search_term_string}"},"query-input":"required name=search_term_string"}],"inLanguage":"pt-BR"}]}},"_links":{"self":[{"href":"https:\/\/www.v2s.us\/pt-br\/wp-json\/wp\/v2\/pages\/5091\/"}],"collection":[{"href":"https:\/\/www.v2s.us\/pt-br\/wp-json\/wp\/v2\/pages\/"}],"about":[{"href":"https:\/\/www.v2s.us\/pt-br\/wp-json\/wp\/v2\/types\/page\/"}],"author":[{"embeddable":true,"href":"https:\/\/www.v2s.us\/pt-br\/wp-json\/wp\/v2\/users\/1\/"}],"replies":[{"embeddable":true,"href":"https:\/\/www.v2s.us\/pt-br\/wp-json\/wp\/v2\/comments\/?post=5091"}],"version-history":[{"count":7,"href":"https:\/\/www.v2s.us\/pt-br\/wp-json\/wp\/v2\/pages\/5091\/revisions\/"}],"predecessor-version":[{"id":5168,"href":"https:\/\/www.v2s.us\/pt-br\/wp-json\/wp\/v2\/pages\/5091\/revisions\/5168\/"}],"wp:featuredmedia":[{"embeddable":true,"href":"https:\/\/www.v2s.us\/pt-br\/wp-json\/wp\/v2\/media\/4718\/"}],"wp:attachment":[{"href":"https:\/\/www.v2s.us\/pt-br\/wp-json\/wp\/v2\/media\/?parent=5091"}],"curies":[{"name":"wp","href":"https:\/\/api.w.org\/{rel}","templated":true}]}}