{"id":5114,"date":"2018-11-26T23:14:49","date_gmt":"2018-11-26T23:14:49","guid":{"rendered":"https:\/\/www.v2s.us\/inicio\/focos-de-transformacao-digital\/"},"modified":"2018-11-27T09:58:49","modified_gmt":"2018-11-27T09:58:49","slug":"focos-de-transformacao-digital","status":"publish","type":"page","link":"https:\/\/www.v2s.us\/pt-br\/inicio\/focos-de-transformacao-digital\/","title":{"rendered":"Focos de Transforma\u00e7\u00e3o Digital"},"content":{"rendered":"<section class=\"wpb-content-wrapper\"><p>[vc_row][vc_column width=&#8221;1\/12&#8243;][\/vc_column][vc_column width=&#8221;10\/12&#8243;]<div class=\"kd-promobox prb_image_left  kd-animated fadeInLeft\"><div class=\"prb-img\"><img width=\"400\" height=\"260\" src=\"https:\/\/www.v2s.us\/wp-content\/uploads\/2017\/02\/Centro-de-datos_claro.png\" class=\"attachment-full\" alt=\"\" loading=\"lazy\" title=\"Centro-de-datos_claro\" srcset=\"https:\/\/www.v2s.us\/wp-content\/uploads\/2017\/02\/Centro-de-datos_claro.png 400w, https:\/\/www.v2s.us\/wp-content\/uploads\/2017\/02\/Centro-de-datos_claro-300x195.png 300w\" sizes=\"(max-width: 400px) 100vw, 400px\" \/><\/div><div class=\"prb-content\">\n              <h3>Modernize seu Data Center<\/h3>\n              <p>Gra\u00e7as \u00e0s t\u00e9cnicas avan\u00e7adas de virtualiza\u00e7\u00e3o, enfrente a flexibilidade e o desempenho exigidos pela nova era da Transforma\u00e7\u00e3o Digital.<\/p><div class=\"prb-btncontainer\">\n                      <a href=\"https:\/\/www.v2s.us\/pt-br\/modernize-seu-data-center\/\"  title=\"\" class=\"prb-button tt_secondary_button tt_button\">Saber mais<\/a>\n                  <\/div><\/div><\/div><div class=\"kd-divider solid_line divider_full_width thin_solid\">\n                <div class=\"divider-line\" style=\"border-color:#e2e2e3\"><\/div>\n            <\/div>[\/vc_column][vc_column width=&#8221;1\/12&#8243;][\/vc_column][\/vc_row][vc_row][vc_column width=&#8221;1\/12&#8243;][\/vc_column][vc_column width=&#8221;10\/12&#8243;]<div class=\"kd-promobox prb_image_right  kd-animated fadeInLeft\"><div class=\"prb-img\"><img width=\"400\" height=\"260\" src=\"https:\/\/www.v2s.us\/wp-content\/uploads\/2017\/02\/laptop.png\" class=\"attachment-full\" alt=\"\" loading=\"lazy\" title=\"laptop\" srcset=\"https:\/\/www.v2s.us\/wp-content\/uploads\/2017\/02\/laptop.png 400w, https:\/\/www.v2s.us\/wp-content\/uploads\/2017\/02\/laptop-300x195.png 300w\" sizes=\"(max-width: 400px) 100vw, 400px\" \/><\/div><div class=\"prb-content\">\n              <h3>Aumenta ambientes de trabalho digitais <\/h3>\n              <p>Trabalho flex\u00edvel? Acesse a qualquer momento e coloque seus aplicativos e servi\u00e7os a partir de diferentes dispositivos<\/p><div class=\"prb-btncontainer\">\n                      <a href=\"https:\/\/www.v2s.us\/pt-br\/aumenta-ambientes-de-trabalho-digitais\/\"  title=\"\" class=\"prb-button tt_secondary_button tt_button\">Saber mais<\/a>\n                  <\/div><\/div><\/div><div class=\"kd-divider solid_line divider_full_width thin_solid\">\n                <div class=\"divider-line\" style=\"border-color:#e2e2e3\"><\/div>\n            <\/div>[\/vc_column][vc_column width=&#8221;1\/12&#8243;][\/vc_column][\/vc_row][vc_row][vc_column width=&#8221;1\/12&#8243;][\/vc_column][vc_column width=&#8221;10\/12&#8243;]<div class=\"kd-promobox prb_image_left  kd-animated fadeInLeft\"><div class=\"prb-img\"><img width=\"400\" height=\"260\" src=\"https:\/\/www.v2s.us\/wp-content\/uploads\/2017\/02\/seguridad.png\" class=\"attachment-full\" alt=\"\" loading=\"lazy\" title=\"seguridad\" srcset=\"https:\/\/www.v2s.us\/wp-content\/uploads\/2017\/02\/seguridad.png 400w, https:\/\/www.v2s.us\/wp-content\/uploads\/2017\/02\/seguridad-300x195.png 300w\" sizes=\"(max-width: 400px) 100vw, 400px\" \/><\/div><div class=\"prb-content\">\n              <h3>Transforme sua Seguran\u00e7a<\/h3>\n              <p>Reproduza todo o seu sistema de rede em software, garantindo a conformidade regulamentar e protegendo seus dados, aplicativos e infra-estrutura<\/p><div class=\"prb-btncontainer\">\n                      <a href=\"https:\/\/www.v2s.us\/pt-br\/transforme-sua-seguranca\/\"  title=\"\" class=\"prb-button tt_secondary_button tt_button\">Saber mais<\/a>\n                  <\/div><\/div><\/div><div class=\"kd-divider solid_line divider_full_width thin_solid\">\n                <div class=\"divider-line\" style=\"border-color:#e2e2e3\"><\/div>\n            <\/div>[\/vc_column][vc_column width=&#8221;1\/12&#8243;][\/vc_column][\/vc_row][vc_row][vc_column width=&#8221;1\/12&#8243;][\/vc_column][vc_column width=&#8221;10\/12&#8243;]<div class=\"kd-promobox prb_image_right  kd-animated fadeInLeft\"><div class=\"prb-img\"><img width=\"400\" height=\"260\" src=\"https:\/\/www.v2s.us\/wp-content\/uploads\/2017\/02\/negocio-on.png\" class=\"attachment-full\" alt=\"\" loading=\"lazy\" title=\"negocio-on\" srcset=\"https:\/\/www.v2s.us\/wp-content\/uploads\/2017\/02\/negocio-on.png 400w, https:\/\/www.v2s.us\/wp-content\/uploads\/2017\/02\/negocio-on-300x195.png 300w\" sizes=\"(max-width: 400px) 100vw, 400px\" \/><\/div><div class=\"prb-content\">\n              <h3>Garante um neg\u00f3cio sempre ON<\/h3>\n              <p>Simplifique o backup e recupere seus dados, aplicativos e sistemas contra qualquer desastre.<\/p><div class=\"prb-btncontainer\">\n                      <a href=\"https:\/\/www.v2s.us\/pt-br\/garanta-um-negocio-sempre-on\/\"  title=\"\" class=\"prb-button tt_secondary_button tt_button\">Saber mais<\/a>\n                  <\/div><\/div><\/div><div class=\"kd-divider solid_line divider_full_width thin_solid\">\n                <div class=\"divider-line\" style=\"border-color:#e2e2e3\"><\/div>\n            <\/div>[\/vc_column][vc_column width=&#8221;1\/12&#8243;][\/vc_column][\/vc_row][vc_row][vc_column width=&#8221;1\/12&#8243;][\/vc_column][vc_column width=&#8221;10\/12&#8243;]<div class=\"kd-promobox prb_image_left  kd-animated fadeInLeft\"><div class=\"prb-img\"><img width=\"400\" height=\"260\" src=\"https:\/\/www.v2s.us\/wp-content\/uploads\/2017\/02\/grupo-gente.png\" class=\"attachment-full\" alt=\"\" loading=\"lazy\" title=\"grupo-gente\" srcset=\"https:\/\/www.v2s.us\/wp-content\/uploads\/2017\/02\/grupo-gente.png 400w, https:\/\/www.v2s.us\/wp-content\/uploads\/2017\/02\/grupo-gente-300x195.png 300w\" sizes=\"(max-width: 400px) 100vw, 400px\" \/><\/div><div class=\"prb-content\">\n              <h3>Melhore o seu caminho de Colabora\u00e7\u00e3o <\/h3>\n              <p>Melhore a produtividade e a colabora\u00e7\u00e3o efetiva entre pessoas e gerencie melhor seus conte\u00fados e processos.<\/p><div class=\"prb-btncontainer\">\n                      <a href=\"https:\/\/www.v2s.us\/pt-br\/melhore-o-seu-caminho-de-colaboracao\/\"  title=\"\" class=\"prb-button tt_secondary_button tt_button\">Saber mais<\/a>\n                  <\/div><\/div><\/div><div class=\"kd-divider solid_line divider_full_width thin_solid\">\n                <div class=\"divider-line\" style=\"border-color:#e2e2e3\"><\/div>\n            <\/div>[\/vc_column][vc_column width=&#8221;1\/12&#8243;][\/vc_column][\/vc_row][vc_row][vc_column][vc_custom_heading text=&#8221;Principais Tecnologias&#8221; font_container=&#8221;tag:h4|text_align:center&#8221; use_theme_fonts=&#8221;yes&#8221;][\/vc_column][\/vc_row][vc_row css=&#8221;.vc_custom_1496184006290{margin-top: 50px !important;}&#8221;][vc_column]<div class=\"slider clients zoomin-effect kd-client-6a07e9fe62666 \"><h6 class=\"clients-content\"><a href=\"https:\/\/www.alfresco.com\" target=\"_blank\" title=\"Alfresco\"><img width=\"123\" height=\"29\" src=\"https:\/\/www.v2s.us\/wp-content\/uploads\/2017\/06\/alfresco-1.png\" class=\"attachment-full\" alt=\"\" loading=\"lazy\" title=\"alfresco\" \/><\/a><\/h6><h6 class=\"clients-content\"><a href=\"https:\/\/www.centrify.com\" target=\"_blank\" title=\"Centrify\"><img width=\"123\" height=\"29\" src=\"https:\/\/www.v2s.us\/wp-content\/uploads\/2017\/05\/centrify-logo.png\" class=\"attachment-full\" alt=\"\" loading=\"lazy\" title=\"centrify-logo\" \/><\/a><\/h6><h6 class=\"clients-content\"><a href=\"http:\/\/www.cisco.com\" target=\"_blank\" title=\"Cisco\"><img width=\"123\" height=\"29\" src=\"https:\/\/www.v2s.us\/wp-content\/uploads\/2017\/05\/cisco-logo.png\" class=\"attachment-full\" alt=\"\" loading=\"lazy\" title=\"cisco-logo\" \/><\/a><\/h6><h6 class=\"clients-content\"><a href=\"http:\/\/www.citrix.com\/\" target=\"_blank\" title=\"Citrix\"><img width=\"123\" height=\"29\" src=\"https:\/\/www.v2s.us\/wp-content\/uploads\/2017\/06\/citrix.png\" class=\"attachment-full\" alt=\"\" loading=\"lazy\" title=\"citrix\" \/><\/a><\/h6><h6 class=\"clients-content\"><a href=\"http:\/\/www.datacore.com\" target=\"_blank\" title=\"Datacore Software\"><img width=\"123\" height=\"29\" src=\"https:\/\/www.v2s.us\/wp-content\/uploads\/2017\/05\/datacore_site.png\" class=\"attachment-full\" alt=\"\" loading=\"lazy\" title=\"datacore_site\" \/><\/a><\/h6><h6 class=\"clients-content\"><a href=\"http:\/\/www1.euro.dell.com\" target=\"_blank\" title=\"Dell EMC\"><img width=\"123\" height=\"29\" src=\"https:\/\/www.v2s.us\/wp-content\/uploads\/2017\/05\/DELL-logo.png\" class=\"attachment-full\" alt=\"\" loading=\"lazy\" title=\"DELL-logo\" \/><\/a><\/h6><h6 class=\"clients-content\"><a href=\"http:\/\/www.efficientip.com\/\" target=\"_blank\" title=\"EfficientIP\"><img width=\"123\" height=\"29\" src=\"https:\/\/www.v2s.us\/wp-content\/uploads\/2017\/06\/efficientip.png\" class=\"attachment-full\" alt=\"\" loading=\"lazy\" title=\"efficientip\" \/><\/a><\/h6><h6 class=\"clients-content\"><a href=\"http:\/\/www.hp.com\/\" target=\"_blank\" title=\"HP\"><img width=\"123\" height=\"29\" src=\"https:\/\/www.v2s.us\/wp-content\/uploads\/2017\/05\/hp-logo.png\" class=\"attachment-full\" alt=\"\" loading=\"lazy\" title=\"hp-logo\" \/><\/a><\/h6><h6 class=\"clients-content\"><a href=\"https:\/\/www.ibm.com\" target=\"_blank\" title=\"IBM\"><img width=\"123\" height=\"29\" src=\"https:\/\/www.v2s.us\/wp-content\/uploads\/2017\/05\/IBM-logo.png\" class=\"attachment-full\" alt=\"\" loading=\"lazy\" title=\"IBM-logo\" \/><\/a><\/h6><h6 class=\"clients-content\"><a href=\"https:\/\/www.kaspersky.com\" target=\"_blank\" title=\"Kaspersky\"><img width=\"123\" height=\"29\" src=\"https:\/\/www.v2s.us\/wp-content\/uploads\/2017\/05\/kaspersky-logo.png\" class=\"attachment-full\" alt=\"\" loading=\"lazy\" title=\"kaspersky-logo\" \/><\/a><\/h6><h6 class=\"clients-content\"><a href=\"http:\/\/www3.lenovo.com\/\" target=\"_blank\" title=\"Lenovo\"><img width=\"123\" height=\"29\" src=\"https:\/\/www.v2s.us\/wp-content\/uploads\/2017\/06\/lenovo.png\" class=\"attachment-full\" alt=\"\" loading=\"lazy\" title=\"lenovo\" \/><\/a><\/h6><h6 class=\"clients-content\"><a href=\"https:\/\/www.leostream.com\/\" target=\"_blank\" title=\"Leostream\"><img width=\"123\" height=\"29\" src=\"https:\/\/www.v2s.us\/wp-content\/uploads\/2017\/06\/leostream.png\" class=\"attachment-full\" alt=\"\" loading=\"lazy\" title=\"leostream\" \/><\/a><\/h6><h6 class=\"clients-content\"><a href=\"http:\/\/www.linux.org\" target=\"_blank\" title=\"Linux\"><img width=\"123\" height=\"29\" src=\"https:\/\/www.v2s.us\/wp-content\/uploads\/2017\/06\/linux.png\" class=\"attachment-full\" alt=\"\" loading=\"lazy\" title=\"linux\" \/><\/a><\/h6><h6 class=\"clients-content\"><a href=\"http:\/\/www.microsoft.com\" target=\"_blank\" title=\"Microsoft\"><img width=\"123\" height=\"29\" src=\"https:\/\/www.v2s.us\/wp-content\/uploads\/2017\/05\/microsoft-logo.png\" class=\"attachment-full\" alt=\"\" loading=\"lazy\" title=\"microsoft-logo\" \/><\/a><\/h6><h6 class=\"clients-content\"><a href=\"http:\/\/www.nexsan.com\" target=\"_blank\" title=\"Nexsan\"><img width=\"123\" height=\"29\" src=\"https:\/\/www.v2s.us\/wp-content\/uploads\/2017\/05\/nexsan-logo.png\" class=\"attachment-full\" alt=\"\" loading=\"lazy\" title=\"nexsan-logo\" \/><\/a><\/h6><h6 class=\"clients-content\"><a href=\"https:\/\/www.oracle.com\/\" target=\"_blank\" title=\"Oracle\"><img width=\"123\" height=\"29\" src=\"https:\/\/www.v2s.us\/wp-content\/uploads\/2017\/05\/oracle-logo.png\" class=\"attachment-full\" alt=\"\" loading=\"lazy\" title=\"oracle-logo\" \/><\/a><\/h6><h6 class=\"clients-content\"><a href=\"https:\/\/www.supermicro.com\/\" target=\"_blank\" title=\"Supermicro\"><img width=\"123\" height=\"29\" src=\"https:\/\/www.v2s.us\/wp-content\/uploads\/2017\/05\/supermicro-logo.png\" class=\"attachment-full\" alt=\"\" loading=\"lazy\" title=\"supermicro-logo\" \/><\/a><\/h6><h6 class=\"clients-content\"><a href=\"https:\/\/www.swhosting.com\/\" target=\"_blank\" title=\"SWhosting\"><img width=\"123\" height=\"28\" src=\"https:\/\/www.v2s.us\/wp-content\/uploads\/2017\/06\/Logo-SWhosting-OK-1900x414-Color-Corporatiu.png\" class=\"attachment-full\" alt=\"\" loading=\"lazy\" title=\"Logo-SWhosting-OK-1900x414-Color-Corporatiu\" \/><\/a><\/h6><h6 class=\"clients-content\"><a href=\"https:\/\/www.veeam.com\" target=\"_blank\" title=\"Veeam\"><img width=\"123\" height=\"29\" src=\"https:\/\/www.v2s.us\/wp-content\/uploads\/2017\/05\/veeam-logo.png\" class=\"attachment-full\" alt=\"\" loading=\"lazy\" title=\"veeam-logo\" \/><\/a><\/h6><h6 class=\"clients-content\"><a href=\"https:\/\/www.vmware.com\" target=\"_blank\" title=\"VMware\"><img width=\"123\" height=\"29\" src=\"https:\/\/www.v2s.us\/wp-content\/uploads\/2017\/06\/vmware_logo.png\" class=\"attachment-full\" alt=\"\" loading=\"lazy\" title=\"vmware_logo\" \/><\/a><\/h6><h6 class=\"clients-content\"><a href=\"https:\/\/www.zimbra.com\" target=\"_blank\" title=\"Veeam\"><img width=\"123\" height=\"29\" src=\"https:\/\/www.v2s.us\/wp-content\/uploads\/2017\/06\/zimbra-1.png\" class=\"attachment-full\" alt=\"\" loading=\"lazy\" title=\"zimbra\" \/><\/a><\/h6><h6 class=\"clients-content\"><a href=\"https:\/\/www.nakivo.com\" target=\"_blank\" title=\"Nakivo\"><img width=\"123\" height=\"29\" src=\"https:\/\/www.v2s.us\/wp-content\/uploads\/2017\/05\/nakivo.png\" class=\"attachment-full\" alt=\"\" loading=\"lazy\" title=\"nakivo\" \/><\/a><\/h6><\/div><script type=\"text\/javascript\">\r\n              jQuery(document).ready(function($){\r\n                if ($(\".slider.clients.kd-client-6a07e9fe62666\").length) {\r\n                  $(\".slider.clients.kd-client-6a07e9fe62666\").owlCarousel({\r\n                    navigation: false,\r\n                    pagination: false,autoPlay: 3000,stopOnHover: false,\r\n                    items: 6,\r\n                    addClassActive: true,\r\n                  });\r\n                }\r\n              });\r\n            <\/script>[\/vc_column][\/vc_row]<\/p>\n<\/section>","protected":false},"excerpt":{"rendered":"<p>[vc_row][vc_column width=&#8221;1\/12&#8243;][\/vc_column][vc_column width=&#8221;10\/12&#8243;][\/vc_column][vc_column width=&#8221;1\/12&#8243;][\/vc_column][\/vc_row][vc_row][vc_column width=&#8221;1\/12&#8243;][\/vc_column][vc_column width=&#8221;10\/12&#8243;][\/vc_column][vc_column width=&#8221;1\/12&#8243;][\/vc_column][\/vc_row][vc_row][vc_column width=&#8221;1\/12&#8243;][\/vc_column][vc_column width=&#8221;10\/12&#8243;][\/vc_column][vc_column width=&#8221;1\/12&#8243;][\/vc_column][\/vc_row][vc_row][vc_column width=&#8221;1\/12&#8243;][\/vc_column][vc_column width=&#8221;10\/12&#8243;][\/vc_column][vc_column width=&#8221;1\/12&#8243;][\/vc_column][\/vc_row][vc_row][vc_column width=&#8221;1\/12&#8243;][\/vc_column][vc_column width=&#8221;10\/12&#8243;][\/vc_column][vc_column width=&#8221;1\/12&#8243;][\/vc_column][\/vc_row][vc_row][vc_column][vc_custom_heading text=&#8221;Principais Tecnologias&#8221; font_container=&#8221;tag:h4|text_align:center&#8221; use_theme_fonts=&#8221;yes&#8221;][\/vc_column][\/vc_row][vc_row css=&#8221;.vc_custom_1496184006290{margin-top: 50px !important;}&#8221;][vc_column][\/vc_column][\/vc_row]<\/p>\n","protected":false},"author":1,"featured_media":0,"parent":5050,"menu_order":20,"comment_status":"closed","ping_status":"closed","template":"","meta":{"_mi_skip_tracking":false},"yoast_head":"<!-- This site is optimized with the Yoast SEO plugin v19.8 - https:\/\/yoast.com\/wordpress\/plugins\/seo\/ -->\n<title>Focos de Transforma\u00e7\u00e3o Digital - V2S Corporation<\/title>\n<meta name=\"robots\" content=\"index, follow, max-snippet:-1, max-image-preview:large, max-video-preview:-1\" \/>\n<link rel=\"canonical\" href=\"https:\/\/www.v2s.us\/pt-br\/inicio\/focos-de-transformacao-digital\/\" \/>\n<meta property=\"og:locale\" content=\"pt_BR\" \/>\n<meta property=\"og:type\" content=\"article\" \/>\n<meta property=\"og:title\" content=\"Focos de Transforma\u00e7\u00e3o Digital - V2S Corporation\" \/>\n<meta property=\"og:description\" content=\"[vc_row][vc_column width=&#8221;1\/12&#8243;][\/vc_column][vc_column width=&#8221;10\/12&#8243;][\/vc_column][vc_column width=&#8221;1\/12&#8243;][\/vc_column][\/vc_row][vc_row][vc_column width=&#8221;1\/12&#8243;][\/vc_column][vc_column width=&#8221;10\/12&#8243;][\/vc_column][vc_column width=&#8221;1\/12&#8243;][\/vc_column][\/vc_row][vc_row][vc_column width=&#8221;1\/12&#8243;][\/vc_column][vc_column width=&#8221;10\/12&#8243;][\/vc_column][vc_column width=&#8221;1\/12&#8243;][\/vc_column][\/vc_row][vc_row][vc_column width=&#8221;1\/12&#8243;][\/vc_column][vc_column width=&#8221;10\/12&#8243;][\/vc_column][vc_column width=&#8221;1\/12&#8243;][\/vc_column][\/vc_row][vc_row][vc_column width=&#8221;1\/12&#8243;][\/vc_column][vc_column width=&#8221;10\/12&#8243;][\/vc_column][vc_column width=&#8221;1\/12&#8243;][\/vc_column][\/vc_row][vc_row][vc_column][vc_custom_heading text=&#8221;Principais Tecnologias&#8221; font_container=&#8221;tag:h4|text_align:center&#8221; use_theme_fonts=&#8221;yes&#8221;][\/vc_column][\/vc_row][vc_row css=&#8221;.vc_custom_1496184006290{margin-top: 50px !important;}&#8221;][vc_column][\/vc_column][\/vc_row]\" \/>\n<meta property=\"og:url\" content=\"https:\/\/www.v2s.us\/pt-br\/inicio\/focos-de-transformacao-digital\/\" \/>\n<meta property=\"og:site_name\" content=\"V2S Corporation\" \/>\n<meta property=\"article:modified_time\" content=\"2018-11-27T09:58:49+00:00\" \/>\n<meta name=\"twitter:card\" content=\"summary_large_image\" \/>\n<meta name=\"twitter:label1\" content=\"Est. tempo de leitura\" \/>\n\t<meta name=\"twitter:data1\" content=\"5 minutos\" \/>\n<script type=\"application\/ld+json\" class=\"yoast-schema-graph\">{\"@context\":\"https:\/\/schema.org\",\"@graph\":[{\"@type\":\"WebPage\",\"@id\":\"https:\/\/www.v2s.us\/pt-br\/inicio\/focos-de-transformacao-digital\/\",\"url\":\"https:\/\/www.v2s.us\/pt-br\/inicio\/focos-de-transformacao-digital\/\",\"name\":\"Focos de Transforma\u00e7\u00e3o Digital - V2S Corporation\",\"isPartOf\":{\"@id\":\"https:\/\/www.v2s.us\/#website\"},\"datePublished\":\"2018-11-26T23:14:49+00:00\",\"dateModified\":\"2018-11-27T09:58:49+00:00\",\"breadcrumb\":{\"@id\":\"https:\/\/www.v2s.us\/pt-br\/inicio\/focos-de-transformacao-digital\/#breadcrumb\"},\"inLanguage\":\"pt-BR\",\"potentialAction\":[{\"@type\":\"ReadAction\",\"target\":[\"https:\/\/www.v2s.us\/pt-br\/inicio\/focos-de-transformacao-digital\/\"]}]},{\"@type\":\"BreadcrumbList\",\"@id\":\"https:\/\/www.v2s.us\/pt-br\/inicio\/focos-de-transformacao-digital\/#breadcrumb\",\"itemListElement\":[{\"@type\":\"ListItem\",\"position\":1,\"name\":\"Home\",\"item\":\"https:\/\/www.v2s.us\/pt-br\/\"},{\"@type\":\"ListItem\",\"position\":2,\"name\":\"In\u00edcio\",\"item\":\"https:\/\/www.v2s.us\/pt-br\/\"},{\"@type\":\"ListItem\",\"position\":3,\"name\":\"Focos de Transforma\u00e7\u00e3o Digital\"}]},{\"@type\":\"WebSite\",\"@id\":\"https:\/\/www.v2s.us\/#website\",\"url\":\"https:\/\/www.v2s.us\/\",\"name\":\"V2S Corporation\",\"description\":\"Add value to Digital Transformation\",\"potentialAction\":[{\"@type\":\"SearchAction\",\"target\":{\"@type\":\"EntryPoint\",\"urlTemplate\":\"https:\/\/www.v2s.us\/?s={search_term_string}\"},\"query-input\":\"required name=search_term_string\"}],\"inLanguage\":\"pt-BR\"}]}<\/script>\n<!-- \/ Yoast SEO plugin. -->","yoast_head_json":{"title":"Focos de Transforma\u00e7\u00e3o Digital - V2S Corporation","robots":{"index":"index","follow":"follow","max-snippet":"max-snippet:-1","max-image-preview":"max-image-preview:large","max-video-preview":"max-video-preview:-1"},"canonical":"https:\/\/www.v2s.us\/pt-br\/inicio\/focos-de-transformacao-digital\/","og_locale":"pt_BR","og_type":"article","og_title":"Focos de Transforma\u00e7\u00e3o Digital - V2S Corporation","og_description":"[vc_row][vc_column width=&#8221;1\/12&#8243;][\/vc_column][vc_column width=&#8221;10\/12&#8243;][\/vc_column][vc_column width=&#8221;1\/12&#8243;][\/vc_column][\/vc_row][vc_row][vc_column width=&#8221;1\/12&#8243;][\/vc_column][vc_column width=&#8221;10\/12&#8243;][\/vc_column][vc_column width=&#8221;1\/12&#8243;][\/vc_column][\/vc_row][vc_row][vc_column width=&#8221;1\/12&#8243;][\/vc_column][vc_column width=&#8221;10\/12&#8243;][\/vc_column][vc_column width=&#8221;1\/12&#8243;][\/vc_column][\/vc_row][vc_row][vc_column width=&#8221;1\/12&#8243;][\/vc_column][vc_column width=&#8221;10\/12&#8243;][\/vc_column][vc_column width=&#8221;1\/12&#8243;][\/vc_column][\/vc_row][vc_row][vc_column width=&#8221;1\/12&#8243;][\/vc_column][vc_column width=&#8221;10\/12&#8243;][\/vc_column][vc_column width=&#8221;1\/12&#8243;][\/vc_column][\/vc_row][vc_row][vc_column][vc_custom_heading text=&#8221;Principais Tecnologias&#8221; font_container=&#8221;tag:h4|text_align:center&#8221; use_theme_fonts=&#8221;yes&#8221;][\/vc_column][\/vc_row][vc_row css=&#8221;.vc_custom_1496184006290{margin-top: 50px !important;}&#8221;][vc_column][\/vc_column][\/vc_row]","og_url":"https:\/\/www.v2s.us\/pt-br\/inicio\/focos-de-transformacao-digital\/","og_site_name":"V2S Corporation","article_modified_time":"2018-11-27T09:58:49+00:00","twitter_card":"summary_large_image","twitter_misc":{"Est. tempo de leitura":"5 minutos"},"schema":{"@context":"https:\/\/schema.org","@graph":[{"@type":"WebPage","@id":"https:\/\/www.v2s.us\/pt-br\/inicio\/focos-de-transformacao-digital\/","url":"https:\/\/www.v2s.us\/pt-br\/inicio\/focos-de-transformacao-digital\/","name":"Focos de Transforma\u00e7\u00e3o Digital - V2S Corporation","isPartOf":{"@id":"https:\/\/www.v2s.us\/#website"},"datePublished":"2018-11-26T23:14:49+00:00","dateModified":"2018-11-27T09:58:49+00:00","breadcrumb":{"@id":"https:\/\/www.v2s.us\/pt-br\/inicio\/focos-de-transformacao-digital\/#breadcrumb"},"inLanguage":"pt-BR","potentialAction":[{"@type":"ReadAction","target":["https:\/\/www.v2s.us\/pt-br\/inicio\/focos-de-transformacao-digital\/"]}]},{"@type":"BreadcrumbList","@id":"https:\/\/www.v2s.us\/pt-br\/inicio\/focos-de-transformacao-digital\/#breadcrumb","itemListElement":[{"@type":"ListItem","position":1,"name":"Home","item":"https:\/\/www.v2s.us\/pt-br\/"},{"@type":"ListItem","position":2,"name":"In\u00edcio","item":"https:\/\/www.v2s.us\/pt-br\/"},{"@type":"ListItem","position":3,"name":"Focos de Transforma\u00e7\u00e3o Digital"}]},{"@type":"WebSite","@id":"https:\/\/www.v2s.us\/#website","url":"https:\/\/www.v2s.us\/","name":"V2S Corporation","description":"Add value to Digital Transformation","potentialAction":[{"@type":"SearchAction","target":{"@type":"EntryPoint","urlTemplate":"https:\/\/www.v2s.us\/?s={search_term_string}"},"query-input":"required name=search_term_string"}],"inLanguage":"pt-BR"}]}},"_links":{"self":[{"href":"https:\/\/www.v2s.us\/pt-br\/wp-json\/wp\/v2\/pages\/5114\/"}],"collection":[{"href":"https:\/\/www.v2s.us\/pt-br\/wp-json\/wp\/v2\/pages\/"}],"about":[{"href":"https:\/\/www.v2s.us\/pt-br\/wp-json\/wp\/v2\/types\/page\/"}],"author":[{"embeddable":true,"href":"https:\/\/www.v2s.us\/pt-br\/wp-json\/wp\/v2\/users\/1\/"}],"replies":[{"embeddable":true,"href":"https:\/\/www.v2s.us\/pt-br\/wp-json\/wp\/v2\/comments\/?post=5114"}],"version-history":[{"count":4,"href":"https:\/\/www.v2s.us\/pt-br\/wp-json\/wp\/v2\/pages\/5114\/revisions\/"}],"predecessor-version":[{"id":5124,"href":"https:\/\/www.v2s.us\/pt-br\/wp-json\/wp\/v2\/pages\/5114\/revisions\/5124\/"}],"up":[{"embeddable":true,"href":"https:\/\/www.v2s.us\/pt-br\/wp-json\/wp\/v2\/pages\/5050\/"}],"wp:attachment":[{"href":"https:\/\/www.v2s.us\/pt-br\/wp-json\/wp\/v2\/media\/?parent=5114"}],"curies":[{"name":"wp","href":"https:\/\/api.w.org\/{rel}","templated":true}]}}