{"id":5116,"date":"2018-11-26T23:16:29","date_gmt":"2018-11-26T23:16:29","guid":{"rendered":"https:\/\/www.v2s.us\/inicio\/nossos-servicos\/"},"modified":"2018-11-27T10:06:02","modified_gmt":"2018-11-27T10:06:02","slug":"nossos-servicos","status":"publish","type":"page","link":"https:\/\/www.v2s.us\/pt-br\/inicio\/nossos-servicos\/","title":{"rendered":"Nossos Servi\u00e7os"},"content":{"rendered":"<section class=\"wpb-content-wrapper\"><p>[vc_row el_class=&#8221;container&#8221; css=&#8221;.vc_custom_1495535443286{margin-top: 30px !important;}&#8221;][vc_column]\r\n                <div class=\"photobox-carousel kd-pbc-69e5f24a07cdf pbc-parent \">\r\n                    <div class=\"pbc-content\"><div class=\"kd-photobox shine-effect kd-animated fadeInUp \" data-animation-delay=200><div class=\"photobox-img\"><img width=\"1920\" height=\"1272\" src=\"https:\/\/www.v2s.us\/wp-content\/uploads\/2017\/05\/olu-eletu-13086-2.jpg\" class=\"attachment-full\" alt=\"\" loading=\"lazy\" title=\"olu-eletu-13086-2\" srcset=\"https:\/\/www.v2s.us\/wp-content\/uploads\/2017\/05\/olu-eletu-13086-2.jpg 1920w, https:\/\/www.v2s.us\/wp-content\/uploads\/2017\/05\/olu-eletu-13086-2-300x199.jpg 300w, https:\/\/www.v2s.us\/wp-content\/uploads\/2017\/05\/olu-eletu-13086-2-768x509.jpg 768w, https:\/\/www.v2s.us\/wp-content\/uploads\/2017\/05\/olu-eletu-13086-2-1024x678.jpg 1024w\" sizes=\"(max-width: 1920px) 100vw, 1920px\" \/><\/div><div class=\"phb-content text-center\" >\r\n                <h4 >Consultoria de TI<\/h4>\r\n                <p >Trabalhamos com voc\u00ea para dentender seus objetivos comerciais e alinhar as solu\u00e7\u00f5es de virtualiza\u00e7\u00e3o mais adequadas para alcan\u00e7\u00e1-los. A tecnologia se torna um facilitador de neg\u00f3cios.<br \/>\n<\/p><div class=\"phb-btncontainer\">\r\n                          <a href=\"https:\/\/www.v2s.us\/pt-br\/consultoria\/\"  title=\"\" class=\"phb-button\">Saber mais<\/a>\r\n                      <\/div><\/div><\/div><div class=\"kd-photobox shine-effect kd-animated fadeInUp \" data-animation-delay=200><div class=\"photobox-img\"><img width=\"400\" height=\"260\" src=\"https:\/\/www.v2s.us\/wp-content\/uploads\/2017\/02\/design-and-deployment.jpg\" class=\"attachment-full\" alt=\"\" loading=\"lazy\" title=\"design-and-deployment\" srcset=\"https:\/\/www.v2s.us\/wp-content\/uploads\/2017\/02\/design-and-deployment.jpg 400w, https:\/\/www.v2s.us\/wp-content\/uploads\/2017\/02\/design-and-deployment-300x195.jpg 300w\" sizes=\"(max-width: 400px) 100vw, 400px\" \/><\/div><div class=\"phb-content text-center\" >\r\n                <h4 >Projeto e Implementa\u00e7\u00e3o<\/h4>\r\n                <p >A experi\u00eancia de nossa equipe e nossas metodologias, comprovadas ao longo dos anos, garantem a implanta\u00e7\u00e3o correta das solu\u00e7\u00f5es escolhidas<\/p><div class=\"phb-btncontainer\">\r\n                          <a href=\"https:\/\/www.v2s.us\/pt-br\/projeto-e-implementacao\/\"  title=\"\" class=\"phb-button\">Saber mais<\/a>\r\n                      <\/div><\/div><\/div><div class=\"kd-photobox shine-effect kd-animated fadeInUp \" data-animation-delay=200><div class=\"photobox-img\"><img width=\"400\" height=\"260\" src=\"https:\/\/www.v2s.us\/wp-content\/uploads\/2017\/05\/training.jpg\" class=\"attachment-full\" alt=\"\" loading=\"lazy\" title=\"training\" srcset=\"https:\/\/www.v2s.us\/wp-content\/uploads\/2017\/05\/training.jpg 400w, https:\/\/www.v2s.us\/wp-content\/uploads\/2017\/05\/training-300x195.jpg 300w\" sizes=\"(max-width: 400px) 100vw, 400px\" \/><\/div><div class=\"phb-content text-center\" >\r\n                <h4 >Suporte e Gerenciamento<\/h4>\r\n                <p >De acordo com suas necessidades, oferecemos diferentes n\u00edveis de suporte para garantir uma opera\u00e7\u00e3o \u00f3tima de suas solu\u00e7\u00f5es e gerar inteligencia de neg\u00f3cios para gerenciamento adequado<\/p><div class=\"phb-btncontainer\">\r\n                          <a href=\"https:\/\/www.v2s.us\/pt-br\/suporte-e-gerenciamento\/\"  title=\"\" class=\"phb-button\">Saber mais<\/a>\r\n                      <\/div><\/div><\/div><div class=\"kd-photobox shine-effect kd-animated fadeInUp \" data-animation-delay=200><div class=\"photobox-img\"><img width=\"400\" height=\"260\" src=\"https:\/\/www.v2s.us\/wp-content\/uploads\/2017\/05\/O9VWPK0.jpg\" class=\"attachment-full\" alt=\"\" loading=\"lazy\" title=\"O9VWPK0\" srcset=\"https:\/\/www.v2s.us\/wp-content\/uploads\/2017\/05\/O9VWPK0.jpg 400w, https:\/\/www.v2s.us\/wp-content\/uploads\/2017\/05\/O9VWPK0-300x195.jpg 300w\" sizes=\"(max-width: 400px) 100vw, 400px\" \/><\/div><div class=\"phb-content text-center\" >\r\n                <h4 >Forma\u00e7\u00e3o<\/h4>\r\n                <p >Nossos formadores, especialistas em diferentes tecnologias, o ajudam a desenvolver o conhecimento de suas solu\u00e7\u00f5es e a obter certifica\u00e7\u00f5es com programas adaptados ao seu ritmo<br \/>\n<\/p><div class=\"phb-btncontainer\">\r\n                          <a href=\"https:\/\/www.v2s.us\/pt-br\/formacao\/\"  title=\"\" class=\"phb-button\">Saber mais<\/a>\r\n                      <\/div><\/div><\/div><\/div>\r\n                <\/div><script type=\"text\/javascript\">\r\n          \t\t\t\tjQuery(document).ready(function($){\r\n                    if ($(\".photobox-carousel.kd-pbc-69e5f24a07cdf .pbc-content\").length) {\r\n                      $(\".photobox-carousel.kd-pbc-69e5f24a07cdf .pbc-content\").owlCarousel({\r\n                        itemsDesktop: [1199,4],\r\n                    \t  itemsTablet: [768,2],\r\n                    \t  itemsMobile: [479,1],\r\n                          navigation: false,\r\n                          pagination: true,autoPlay: false,stopOnHover: false,items: 4,\r\n                        addClassActive: true,\r\n                      });\r\n                    }\r\n          \t\t\t\t});\r\n          \t\t\t<\/script>[\/vc_column][\/vc_row]<\/p>\n<\/section>","protected":false},"excerpt":{"rendered":"<p>[vc_row el_class=&#8221;container&#8221; css=&#8221;.vc_custom_1495535443286{margin-top: 30px !important;}&#8221;][vc_column][\/vc_column][\/vc_row]<\/p>\n","protected":false},"author":1,"featured_media":4475,"parent":5050,"menu_order":30,"comment_status":"closed","ping_status":"closed","template":"","meta":{"_mi_skip_tracking":false},"yoast_head":"<!-- This site is optimized with the Yoast SEO plugin v19.8 - https:\/\/yoast.com\/wordpress\/plugins\/seo\/ -->\n<title>Nossos Servi\u00e7os - V2S Corporation<\/title>\n<meta name=\"robots\" content=\"index, follow, max-snippet:-1, max-image-preview:large, max-video-preview:-1\" \/>\n<link rel=\"canonical\" href=\"https:\/\/www.v2s.us\/pt-br\/inicio\/nossos-servicos\/\" \/>\n<meta property=\"og:locale\" content=\"pt_BR\" \/>\n<meta property=\"og:type\" content=\"article\" \/>\n<meta property=\"og:title\" content=\"Nossos Servi\u00e7os - V2S Corporation\" \/>\n<meta property=\"og:description\" content=\"[vc_row el_class=&#8221;container&#8221; css=&#8221;.vc_custom_1495535443286{margin-top: 30px !important;}&#8221;][vc_column][\/vc_column][\/vc_row]\" \/>\n<meta property=\"og:url\" content=\"https:\/\/www.v2s.us\/pt-br\/inicio\/nossos-servicos\/\" \/>\n<meta property=\"og:site_name\" content=\"V2S Corporation\" \/>\n<meta property=\"article:modified_time\" content=\"2018-11-27T10:06:02+00:00\" \/>\n<meta property=\"og:image\" content=\"https:\/\/www.v2s.us\/wp-content\/uploads\/2017\/05\/OGDRZK0.jpg\" \/>\n\t<meta property=\"og:image:width\" content=\"1920\" \/>\n\t<meta property=\"og:image:height\" content=\"1000\" \/>\n\t<meta property=\"og:image:type\" content=\"image\/jpeg\" \/>\n<meta name=\"twitter:card\" content=\"summary_large_image\" \/>\n<meta name=\"twitter:label1\" content=\"Est. tempo de leitura\" \/>\n\t<meta name=\"twitter:data1\" content=\"2 minutos\" \/>\n<script type=\"application\/ld+json\" class=\"yoast-schema-graph\">{\"@context\":\"https:\/\/schema.org\",\"@graph\":[{\"@type\":\"WebPage\",\"@id\":\"https:\/\/www.v2s.us\/pt-br\/inicio\/nossos-servicos\/\",\"url\":\"https:\/\/www.v2s.us\/pt-br\/inicio\/nossos-servicos\/\",\"name\":\"Nossos Servi\u00e7os - V2S Corporation\",\"isPartOf\":{\"@id\":\"https:\/\/www.v2s.us\/#website\"},\"datePublished\":\"2018-11-26T23:16:29+00:00\",\"dateModified\":\"2018-11-27T10:06:02+00:00\",\"breadcrumb\":{\"@id\":\"https:\/\/www.v2s.us\/pt-br\/inicio\/nossos-servicos\/#breadcrumb\"},\"inLanguage\":\"pt-BR\",\"potentialAction\":[{\"@type\":\"ReadAction\",\"target\":[\"https:\/\/www.v2s.us\/pt-br\/inicio\/nossos-servicos\/\"]}]},{\"@type\":\"BreadcrumbList\",\"@id\":\"https:\/\/www.v2s.us\/pt-br\/inicio\/nossos-servicos\/#breadcrumb\",\"itemListElement\":[{\"@type\":\"ListItem\",\"position\":1,\"name\":\"Home\",\"item\":\"https:\/\/www.v2s.us\/pt-br\/\"},{\"@type\":\"ListItem\",\"position\":2,\"name\":\"In\u00edcio\",\"item\":\"https:\/\/www.v2s.us\/pt-br\/\"},{\"@type\":\"ListItem\",\"position\":3,\"name\":\"Nossos Servi\u00e7os\"}]},{\"@type\":\"WebSite\",\"@id\":\"https:\/\/www.v2s.us\/#website\",\"url\":\"https:\/\/www.v2s.us\/\",\"name\":\"V2S Corporation\",\"description\":\"Add value to Digital Transformation\",\"potentialAction\":[{\"@type\":\"SearchAction\",\"target\":{\"@type\":\"EntryPoint\",\"urlTemplate\":\"https:\/\/www.v2s.us\/?s={search_term_string}\"},\"query-input\":\"required name=search_term_string\"}],\"inLanguage\":\"pt-BR\"}]}<\/script>\n<!-- \/ Yoast SEO plugin. -->","yoast_head_json":{"title":"Nossos Servi\u00e7os - V2S Corporation","robots":{"index":"index","follow":"follow","max-snippet":"max-snippet:-1","max-image-preview":"max-image-preview:large","max-video-preview":"max-video-preview:-1"},"canonical":"https:\/\/www.v2s.us\/pt-br\/inicio\/nossos-servicos\/","og_locale":"pt_BR","og_type":"article","og_title":"Nossos Servi\u00e7os - V2S Corporation","og_description":"[vc_row el_class=&#8221;container&#8221; css=&#8221;.vc_custom_1495535443286{margin-top: 30px !important;}&#8221;][vc_column][\/vc_column][\/vc_row]","og_url":"https:\/\/www.v2s.us\/pt-br\/inicio\/nossos-servicos\/","og_site_name":"V2S Corporation","article_modified_time":"2018-11-27T10:06:02+00:00","og_image":[{"width":1920,"height":1000,"url":"https:\/\/www.v2s.us\/wp-content\/uploads\/2017\/05\/OGDRZK0.jpg","type":"image\/jpeg"}],"twitter_card":"summary_large_image","twitter_misc":{"Est. tempo de leitura":"2 minutos"},"schema":{"@context":"https:\/\/schema.org","@graph":[{"@type":"WebPage","@id":"https:\/\/www.v2s.us\/pt-br\/inicio\/nossos-servicos\/","url":"https:\/\/www.v2s.us\/pt-br\/inicio\/nossos-servicos\/","name":"Nossos Servi\u00e7os - V2S Corporation","isPartOf":{"@id":"https:\/\/www.v2s.us\/#website"},"datePublished":"2018-11-26T23:16:29+00:00","dateModified":"2018-11-27T10:06:02+00:00","breadcrumb":{"@id":"https:\/\/www.v2s.us\/pt-br\/inicio\/nossos-servicos\/#breadcrumb"},"inLanguage":"pt-BR","potentialAction":[{"@type":"ReadAction","target":["https:\/\/www.v2s.us\/pt-br\/inicio\/nossos-servicos\/"]}]},{"@type":"BreadcrumbList","@id":"https:\/\/www.v2s.us\/pt-br\/inicio\/nossos-servicos\/#breadcrumb","itemListElement":[{"@type":"ListItem","position":1,"name":"Home","item":"https:\/\/www.v2s.us\/pt-br\/"},{"@type":"ListItem","position":2,"name":"In\u00edcio","item":"https:\/\/www.v2s.us\/pt-br\/"},{"@type":"ListItem","position":3,"name":"Nossos Servi\u00e7os"}]},{"@type":"WebSite","@id":"https:\/\/www.v2s.us\/#website","url":"https:\/\/www.v2s.us\/","name":"V2S Corporation","description":"Add value to Digital Transformation","potentialAction":[{"@type":"SearchAction","target":{"@type":"EntryPoint","urlTemplate":"https:\/\/www.v2s.us\/?s={search_term_string}"},"query-input":"required name=search_term_string"}],"inLanguage":"pt-BR"}]}},"_links":{"self":[{"href":"https:\/\/www.v2s.us\/pt-br\/wp-json\/wp\/v2\/pages\/5116\/"}],"collection":[{"href":"https:\/\/www.v2s.us\/pt-br\/wp-json\/wp\/v2\/pages\/"}],"about":[{"href":"https:\/\/www.v2s.us\/pt-br\/wp-json\/wp\/v2\/types\/page\/"}],"author":[{"embeddable":true,"href":"https:\/\/www.v2s.us\/pt-br\/wp-json\/wp\/v2\/users\/1\/"}],"replies":[{"embeddable":true,"href":"https:\/\/www.v2s.us\/pt-br\/wp-json\/wp\/v2\/comments\/?post=5116"}],"version-history":[{"count":2,"href":"https:\/\/www.v2s.us\/pt-br\/wp-json\/wp\/v2\/pages\/5116\/revisions\/"}],"predecessor-version":[{"id":5126,"href":"https:\/\/www.v2s.us\/pt-br\/wp-json\/wp\/v2\/pages\/5116\/revisions\/5126\/"}],"up":[{"embeddable":true,"href":"https:\/\/www.v2s.us\/pt-br\/wp-json\/wp\/v2\/pages\/5050\/"}],"wp:featuredmedia":[{"embeddable":true,"href":"https:\/\/www.v2s.us\/pt-br\/wp-json\/wp\/v2\/media\/4475\/"}],"wp:attachment":[{"href":"https:\/\/www.v2s.us\/pt-br\/wp-json\/wp\/v2\/media\/?parent=5116"}],"curies":[{"name":"wp","href":"https:\/\/api.w.org\/{rel}","templated":true}]}}