{"id":5120,"date":"2018-11-26T23:19:13","date_gmt":"2018-11-26T23:19:13","guid":{"rendered":"https:\/\/www.v2s.us\/inicio\/contacte-conosco\/"},"modified":"2018-11-27T15:57:35","modified_gmt":"2018-11-27T15:57:35","slug":"contacte-conosco","status":"publish","type":"page","link":"https:\/\/www.v2s.us\/pt-br\/inicio\/contacte-conosco\/","title":{"rendered":"Contate conosco"},"content":{"rendered":"<section class=\"wpb-content-wrapper\"><p>[vc_row][vc_column width=&#8221;1\/2&#8243; css=&#8221;.vc_custom_1486488952936{padding-left: 0px !important;}&#8221;][vc_row_inner css=&#8221;.vc_custom_1486488956903{padding-left: 0px !important;}&#8221;][vc_column_inner width=&#8221;9\/12&#8243; css=&#8221;.vc_custom_1486489057959{padding-left: 0px !important;}&#8221;][vc_custom_heading text=&#8221;Contate conosco&#8221; font_container=&#8221;tag:h3|font_size:22|text_align:left&#8221; use_theme_fonts=&#8221;yes&#8221;][vc_column_text css=&#8221;.vc_custom_1543314153243{margin-bottom: 0px !important;}&#8221;]Entre em contato conosco para podermos lhe ajudar em sua transforma\u00e7\u00e3o digital. Nossa equipe ter\u00e1 prazer em trabalhar com voc\u00ea.[\/vc_column_text][vc_separator color=&#8221;custom&#8221; align=&#8221;align_left&#8221; border_width=&#8221;2&#8243; el_width=&#8221;10&#8243; css=&#8221;.vc_custom_1494666856236{margin-top: 35px !important;}&#8221;]<a style=\"width:px\" href=\"mailto:contact@v2s.us\"  target=\"_self\"  title=\"\" class=\"tt_button tt_secondary_button  pull-left kd-animated zoomIn mb2\" data-animation-delay=200><span class=\"prim_text\">Fale Conosco<\/span><\/a>[\/vc_column_inner][vc_column_inner width=&#8221;3\/12&#8243;][\/vc_column_inner][\/vc_row_inner][\/vc_column][vc_column width=&#8221;1\/2&#8243;][vc_column_text]<div class=\"wpforms-container wpforms-container-full\" id=\"wpforms-5138\"><form id=\"wpforms-form-5138\" class=\"wpforms-validate wpforms-form\" data-formid=\"5138\" method=\"post\" enctype=\"multipart\/form-data\" action=\"\/pt-br\/wp-json\/wp\/v2\/pages\/5120\/\" data-token=\"c96bd6180971cdc8f923a0a224af4cef\"><noscript class=\"wpforms-error-noscript\">Ative o JavaScript no seu navegador para preencher este formul\u00e1rio.<\/noscript><div class=\"wpforms-field-container\"><div id=\"wpforms-5138-field_0-container\" class=\"wpforms-field wpforms-field-name\" data-field-id=\"0\"><label class=\"wpforms-field-label\" for=\"wpforms-5138-field_0\">Nome <span class=\"wpforms-required-label\">*<\/span><\/label><input type=\"text\" id=\"wpforms-5138-field_0\" class=\"wpforms-field-medium wpforms-field-required\" name=\"wpforms[fields][0]\" placeholder=\"Seu nome\" required><\/div><div id=\"wpforms-5138-field_3-container\" class=\"wpforms-field wpforms-field-text\" data-field-id=\"3\"><label class=\"wpforms-field-label\" for=\"wpforms-5138-field_3\">Empresa <span class=\"wpforms-required-label\">*<\/span><\/label><input type=\"text\" id=\"wpforms-5138-field_3\" class=\"wpforms-field-medium wpforms-field-required\" name=\"wpforms[fields][3]\" placeholder=\"Sua empresa\" required><\/div><div id=\"wpforms-5138-field_1-container\" class=\"wpforms-field wpforms-field-email\" data-field-id=\"1\"><label class=\"wpforms-field-label\" for=\"wpforms-5138-field_1\">E-mail <span class=\"wpforms-required-label\">*<\/span><\/label><input type=\"email\" id=\"wpforms-5138-field_1\" class=\"wpforms-field-medium wpforms-field-required\" name=\"wpforms[fields][1]\" placeholder=\"Seu e-mail\" required><\/div><div id=\"wpforms-5138-field_2-container\" class=\"wpforms-field wpforms-field-textarea\" data-field-id=\"2\"><label class=\"wpforms-field-label\" for=\"wpforms-5138-field_2\">Mensagem <span class=\"wpforms-required-label\">*<\/span><\/label><textarea id=\"wpforms-5138-field_2\" class=\"wpforms-field-medium wpforms-field-required\" name=\"wpforms[fields][2]\" placeholder=\"Escreva aqui a sua mensagem\" required><\/textarea><\/div><\/div><div class=\"wpforms-field wpforms-field-hp\"><label for=\"wpforms-5138-field-hp\" class=\"wpforms-field-label\">Phone<\/label><input type=\"text\" name=\"wpforms[hp]\" id=\"wpforms-5138-field-hp\" class=\"wpforms-field-medium\"><\/div><div class=\"wpforms-recaptcha-container wpforms-is-recaptcha\"><div class=\"g-recaptcha\" data-sitekey=\"6LdlxYAcAAAAAB8Is8r3N7YtW_l2isXo-nWkMnHg\"><\/div><input type=\"text\" name=\"g-recaptcha-hidden\" class=\"wpforms-recaptcha-hidden\" style=\"position:absolute!important;clip:rect(0,0,0,0)!important;height:1px!important;width:1px!important;border:0!important;overflow:hidden!important;padding:0!important;margin:0!important;\" required><\/div><div class=\"wpforms-submit-container\"><input type=\"hidden\" name=\"wpforms[id]\" value=\"5138\"><input type=\"hidden\" name=\"wpforms[author]\" value=\"1\"><button type=\"submit\" name=\"wpforms[submit]\" id=\"wpforms-submit-5138\" class=\"wpforms-submit\" data-alt-text=\"Enviando...\" data-submit-text=\"Enviar\" aria-live=\"assertive\" value=\"wpforms-submit\">Enviar<\/button><\/div><\/form><\/div>  <!-- .wpforms-container -->[\/vc_column_text][\/vc_column][\/vc_row]<\/p>\n<\/section>","protected":false},"excerpt":{"rendered":"<p>[vc_row][vc_column width=&#8221;1\/2&#8243; css=&#8221;.vc_custom_1486488952936{padding-left: 0px !important;}&#8221;][vc_row_inner css=&#8221;.vc_custom_1486488956903{padding-left: 0px !important;}&#8221;][vc_column_inner width=&#8221;9\/12&#8243; css=&#8221;.vc_custom_1486489057959{padding-left: 0px !important;}&#8221;][vc_custom_heading text=&#8221;Contate conosco&#8221; font_container=&#8221;tag:h3|font_size:22|text_align:left&#8221; use_theme_fonts=&#8221;yes&#8221;][vc_column_text css=&#8221;.vc_custom_1543314153243{margin-bottom: 0px !important;}&#8221;]Entre em contato conosco para [&hellip;]<\/p>\n","protected":false},"author":1,"featured_media":0,"parent":5050,"menu_order":80,"comment_status":"closed","ping_status":"closed","template":"","meta":{"_mi_skip_tracking":false},"yoast_head":"<!-- This site is optimized with the Yoast SEO plugin v19.8 - https:\/\/yoast.com\/wordpress\/plugins\/seo\/ -->\n<title>Contate conosco - V2S Corporation<\/title>\n<meta name=\"robots\" content=\"index, follow, max-snippet:-1, max-image-preview:large, max-video-preview:-1\" \/>\n<link rel=\"canonical\" href=\"https:\/\/www.v2s.us\/pt-br\/inicio\/contacte-conosco\/\" \/>\n<meta property=\"og:locale\" content=\"pt_BR\" \/>\n<meta property=\"og:type\" content=\"article\" \/>\n<meta property=\"og:title\" content=\"Contate conosco - V2S Corporation\" \/>\n<meta property=\"og:description\" content=\"[vc_row][vc_column width=&#8221;1\/2&#8243; css=&#8221;.vc_custom_1486488952936{padding-left: 0px !important;}&#8221;][vc_row_inner css=&#8221;.vc_custom_1486488956903{padding-left: 0px !important;}&#8221;][vc_column_inner width=&#8221;9\/12&#8243; css=&#8221;.vc_custom_1486489057959{padding-left: 0px !important;}&#8221;][vc_custom_heading text=&#8221;Contate conosco&#8221; font_container=&#8221;tag:h3|font_size:22|text_align:left&#8221; use_theme_fonts=&#8221;yes&#8221;][vc_column_text css=&#8221;.vc_custom_1543314153243{margin-bottom: 0px !important;}&#8221;]Entre em contato conosco para [&hellip;]\" \/>\n<meta property=\"og:url\" content=\"https:\/\/www.v2s.us\/pt-br\/inicio\/contacte-conosco\/\" \/>\n<meta property=\"og:site_name\" content=\"V2S Corporation\" \/>\n<meta property=\"article:modified_time\" content=\"2018-11-27T15:57:35+00:00\" \/>\n<meta name=\"twitter:card\" content=\"summary_large_image\" \/>\n<meta name=\"twitter:label1\" content=\"Est. tempo de leitura\" \/>\n\t<meta name=\"twitter:data1\" content=\"1 minuto\" \/>\n<script type=\"application\/ld+json\" class=\"yoast-schema-graph\">{\"@context\":\"https:\/\/schema.org\",\"@graph\":[{\"@type\":\"WebPage\",\"@id\":\"https:\/\/www.v2s.us\/pt-br\/inicio\/contacte-conosco\/\",\"url\":\"https:\/\/www.v2s.us\/pt-br\/inicio\/contacte-conosco\/\",\"name\":\"Contate conosco - V2S Corporation\",\"isPartOf\":{\"@id\":\"https:\/\/www.v2s.us\/#website\"},\"datePublished\":\"2018-11-26T23:19:13+00:00\",\"dateModified\":\"2018-11-27T15:57:35+00:00\",\"breadcrumb\":{\"@id\":\"https:\/\/www.v2s.us\/pt-br\/inicio\/contacte-conosco\/#breadcrumb\"},\"inLanguage\":\"pt-BR\",\"potentialAction\":[{\"@type\":\"ReadAction\",\"target\":[\"https:\/\/www.v2s.us\/pt-br\/inicio\/contacte-conosco\/\"]}]},{\"@type\":\"BreadcrumbList\",\"@id\":\"https:\/\/www.v2s.us\/pt-br\/inicio\/contacte-conosco\/#breadcrumb\",\"itemListElement\":[{\"@type\":\"ListItem\",\"position\":1,\"name\":\"Home\",\"item\":\"https:\/\/www.v2s.us\/pt-br\/\"},{\"@type\":\"ListItem\",\"position\":2,\"name\":\"In\u00edcio\",\"item\":\"https:\/\/www.v2s.us\/pt-br\/\"},{\"@type\":\"ListItem\",\"position\":3,\"name\":\"Contate conosco\"}]},{\"@type\":\"WebSite\",\"@id\":\"https:\/\/www.v2s.us\/#website\",\"url\":\"https:\/\/www.v2s.us\/\",\"name\":\"V2S Corporation\",\"description\":\"Add value to Digital Transformation\",\"potentialAction\":[{\"@type\":\"SearchAction\",\"target\":{\"@type\":\"EntryPoint\",\"urlTemplate\":\"https:\/\/www.v2s.us\/?s={search_term_string}\"},\"query-input\":\"required name=search_term_string\"}],\"inLanguage\":\"pt-BR\"}]}<\/script>\n<!-- \/ Yoast SEO plugin. -->","yoast_head_json":{"title":"Contate conosco - V2S Corporation","robots":{"index":"index","follow":"follow","max-snippet":"max-snippet:-1","max-image-preview":"max-image-preview:large","max-video-preview":"max-video-preview:-1"},"canonical":"https:\/\/www.v2s.us\/pt-br\/inicio\/contacte-conosco\/","og_locale":"pt_BR","og_type":"article","og_title":"Contate conosco - V2S Corporation","og_description":"[vc_row][vc_column width=&#8221;1\/2&#8243; css=&#8221;.vc_custom_1486488952936{padding-left: 0px !important;}&#8221;][vc_row_inner css=&#8221;.vc_custom_1486488956903{padding-left: 0px !important;}&#8221;][vc_column_inner width=&#8221;9\/12&#8243; css=&#8221;.vc_custom_1486489057959{padding-left: 0px !important;}&#8221;][vc_custom_heading text=&#8221;Contate conosco&#8221; font_container=&#8221;tag:h3|font_size:22|text_align:left&#8221; use_theme_fonts=&#8221;yes&#8221;][vc_column_text css=&#8221;.vc_custom_1543314153243{margin-bottom: 0px !important;}&#8221;]Entre em contato conosco para [&hellip;]","og_url":"https:\/\/www.v2s.us\/pt-br\/inicio\/contacte-conosco\/","og_site_name":"V2S Corporation","article_modified_time":"2018-11-27T15:57:35+00:00","twitter_card":"summary_large_image","twitter_misc":{"Est. tempo de leitura":"1 minuto"},"schema":{"@context":"https:\/\/schema.org","@graph":[{"@type":"WebPage","@id":"https:\/\/www.v2s.us\/pt-br\/inicio\/contacte-conosco\/","url":"https:\/\/www.v2s.us\/pt-br\/inicio\/contacte-conosco\/","name":"Contate conosco - V2S Corporation","isPartOf":{"@id":"https:\/\/www.v2s.us\/#website"},"datePublished":"2018-11-26T23:19:13+00:00","dateModified":"2018-11-27T15:57:35+00:00","breadcrumb":{"@id":"https:\/\/www.v2s.us\/pt-br\/inicio\/contacte-conosco\/#breadcrumb"},"inLanguage":"pt-BR","potentialAction":[{"@type":"ReadAction","target":["https:\/\/www.v2s.us\/pt-br\/inicio\/contacte-conosco\/"]}]},{"@type":"BreadcrumbList","@id":"https:\/\/www.v2s.us\/pt-br\/inicio\/contacte-conosco\/#breadcrumb","itemListElement":[{"@type":"ListItem","position":1,"name":"Home","item":"https:\/\/www.v2s.us\/pt-br\/"},{"@type":"ListItem","position":2,"name":"In\u00edcio","item":"https:\/\/www.v2s.us\/pt-br\/"},{"@type":"ListItem","position":3,"name":"Contate conosco"}]},{"@type":"WebSite","@id":"https:\/\/www.v2s.us\/#website","url":"https:\/\/www.v2s.us\/","name":"V2S Corporation","description":"Add value to Digital Transformation","potentialAction":[{"@type":"SearchAction","target":{"@type":"EntryPoint","urlTemplate":"https:\/\/www.v2s.us\/?s={search_term_string}"},"query-input":"required name=search_term_string"}],"inLanguage":"pt-BR"}]}},"_links":{"self":[{"href":"https:\/\/www.v2s.us\/pt-br\/wp-json\/wp\/v2\/pages\/5120\/"}],"collection":[{"href":"https:\/\/www.v2s.us\/pt-br\/wp-json\/wp\/v2\/pages\/"}],"about":[{"href":"https:\/\/www.v2s.us\/pt-br\/wp-json\/wp\/v2\/types\/page\/"}],"author":[{"embeddable":true,"href":"https:\/\/www.v2s.us\/pt-br\/wp-json\/wp\/v2\/users\/1\/"}],"replies":[{"embeddable":true,"href":"https:\/\/www.v2s.us\/pt-br\/wp-json\/wp\/v2\/comments\/?post=5120"}],"version-history":[{"count":4,"href":"https:\/\/www.v2s.us\/pt-br\/wp-json\/wp\/v2\/pages\/5120\/revisions\/"}],"predecessor-version":[{"id":5189,"href":"https:\/\/www.v2s.us\/pt-br\/wp-json\/wp\/v2\/pages\/5120\/revisions\/5189\/"}],"up":[{"embeddable":true,"href":"https:\/\/www.v2s.us\/pt-br\/wp-json\/wp\/v2\/pages\/5050\/"}],"wp:attachment":[{"href":"https:\/\/www.v2s.us\/pt-br\/wp-json\/wp\/v2\/media\/?parent=5120"}],"curies":[{"name":"wp","href":"https:\/\/api.w.org\/{rel}","templated":true}]}}