{"id":5258,"date":"2021-04-29T10:35:09","date_gmt":"2021-04-29T10:35:09","guid":{"rendered":"https:\/\/www.v2s.us\/politica-de-privacidade-2\/"},"modified":"2021-04-29T10:45:49","modified_gmt":"2021-04-29T10:45:49","slug":"politica-de-privacidade-2","status":"publish","type":"page","link":"https:\/\/www.v2s.us\/pt-br\/politica-de-privacidade-2\/","title":{"rendered":"Pol\u00edtica de Privacidade"},"content":{"rendered":"<section class=\"wpb-content-wrapper\"><p>[vc_row][vc_column][vc_column_text]<\/p>\n<h3>Tratamento de Dados<\/h3>\n<p>A garantia da confidencialidade dos dados pessoais dos utilizadores do site V2S Corporation \u00e9 de extrema relev\u00e2ncia para n\u00f3s.<br \/>\nTodas as informa\u00e7\u00f5es pessoais relativas a colaboradores, clientes ou visitantes que usem o site V2S Corporation ser\u00e3o tratadas em conson\u00e2ncia com a Lei da Prote\u00e7\u00e3o de Dados Pessoais de 26 de outubro de 1998 (Lei n.\u00ba 67\/98).<br \/>\nA informa\u00e7\u00e3o pessoal recolhida inclui o nome, e-mail, n\u00famero de telefone e\/ou telem\u00f3vel, morada fiscal e\/ou morada do destinat\u00e1rio, data de nascimento, n\u00famero de contribuinte, entre outros. A V2S Corporation ir\u00e1 recolher os seus dados para fins informativos, para fatura\u00e7\u00e3o, expedi\u00e7\u00e3o de encomendas e para fins comerciais atrav\u00e9s de campanhas de E-mail Marketing.<\/p>\n<p>Ao utilizar o nosso site assumimos que leu e aceitou este Acordo de Privacidade.<br \/>\nA Pol\u00edtica de Privacidade poder\u00e1 sofrer altera\u00e7\u00f5es, sendo que iremos avisar previamente, no entanto recomendamos a sua consulta com regularidade para que esteja bem informado.<br \/>\nTodas as informa\u00e7\u00f5es pessoais recolhidas, ser\u00e3o utilizadas para ajudar a tornar a experi\u00eancia no nosso site mais adequada e agrad\u00e1vel para os nossos visitantes.<\/p>\n<h3><strong>Os An\u00fancios<\/strong><\/h3>\n<p>Como outros websites, recolhemos e usamos a informa\u00e7\u00e3o contida nos an\u00fancios. Essa informa\u00e7\u00e3o, inclui o seu endere\u00e7o IP (Internet Protocol), o seu ISP (Internet Service Provider, como o Sapo, Clix ou outro), o browser que utilizou ao visitar o nosso website (como o Internet Explorer, Google Chrome ou o Firefox), o tempo da sua visita e que p\u00e1ginas visitou dentro do nosso website, garantindo assim a utiliza\u00e7\u00e3o do nosso site mais apropriada para cada visitante.<\/p>\n<h3><strong>Liga\u00e7\u00f5es a Sites de Terceiros<\/strong><\/h3>\n<p>A V2S Corporation possui liga\u00e7\u00f5es (links) para outros sites, os quais cont\u00eam informa\u00e7\u00f5es relevantes para os nossos utilizadores. No caso de visitar outro site atrav\u00e9s do nosso, dever\u00e1 ler a Pol\u00edtica de Privacidade dos mesmos, pois a nossa n\u00e3o lhes \u00e9 aplicada, por conseguinte n\u00e3o nos responsabilizamos pela Pol\u00edtica de Privacidade ou conte\u00fado presente nesses mesmos sites.[\/vc_column_text][\/vc_column][\/vc_row]<\/p>\n<\/section>","protected":false},"excerpt":{"rendered":"<p>[vc_row][vc_column][vc_column_text] Tratamento de Dados A garantia da confidencialidade dos dados pessoais dos utilizadores do site V2S Corporation \u00e9 de extrema relev\u00e2ncia para n\u00f3s. [&hellip;]<\/p>\n","protected":false},"author":1,"featured_media":4943,"parent":0,"menu_order":0,"comment_status":"closed","ping_status":"closed","template":"","meta":{"_mi_skip_tracking":false},"yoast_head":"<!-- This site is optimized with the Yoast SEO plugin v19.8 - https:\/\/yoast.com\/wordpress\/plugins\/seo\/ -->\n<title>Pol\u00edtica de Privacidade - V2S Corporation<\/title>\n<meta name=\"robots\" content=\"index, follow, max-snippet:-1, max-image-preview:large, max-video-preview:-1\" \/>\n<link rel=\"canonical\" href=\"https:\/\/www.v2s.us\/pt-br\/politica-de-privacidade-2\/\" \/>\n<meta property=\"og:locale\" content=\"pt_BR\" \/>\n<meta property=\"og:type\" content=\"article\" \/>\n<meta property=\"og:title\" content=\"Pol\u00edtica de Privacidade - V2S Corporation\" \/>\n<meta property=\"og:description\" content=\"[vc_row][vc_column][vc_column_text] Tratamento de Dados A garantia da confidencialidade dos dados pessoais dos utilizadores do site V2S Corporation \u00e9 de extrema relev\u00e2ncia para n\u00f3s. [&hellip;]\" \/>\n<meta property=\"og:url\" content=\"https:\/\/www.v2s.us\/pt-br\/politica-de-privacidade-2\/\" \/>\n<meta property=\"og:site_name\" content=\"V2S Corporation\" \/>\n<meta property=\"article:modified_time\" content=\"2021-04-29T10:45:49+00:00\" \/>\n<meta property=\"og:image\" content=\"https:\/\/www.v2s.us\/wp-content\/uploads\/2017\/10\/v2s-privacy-policy.jpg\" \/>\n\t<meta property=\"og:image:width\" content=\"1600\" \/>\n\t<meta property=\"og:image:height\" content=\"518\" \/>\n\t<meta property=\"og:image:type\" content=\"image\/jpeg\" \/>\n<meta name=\"twitter:card\" content=\"summary_large_image\" \/>\n<meta name=\"twitter:label1\" content=\"Est. tempo de leitura\" \/>\n\t<meta name=\"twitter:data1\" content=\"2 minutos\" \/>\n<script type=\"application\/ld+json\" class=\"yoast-schema-graph\">{\"@context\":\"https:\/\/schema.org\",\"@graph\":[{\"@type\":\"WebPage\",\"@id\":\"https:\/\/www.v2s.us\/pt-br\/politica-de-privacidade-2\/\",\"url\":\"https:\/\/www.v2s.us\/pt-br\/politica-de-privacidade-2\/\",\"name\":\"Pol\u00edtica de Privacidade - V2S Corporation\",\"isPartOf\":{\"@id\":\"https:\/\/www.v2s.us\/#website\"},\"datePublished\":\"2021-04-29T10:35:09+00:00\",\"dateModified\":\"2021-04-29T10:45:49+00:00\",\"breadcrumb\":{\"@id\":\"https:\/\/www.v2s.us\/pt-br\/politica-de-privacidade-2\/#breadcrumb\"},\"inLanguage\":\"pt-BR\",\"potentialAction\":[{\"@type\":\"ReadAction\",\"target\":[\"https:\/\/www.v2s.us\/pt-br\/politica-de-privacidade-2\/\"]}]},{\"@type\":\"BreadcrumbList\",\"@id\":\"https:\/\/www.v2s.us\/pt-br\/politica-de-privacidade-2\/#breadcrumb\",\"itemListElement\":[{\"@type\":\"ListItem\",\"position\":1,\"name\":\"Home\",\"item\":\"https:\/\/www.v2s.us\/pt-br\/\"},{\"@type\":\"ListItem\",\"position\":2,\"name\":\"Pol\u00edtica de Privacidade\"}]},{\"@type\":\"WebSite\",\"@id\":\"https:\/\/www.v2s.us\/#website\",\"url\":\"https:\/\/www.v2s.us\/\",\"name\":\"V2S Corporation\",\"description\":\"Add value to Digital Transformation\",\"potentialAction\":[{\"@type\":\"SearchAction\",\"target\":{\"@type\":\"EntryPoint\",\"urlTemplate\":\"https:\/\/www.v2s.us\/?s={search_term_string}\"},\"query-input\":\"required name=search_term_string\"}],\"inLanguage\":\"pt-BR\"}]}<\/script>\n<!-- \/ Yoast SEO plugin. -->","yoast_head_json":{"title":"Pol\u00edtica de Privacidade - V2S Corporation","robots":{"index":"index","follow":"follow","max-snippet":"max-snippet:-1","max-image-preview":"max-image-preview:large","max-video-preview":"max-video-preview:-1"},"canonical":"https:\/\/www.v2s.us\/pt-br\/politica-de-privacidade-2\/","og_locale":"pt_BR","og_type":"article","og_title":"Pol\u00edtica de Privacidade - V2S Corporation","og_description":"[vc_row][vc_column][vc_column_text] Tratamento de Dados A garantia da confidencialidade dos dados pessoais dos utilizadores do site V2S Corporation \u00e9 de extrema relev\u00e2ncia para n\u00f3s. [&hellip;]","og_url":"https:\/\/www.v2s.us\/pt-br\/politica-de-privacidade-2\/","og_site_name":"V2S Corporation","article_modified_time":"2021-04-29T10:45:49+00:00","og_image":[{"width":1600,"height":518,"url":"https:\/\/www.v2s.us\/wp-content\/uploads\/2017\/10\/v2s-privacy-policy.jpg","type":"image\/jpeg"}],"twitter_card":"summary_large_image","twitter_misc":{"Est. tempo de leitura":"2 minutos"},"schema":{"@context":"https:\/\/schema.org","@graph":[{"@type":"WebPage","@id":"https:\/\/www.v2s.us\/pt-br\/politica-de-privacidade-2\/","url":"https:\/\/www.v2s.us\/pt-br\/politica-de-privacidade-2\/","name":"Pol\u00edtica de Privacidade - V2S Corporation","isPartOf":{"@id":"https:\/\/www.v2s.us\/#website"},"datePublished":"2021-04-29T10:35:09+00:00","dateModified":"2021-04-29T10:45:49+00:00","breadcrumb":{"@id":"https:\/\/www.v2s.us\/pt-br\/politica-de-privacidade-2\/#breadcrumb"},"inLanguage":"pt-BR","potentialAction":[{"@type":"ReadAction","target":["https:\/\/www.v2s.us\/pt-br\/politica-de-privacidade-2\/"]}]},{"@type":"BreadcrumbList","@id":"https:\/\/www.v2s.us\/pt-br\/politica-de-privacidade-2\/#breadcrumb","itemListElement":[{"@type":"ListItem","position":1,"name":"Home","item":"https:\/\/www.v2s.us\/pt-br\/"},{"@type":"ListItem","position":2,"name":"Pol\u00edtica de Privacidade"}]},{"@type":"WebSite","@id":"https:\/\/www.v2s.us\/#website","url":"https:\/\/www.v2s.us\/","name":"V2S Corporation","description":"Add value to Digital Transformation","potentialAction":[{"@type":"SearchAction","target":{"@type":"EntryPoint","urlTemplate":"https:\/\/www.v2s.us\/?s={search_term_string}"},"query-input":"required name=search_term_string"}],"inLanguage":"pt-BR"}]}},"_links":{"self":[{"href":"https:\/\/www.v2s.us\/pt-br\/wp-json\/wp\/v2\/pages\/5258\/"}],"collection":[{"href":"https:\/\/www.v2s.us\/pt-br\/wp-json\/wp\/v2\/pages\/"}],"about":[{"href":"https:\/\/www.v2s.us\/pt-br\/wp-json\/wp\/v2\/types\/page\/"}],"author":[{"embeddable":true,"href":"https:\/\/www.v2s.us\/pt-br\/wp-json\/wp\/v2\/users\/1\/"}],"replies":[{"embeddable":true,"href":"https:\/\/www.v2s.us\/pt-br\/wp-json\/wp\/v2\/comments\/?post=5258"}],"version-history":[{"count":1,"href":"https:\/\/www.v2s.us\/pt-br\/wp-json\/wp\/v2\/pages\/5258\/revisions\/"}],"predecessor-version":[{"id":5259,"href":"https:\/\/www.v2s.us\/pt-br\/wp-json\/wp\/v2\/pages\/5258\/revisions\/5259\/"}],"wp:featuredmedia":[{"embeddable":true,"href":"https:\/\/www.v2s.us\/pt-br\/wp-json\/wp\/v2\/media\/4943\/"}],"wp:attachment":[{"href":"https:\/\/www.v2s.us\/pt-br\/wp-json\/wp\/v2\/media\/?parent=5258"}],"curies":[{"name":"wp","href":"https:\/\/api.w.org\/{rel}","templated":true}]}}